{"id":110,"date":"2023-09-22T11:06:27","date_gmt":"2023-09-22T11:06:27","guid":{"rendered":"https:\/\/nembutalhouse.com\/weed\/?post_type=product&#038;p=110"},"modified":"2023-10-07T09:38:27","modified_gmt":"2023-10-07T09:38:27","slug":"grand-daddy-purple","status":"publish","type":"product","link":"https:\/\/wietkoopwinkel.com\/hu\/termek\/grand-daddy-purple\/","title":{"rendered":"Grand Daddy Purple"},"content":{"rendered":"<h2>A Granddaddy Purple \u00edzei \u00e9s illatai<\/h2>\n<p>T\u00f6bb felhaszn\u00e1l\u00f3 szerint a Granddaddy Purps er\u0151s bogy\u00f3s gy\u00fcm\u00f6lcs\u00f6k \u00e9s sz\u0151l\u0151 illat\u00e1val rendelkezik. Ken Estes ezzel szemben arr\u00f3l a kijelent\u00e9s\u00e9r\u0151l ismert, hogy a GDP \"lila illat\u00fa - mindig azt hittem, hogy a lila egy sz\u00edn, de most m\u00e1r azt hiszem, hogy ez egy illat!\". Val\u00f3sz\u00edn\u0171leg arra utalt, amit egyesek jellegzetes vir\u00e1gos illatk\u00e9nt \u00edrnak le, p\u00e9zsma, \u00e9tcsokol\u00e1d\u00e9 \u00e9s r\u00f3zsa jegyeivel.<\/p>\n<h3>A Granddaddy Purple a legismertebb terp\u00e9neket tartalmazza, t\u00f6bbek k\u00f6z\u00f6tt:<\/h3>\n<p>(P\u00e9zsm\u00e1k \u00e9s n\u00f6v\u00e9nyek) Mirc\u00e9n<br \/>\n(Friss feny\u0151t\u0171) Feny\u0151<br \/>\n(bors, s\u00f6t\u00e9t f\u0171szerek) Karyophyllene<br \/>\nNagyapa lila hat\u00e1sai<\/p>\n<p>A Granddaddy Purple er\u0151s hat\u00e1s\u00e1r\u00f3l h\u00edres. Annak ellen\u00e9re, hogy a GDP csak k\u00f6r\u00fclbel\u00fcl 17% THC-t tartalmaz, er\u0151teljes k\u0151zetet gener\u00e1l, amely nagyon gyorsan elkezd hatni a testre \u00e9s az elm\u00e9re. A felhaszn\u00e1l\u00f3k t\u00f6bbs\u00e9ge azt \u00e1ll\u00edtja, hogy a GDP kellemes \u00e9s boldog agyi magass\u00e1got teremt, valamint egy m\u00e9lyen nyugtat\u00f3 fizikai k\u0151vel egy\u00fctt, ami t\u00f6k\u00e9letess\u00e9 teszi az otthoni laz\u00edt\u00e1shoz, mik\u00f6zben filmeket, zen\u00e9t vagy csillagokat n\u00e9z\u00fcnk.<\/p>\n<h3>B\u00e1r mindenki tapasztalata a marihu\u00e1n\u00e1val kapcsolatban egyedi, azok, akik fogyasztj\u00e1k a GDP-t, \u00e1ltal\u00e1ban a k\u00f6vetkez\u0151ket mondj\u00e1k:<\/h3>\n<p>Relax<br \/>\nBoldog<br \/>\n\u00c9hes<br \/>\n\u00c1lmos<\/p>\n<p>Amellett, hogy a Granddaddy Purple n\u00e9pszer\u0171 a rekre\u00e1ci\u00f3s felhaszn\u00e1l\u00f3k k\u00f6r\u00e9ben, a holisztikus kannabisz-haszn\u00e1l\u00f3k k\u00f6r\u00e9ben is nagyon n\u00e9pszer\u0171, akik a fizikai \u00e9s ment\u00e1lis stressz \u00e9s az \u00e9tv\u00e1gytalans\u00e1g kezel\u00e9s\u00e9re keresnek megold\u00e1st.<\/p>\n<h3>Mint minden magas THC-tartalm\u00fa kannabiszt\u00f6rzs, a Granddaddy Purple is okozhat n\u00e9h\u00e1ny nem k\u00edv\u00e1nt mell\u00e9khat\u00e1st. Ezek k\u00f6z\u00e9 tartoznak:<\/h3>\n<p>Szemsz\u00e1razs\u00e1g \u00e9s sz\u00e1jsz\u00e1razs\u00e1g<br \/>\nSz\u00e9d\u00fcl\u00e9s<\/p>","protected":false},"excerpt":{"rendered":"<p>De smaken en aroma&#8217;s van Granddaddy Purple Granddaddy Purps heeft volgens verschillende gebruikers een sterk bessen- en druivenaroma. Integendeel, Ken Estes staat bekend om zijn verklaring dat het BBP &#8220;paars ruikt &#8211; ik dacht altijd dat paars een kleur was, maar nu denk ik dat het een geur is!&#8221; Mogelijk doelde hij op wat sommige&#8230;<\/p>","protected":false},"featured_media":1449,"comment_status":"open","ping_status":"closed","template":"","meta":{"_kad_post_transparent":"default","_kad_post_title":"","_kad_post_layout":"default","_kad_post_sidebar_id":"","_kad_post_content_style":"default","_kad_post_vertical_padding":"default","_kad_post_feature":"","_kad_post_feature_position":"","_kad_post_header":false,"_kad_post_footer":false,"_joinchat":[]},"product_cat":[17],"product_tag":[],"class_list":["post-110","product","type-product","status-publish","has-post-thumbnail","hentry","product_cat-wiet","entry","content-bg","loop-entry"],"yoast_head":"<!-- This site is optimized with the Yoast SEO plugin v26.3 - https:\/\/yoast.com\/wordpress\/plugins\/seo\/ -->\n<title>Grand Daddy Purple - Wiet Koop Winkel<\/title>\n<meta name=\"robots\" content=\"index, follow, max-snippet:-1, max-image-preview:large, max-video-preview:-1\" \/>\n<link rel=\"canonical\" href=\"https:\/\/wietkoopwinkel.com\/hu\/termek\/grand-daddy-purple\/\" \/>\n<meta property=\"og:locale\" content=\"hu_HU\" \/>\n<meta property=\"og:type\" content=\"article\" \/>\n<meta property=\"og:title\" content=\"Grand Daddy Purple - Wiet Koop Winkel\" \/>\n<meta property=\"og:description\" content=\"De smaken en aroma&#8217;s van Granddaddy Purple Granddaddy Purps heeft volgens verschillende gebruikers een sterk bessen- en druivenaroma. Integendeel, Ken Estes staat bekend om zijn verklaring dat het BBP &#8220;paars ruikt &#8211; ik dacht altijd dat paars een kleur was, maar nu denk ik dat het een geur is!&#8221; Mogelijk doelde hij op wat sommige...\" \/>\n<meta property=\"og:url\" content=\"https:\/\/wietkoopwinkel.com\/hu\/termek\/grand-daddy-purple\/\" \/>\n<meta property=\"og:site_name\" content=\"Wiet Koop Winkel\" \/>\n<meta property=\"article:modified_time\" content=\"2023-10-07T09:38:27+00:00\" \/>\n<meta property=\"og:image\" content=\"https:\/\/wietkoopwinkel.com\/wp-content\/uploads\/2023\/09\/Grand-Daddy-Purple.jpg\" \/>\n\t<meta property=\"og:image:width\" content=\"960\" \/>\n\t<meta property=\"og:image:height\" content=\"1280\" \/>\n\t<meta property=\"og:image:type\" content=\"image\/jpeg\" \/>\n<meta name=\"twitter:card\" content=\"summary_large_image\" \/>\n<meta name=\"twitter:label1\" content=\"Becs\u00fclt olvas\u00e1si id\u0151\" \/>\n\t<meta name=\"twitter:data1\" content=\"2 perc\" \/>\n<script type=\"application\/ld+json\" class=\"yoast-schema-graph\">{\"@context\":\"https:\/\/schema.org\",\"@graph\":[{\"@type\":\"WebPage\",\"@id\":\"https:\/\/wietkoopwinkel.com\/product\/grand-daddy-purple\/\",\"url\":\"https:\/\/wietkoopwinkel.com\/product\/grand-daddy-purple\/\",\"name\":\"Grand Daddy Purple - Wiet Koop Winkel\",\"isPartOf\":{\"@id\":\"https:\/\/wietkoopwinkel.com\/#website\"},\"primaryImageOfPage\":{\"@id\":\"https:\/\/wietkoopwinkel.com\/product\/grand-daddy-purple\/#primaryimage\"},\"image\":{\"@id\":\"https:\/\/wietkoopwinkel.com\/product\/grand-daddy-purple\/#primaryimage\"},\"thumbnailUrl\":\"https:\/\/wietkoopwinkel.com\/wp-content\/uploads\/2023\/09\/Grand-Daddy-Purple.jpg\",\"datePublished\":\"2023-09-22T11:06:27+00:00\",\"dateModified\":\"2023-10-07T09:38:27+00:00\",\"breadcrumb\":{\"@id\":\"https:\/\/wietkoopwinkel.com\/product\/grand-daddy-purple\/#breadcrumb\"},\"inLanguage\":\"hu\",\"potentialAction\":[{\"@type\":\"ReadAction\",\"target\":[\"https:\/\/wietkoopwinkel.com\/product\/grand-daddy-purple\/\"]}]},{\"@type\":\"ImageObject\",\"inLanguage\":\"hu\",\"@id\":\"https:\/\/wietkoopwinkel.com\/product\/grand-daddy-purple\/#primaryimage\",\"url\":\"https:\/\/wietkoopwinkel.com\/wp-content\/uploads\/2023\/09\/Grand-Daddy-Purple.jpg\",\"contentUrl\":\"https:\/\/wietkoopwinkel.com\/wp-content\/uploads\/2023\/09\/Grand-Daddy-Purple.jpg\",\"width\":960,\"height\":1280,\"caption\":\"Grand Daddy Purple\"},{\"@type\":\"BreadcrumbList\",\"@id\":\"https:\/\/wietkoopwinkel.com\/product\/grand-daddy-purple\/#breadcrumb\",\"itemListElement\":[{\"@type\":\"ListItem\",\"position\":1,\"name\":\"Home\",\"item\":\"https:\/\/wietkoopwinkel.com\/\"},{\"@type\":\"ListItem\",\"position\":2,\"name\":\"Winkel\",\"item\":\"https:\/\/wietkoopwinkel.com\/winkel\/\"},{\"@type\":\"ListItem\",\"position\":3,\"name\":\"Grand Daddy Purple\"}]},{\"@type\":\"WebSite\",\"@id\":\"https:\/\/wietkoopwinkel.com\/#website\",\"url\":\"https:\/\/wietkoopwinkel.com\/\",\"name\":\"Wiet Koop Winkel\",\"description\":\"My WordPress Blog\",\"publisher\":{\"@id\":\"https:\/\/wietkoopwinkel.com\/#organization\"},\"potentialAction\":[{\"@type\":\"SearchAction\",\"target\":{\"@type\":\"EntryPoint\",\"urlTemplate\":\"https:\/\/wietkoopwinkel.com\/?s={search_term_string}\"},\"query-input\":{\"@type\":\"PropertyValueSpecification\",\"valueRequired\":true,\"valueName\":\"search_term_string\"}}],\"inLanguage\":\"hu\"},{\"@type\":\"Organization\",\"@id\":\"https:\/\/wietkoopwinkel.com\/#organization\",\"name\":\"Wiet Koop Winkel\",\"url\":\"https:\/\/wietkoopwinkel.com\/\",\"logo\":{\"@type\":\"ImageObject\",\"inLanguage\":\"hu\",\"@id\":\"https:\/\/wietkoopwinkel.com\/#\/schema\/logo\/image\/\",\"url\":\"https:\/\/wietkoopwinkel.com\/wp-content\/uploads\/2023\/10\/logo.png\",\"contentUrl\":\"https:\/\/wietkoopwinkel.com\/wp-content\/uploads\/2023\/10\/logo.png\",\"width\":400,\"height\":120,\"caption\":\"Wiet Koop Winkel\"},\"image\":{\"@id\":\"https:\/\/wietkoopwinkel.com\/#\/schema\/logo\/image\/\"}}]}<\/script>\n<!-- \/ Yoast SEO plugin. -->","yoast_head_json":{"title":"Grand Daddy Purple - Wiet Koop Winkel","robots":{"index":"index","follow":"follow","max-snippet":"max-snippet:-1","max-image-preview":"max-image-preview:large","max-video-preview":"max-video-preview:-1"},"canonical":"https:\/\/wietkoopwinkel.com\/hu\/termek\/grand-daddy-purple\/","og_locale":"hu_HU","og_type":"article","og_title":"Grand Daddy Purple - Wiet Koop Winkel","og_description":"De smaken en aroma&#8217;s van Granddaddy Purple Granddaddy Purps heeft volgens verschillende gebruikers een sterk bessen- en druivenaroma. Integendeel, Ken Estes staat bekend om zijn verklaring dat het BBP &#8220;paars ruikt &#8211; ik dacht altijd dat paars een kleur was, maar nu denk ik dat het een geur is!&#8221; Mogelijk doelde hij op wat sommige...","og_url":"https:\/\/wietkoopwinkel.com\/hu\/termek\/grand-daddy-purple\/","og_site_name":"Wiet Koop Winkel","article_modified_time":"2023-10-07T09:38:27+00:00","og_image":[{"width":960,"height":1280,"url":"https:\/\/wietkoopwinkel.com\/wp-content\/uploads\/2023\/09\/Grand-Daddy-Purple.jpg","type":"image\/jpeg"}],"twitter_card":"summary_large_image","twitter_misc":{"Becs\u00fclt olvas\u00e1si id\u0151":"2 perc"},"schema":{"@context":"https:\/\/schema.org","@graph":[{"@type":"WebPage","@id":"https:\/\/wietkoopwinkel.com\/product\/grand-daddy-purple\/","url":"https:\/\/wietkoopwinkel.com\/product\/grand-daddy-purple\/","name":"Grand Daddy Purple - Wiet Koop Winkel","isPartOf":{"@id":"https:\/\/wietkoopwinkel.com\/#website"},"primaryImageOfPage":{"@id":"https:\/\/wietkoopwinkel.com\/product\/grand-daddy-purple\/#primaryimage"},"image":{"@id":"https:\/\/wietkoopwinkel.com\/product\/grand-daddy-purple\/#primaryimage"},"thumbnailUrl":"https:\/\/wietkoopwinkel.com\/wp-content\/uploads\/2023\/09\/Grand-Daddy-Purple.jpg","datePublished":"2023-09-22T11:06:27+00:00","dateModified":"2023-10-07T09:38:27+00:00","breadcrumb":{"@id":"https:\/\/wietkoopwinkel.com\/product\/grand-daddy-purple\/#breadcrumb"},"inLanguage":"hu","potentialAction":[{"@type":"ReadAction","target":["https:\/\/wietkoopwinkel.com\/product\/grand-daddy-purple\/"]}]},{"@type":"ImageObject","inLanguage":"hu","@id":"https:\/\/wietkoopwinkel.com\/product\/grand-daddy-purple\/#primaryimage","url":"https:\/\/wietkoopwinkel.com\/wp-content\/uploads\/2023\/09\/Grand-Daddy-Purple.jpg","contentUrl":"https:\/\/wietkoopwinkel.com\/wp-content\/uploads\/2023\/09\/Grand-Daddy-Purple.jpg","width":960,"height":1280,"caption":"Grand Daddy Purple"},{"@type":"BreadcrumbList","@id":"https:\/\/wietkoopwinkel.com\/product\/grand-daddy-purple\/#breadcrumb","itemListElement":[{"@type":"ListItem","position":1,"name":"Home","item":"https:\/\/wietkoopwinkel.com\/"},{"@type":"ListItem","position":2,"name":"Winkel","item":"https:\/\/wietkoopwinkel.com\/winkel\/"},{"@type":"ListItem","position":3,"name":"Grand Daddy Purple"}]},{"@type":"WebSite","@id":"https:\/\/wietkoopwinkel.com\/#website","url":"https:\/\/wietkoopwinkel.com\/","name":"Wiet Koop Winkel","description":"My WordPress Blog","publisher":{"@id":"https:\/\/wietkoopwinkel.com\/#organization"},"potentialAction":[{"@type":"SearchAction","target":{"@type":"EntryPoint","urlTemplate":"https:\/\/wietkoopwinkel.com\/?s={search_term_string}"},"query-input":{"@type":"PropertyValueSpecification","valueRequired":true,"valueName":"search_term_string"}}],"inLanguage":"hu"},{"@type":"Organization","@id":"https:\/\/wietkoopwinkel.com\/#organization","name":"Wiet Koop Winkel","url":"https:\/\/wietkoopwinkel.com\/","logo":{"@type":"ImageObject","inLanguage":"hu","@id":"https:\/\/wietkoopwinkel.com\/#\/schema\/logo\/image\/","url":"https:\/\/wietkoopwinkel.com\/wp-content\/uploads\/2023\/10\/logo.png","contentUrl":"https:\/\/wietkoopwinkel.com\/wp-content\/uploads\/2023\/10\/logo.png","width":400,"height":120,"caption":"Wiet Koop Winkel"},"image":{"@id":"https:\/\/wietkoopwinkel.com\/#\/schema\/logo\/image\/"}}]}},"_links":{"self":[{"href":"https:\/\/wietkoopwinkel.com\/hu\/wp-json\/wp\/v2\/product\/110","targetHints":{"allow":["GET"]}}],"collection":[{"href":"https:\/\/wietkoopwinkel.com\/hu\/wp-json\/wp\/v2\/product"}],"about":[{"href":"https:\/\/wietkoopwinkel.com\/hu\/wp-json\/wp\/v2\/types\/product"}],"replies":[{"embeddable":true,"href":"https:\/\/wietkoopwinkel.com\/hu\/wp-json\/wp\/v2\/comments?post=110"}],"wp:featuredmedia":[{"embeddable":true,"href":"https:\/\/wietkoopwinkel.com\/hu\/wp-json\/wp\/v2\/media\/1449"}],"wp:attachment":[{"href":"https:\/\/wietkoopwinkel.com\/hu\/wp-json\/wp\/v2\/media?parent=110"}],"wp:term":[{"taxonomy":"product_cat","embeddable":true,"href":"https:\/\/wietkoopwinkel.com\/hu\/wp-json\/wp\/v2\/product_cat?post=110"},{"taxonomy":"product_tag","embeddable":true,"href":"https:\/\/wietkoopwinkel.com\/hu\/wp-json\/wp\/v2\/product_tag?post=110"}],"curies":[{"name":"wp","href":"https:\/\/api.w.org\/{rel}","templated":true}]}}