{"id":106,"date":"2023-09-22T11:06:16","date_gmt":"2023-09-22T11:06:16","guid":{"rendered":"https:\/\/nembutalhouse.com\/weed\/?post_type=product&#038;p=106"},"modified":"2023-10-07T09:48:15","modified_gmt":"2023-10-07T09:48:15","slug":"tropical-cherry","status":"publish","type":"product","link":"https:\/\/wietkoopwinkel.com\/hu\/termek\/tropical-cherry\/","title":{"rendered":"Tr\u00f3pusi cseresznye"},"content":{"rendered":"<h2>JACK SKELLINGTON: K\u00c9T KOMBIN\u00c1LT GYILKOS FAJ<\/h2>\n<p>A t\u00f6rzs nemes\u00edt\u0151i k\u00f6r\u00fclbel\u00fcl 12 \u00e9vig dolgoztak a Killer Queen-en. A Killer Queen f\u0151leg a G13 genetik\u00e1b\u00f3l, valamint egy kis mennyis\u00e9g\u0171 Cinderella 99-b\u0151l \u00e1ll. Jack Skellingtont azut\u00e1n fedezt\u00e9k fel, hogy Hasfelmetsz\u0151 Jack a k\u00e9pbe ker\u00fclt.<\/p>\n<p>A 30% indica \u00e9s a 70% sativa hibridje euforikus \u00e9lm\u00e9nyt ny\u00fajt magas THC-szinttel. Az \u00edzek \u00e9s illatok friss lime \u00edz\u0171ek \u00e9s meglehet\u0151sen f\u0171szeresek.<\/p>\n<p>A Jack Skellington fantasztikus fajta a SOG be\u00e1ll\u00edt\u00e1sokhoz, de a m\u00e9ret\u00e9nek szab\u00e1lyoz\u00e1s\u00e1hoz a n\u00f6v\u00e9nyeket tov\u00e1bbra is meg kell \u00faj\u00edtani. A vir\u00e1gz\u00e1si f\u00e1zis k\u00f6r\u00fclbel\u00fcl 56 napig tart. A k\u00f6zepes hozamok \u00e9s a r\u00fcgyeken tal\u00e1lhat\u00f3 b\u0151s\u00e9ges gyanta ide\u00e1liss\u00e1 teszi a kannabisz el\u0151\u00e1ll\u00edt\u00e1s\u00e1hoz. Ez a fajta kiv\u00e9telesen magasra n\u0151, \u00e9s a termeszt\u0151k k\u00fcl\u00f6nf\u00e9le m\u0171vel\u00e9si m\u00f3dszereket alkalmaznak a magass\u00e1g\u00e1nak fenntart\u00e1sa \u00e9rdek\u00e9ben. Fedezze fel a finom \u00e9s egzotikus Tropicana cseresznyefajt\u00e1t. Ezzel a tr\u00f3pusi cseresznyevir\u00e1g-fajt\u00e1val nem l\u0151het mell\u00e9. Finom arom\u00e1ja \u00e9s kellemes \u00edze van, mivel a Tropicana cseresznye gy\u00fcm\u00f6lcs\u00f6s \u00e9s fanyar, kellemes meggyes pite t\u00f3nussal. V\u00e9lem\u00e9ny\u00fcnk szerint ezeknek a nagy r\u00f6g\u00f6knek neh\u00e9z ellen\u00e1llni.<\/p>\n<p>Gy\u00fcm\u00f6lcs\u00f6s, \u00e9des \u00e9s f\u0171szeres arom\u00e1ja, valamint \u00e1fony\u00e1s \u00e9s citrusos \u00edzei miatt cs\u00e1b\u00edt\u00f3 kipr\u00f3b\u00e1lni. 60\/40 sativa\/indica ar\u00e1ny\u00e1val \u00e9s 16-21% \u00e1tlagos THC-tartalm\u00e1val a Tropicana Cherry fajta ide\u00e1lis kannabiszfajta mind a sativa-domin\u00e1ns fajt\u00e1k, mind a klasszikus indica hibridek fogyaszt\u00e1s\u00e1hoz.<\/p>\n<h3>Terp\u00e9nek a Tropicana csereszny\u00e9ben<\/h3>\n<p>THC: 16 \u2013 21%<br \/>\nCBD: 0,5 \u2013 0,64%<br \/>\nCBC: 0,19 \u2013 0,29%<br \/>\nCBG: 0,04 \u2013 0,19%<br \/>\nCBN: 0,15 \u2013 0,27%<br \/>\nTHCV: \u2013 0,2%<br \/>\nMyrceen: 0,19%<br \/>\nGeraniol: 0,07%<br \/>\nLimoneen: 0,15%<br \/>\nLinalool: 0,16%<br \/>\nSabineen: 0,07%<br \/>\nBisabolol: 0,12%<br \/>\nTerpineol: 0,01%<br \/>\nValenceen: 0,15%<br \/>\nPhellandreen: 0,08%<\/p>\n<h3>\nHat\u00e1s \u00e9s \u00edz<\/h3>\n<p>A Cherry Tropicana r\u00fcgyei g\u00f6mb alak\u00faak. Hatalmas, s\u00f6t\u00e9tz\u00f6ld lapok lil\u00e1s \u00e1rnyalatokkal. A r\u00fcgyek vil\u00e1gos narancss\u00e1rga sz\u0151r\u00f6kkel rendelkeznek, \u00e9s feh\u00e9r trich\u00f3m\u00e1kkal bor\u00edtottak. A v\u00e1s\u00e1rl\u00f3k a m\u00e1r eml\u00edtett \u00edzek mellett a f\u00f6ldes, \u0151szibarackos, s\u00e1rgabarackos, citromos \u00e9s cseresznye \u00edzeket, valamint a gy\u00fcm\u00f6lcs\u00f6s jegyeket is kiemelt\u00e9k.<\/p>\n<p>A kannabisz-m\u00e1mor egyik le\u00edr\u00e1sa egy er\u0151s f\u00e9ny, amely a mennyekbe emel. A felhaszn\u00e1l\u00f3i \u00e9lm\u00e9nyek pozit\u00edvak \u00e9s \u00f6r\u00f6mteliek. Amikor marihu\u00e1na hat\u00e1sa alatt vagy, lehetetlen \u00f6sszetett feladatokat v\u00e9grehajtani.<\/p>\n<p>Megfelel\u0151 v\u00e1laszt\u00e1s egy r\u00f6vid s\u00e9t\u00e1ra. A z\u00fcmm\u00f6g\u00e9s k\u00f6zben bizserg\u00e9st fogsz \u00e9rezni, de ez nem fogja megakad\u00e1lyozni abban, hogy \u00e9lvezd. Ha boldog vagy, nevethetsz, \u00e9s m\u00e1sokat is erre \u00f6szt\u00f6n\u00f6zhetsz. Tov\u00e1bb\u00e1 a szem\u00e9ly nyugalmat \u00e9s k\u00f6nnyeds\u00e9get \u00e9rez az eg\u00e9sz test\u00e9ben. Ez\u00e9rt azt javasoljuk, hogy alaposan hidrat\u00e1lj. Az Indica Cherry Tropicana fajta \u00e9hs\u00e9get is okozhat.<\/p>\n<p>\ud83d\udd0d<\/p>\n<h3>Vir\u00e1gok<\/h3>\n<p>Tr\u00f3pusi cseresznyefajta<\/p>\n<p>4,75-\u00f6s \u00e9rt\u00e9kel\u00e9s az 5-b\u0151l, n\u00e9gy v\u00e1s\u00e1rl\u00f3i v\u00e9lem\u00e9ny alapj\u00e1n<\/p>\n<p>(4 v\u00e1s\u00e1rl\u00f3i v\u00e9lem\u00e9ny)<\/p>\n<p>$ 260,00\u00a0\u2013\u00a0$ 2.400,00<\/p>\n<p>Alakzat teteje<\/p>\n<p>Mennyis\u00e9g V\u00e1lasszon egy lehet\u0151s\u00e9getOZQPHPP<\/p>\n<p>Tr\u00f3pusi cseresznyefajt\u00e1k sz\u00e1ma<\/p>\n<p>L\u00e6g i kurv<\/p>\n<p>Onderaan het formulier<\/p>\n<p>Cikksz\u00e1m: M-1322 Kateg\u00f3ria: Vir\u00e1gok C\u00edmk\u00e9k: trop cseresznyefajta, tropicana cseresznye, tropicana cseresznyefajta, Bar Haven gy\u00f3gyszert\u00e1r, Fullerton gy\u00f3gyszert\u00e1r, Malden gy\u00f3gyszert\u00e1r, Nantucket gy\u00f3gyszert\u00e1r, Oak Lawn gy\u00f3gyszert\u00e1r, Ocean Beach gy\u00f3gyszert\u00e1r, RSO olajgy\u00f3gyszert\u00e1r a k\u00f6zelemben, trop cseresznye, tr\u00f3pusi cseresznyefajta, tr\u00f3pusi cseresznye, tr\u00f3pusi cseresznyefajt\u00e1k, tr\u00f3pusi cseresznyefajt\u00e1k, tropicana cseresznye, tropicana cseresznyefajt\u00e1k, tropicana cseresznye, tropicana cseresznyefajt\u00e1k<\/p>\n<p>Le\u00edr\u00e1s<\/p>\n<p>Tov\u00e1bbi inform\u00e1ci\u00f3k<\/p>\n<p>V\u00e9lem\u00e9nyek (4)<\/p>\n<p>Tr\u00f3pusi cseresznyefajta<\/p>\n<h3>\u00c1ttekint\u00e9s:<\/h3>\n<p>Tapasztald meg az egzotikus \u00e9s finom Tropicana Cherry fajt\u00e1t. Ami a vir\u00e1gokat illeti, ezzel a tr\u00f3pusi cseresznyefajt\u00e1val sosem fogsz mell\u00e9fogni. Kellemes illata van, az \u00edze pedig \u00ednycsikland\u00f3, mivel a Tropicana cseresznye gy\u00fcm\u00f6lcs\u00f6s \u00e9s fanyar, finom meggyes pite jegyekkel. \u00dagy gondoljuk, hogy ezeknek a nagy r\u00fcgyeknek neh\u00e9z lesz ellen\u00e1llni.<br \/>\n\u00c9des, fanyar \u00e9s gy\u00fcm\u00f6lcs\u00f6s arom\u00e1j\u00e1val, \u00e1fonya \u00e9s citrusf\u00e9l\u00e9k jegyeivel meg\u00e9ri a k\u00f3stol\u00e1st. A Tropicana Cherry t\u00f6rzs 60\/40 sativa\/indica ar\u00e1nnyal \u00e9s 16-21% \u00e1tlagos THC-szinttel b\u00fcszk\u00e9lkedhet, \u00edgy t\u00f6k\u00e9letes mind a sativa-domin\u00e1ns t\u00f6rzs, mind a hagyom\u00e1nyos indica hibrid \u00e9lvezet\u00e9hez.<\/p>\n<h3>Terp\u00e9nek a Tropicana csereszny\u00e9ben<\/h3>\n<p>THC: 16 \u2013 21%<br \/>\nCBD: 0,5 \u2013 0,64%<br \/>\nCBC: 0,19 \u2013 0,29%<br \/>\nCBG: 0,04 \u2013 0,19%<br \/>\nCBN: 0,15 \u2013 0,27%<br \/>\nTHCV: \u2013 0,2%<br \/>\nMyrceen: 0,19%<br \/>\nGeraniol: 0,07%<br \/>\nLimoneen: 0,15%<br \/>\nLinalool: 0,16%<br \/>\nSabineen: 0,07%<br \/>\nBisabolol: 0,12%<br \/>\nTerpineol: 0,01%<br \/>\nValenceen: 0,15%<br \/>\nPhellandreen: 0,08%<\/p>\n<h3>Hat\u00e1sok \u00e9s \u00edz<\/h3>\n<p>A Cherry Tropicana r\u00fcgyei g\u00f6mb alak\u00faak. Hatalmas, s\u00f6t\u00e9tz\u00f6ld lapok lil\u00e1s \u00e1rnyalatokkal. A r\u00fcgyek vil\u00e1gos narancss\u00e1rga sz\u0151r\u00f6kkel rendelkeznek, \u00e9s feh\u00e9r trich\u00f3m\u00e1kkal bor\u00edtottak. A v\u00e1s\u00e1rl\u00f3k a m\u00e1r eml\u00edtett \u00edzek mellett a f\u00f6ldes, \u0151szibarackos, s\u00e1rgabarackos, citromos \u00e9s cseresznye \u00edzeket, valamint a gy\u00fcm\u00f6lcs\u00f6s jegyeket is kiemelt\u00e9k.<br \/>\nA kannabisz hat\u00e1sa alatt a k\u00e1pr\u00e1zatos f\u00e9nyt \u00fagy \u00edrj\u00e1k le, mint egy mennyei \u00e9lm\u00e9nyt. A hat\u00e1s vid\u00e1m \u00e9s felemel\u0151 a haszn\u00e1l\u00f3k sz\u00e1m\u00e1ra. A marihu\u00e1na hat\u00e1sa alatt nem lehet \u00f6sszetett feladatokat elv\u00e9gezni.<br \/>\nJ\u00f3 v\u00e1laszt\u00e1s egy k\u00f6nny\u0171 s\u00e9t\u00e1ra. A z\u00fcmm\u00f6g\u00e9s alatt bizserg\u00e9st fogsz \u00e9rezni, de ez nem fogja elrontani az \u00e9lvezetedet. J\u00f3kedv\u0171en nevethetsz rajta, \u00e9s m\u00e1sokat is erre inspir\u00e1lhatsz. Ugyanakkor a felhaszn\u00e1l\u00f3 k\u00f6nnyeds\u00e9get \u00e9s nyugalmat \u00e9rez az eg\u00e9sz test\u00e9ben. Ez\u00e9rt azt javasoljuk, hogy fogyassz megfelel\u0151 folyad\u00e9kbevitelt. A Cherry Tropicana fajta indica jellege miatt \u00e9hs\u00e9get is okozhat.<\/p>\n<h3>Orvosi \u00e9rt\u00e9k<br \/>\nEz a faj seg\u00edt a k\u00f6vetkez\u0151k kezel\u00e9s\u00e9ben:<\/h3>\n<p>F\u00e1radts\u00e1g<br \/>\n\u00c1tny\u00fal\u00f3<br \/>\nDepresszi\u00f3<br \/>\n\u00c1tny\u00fal\u00f3<br \/>\nS\u00falyos hangulatingadoz\u00e1sok<br \/>\nA k\u00edv\u00e1nt \u00f6r\u00f6m\u00f6t \u00e9s f\u00e1jdalomcsillap\u00edt\u00e1st ny\u00fajtja, \u00e9s kezd\u0151kt\u0151l a tapasztalt vaperekig vagy ehet\u0151 term\u00e9kek haszn\u00e1lat\u00e1ra egyar\u00e1nt alkalmas.<\/p>","protected":false},"excerpt":{"rendered":"<p>JACK SKELLINGTON: TWEE GECOMBINEERDE KILLER-SOORTEN De veredelaars van deze soort hebben ongeveer twaalf jaar aan Killer Queen gewerkt. Killer Queen bestaat voornamelijk uit G13-genetica, plus een kleine hoeveelheid Cinderella 99. Jack Skellington werd ontdekt nadat Jack The Ripper in beeld kwam. Deze hybride van 30% indica en 70% sativa produceert euforische highs met hoge THC-niveaus&#8230;.<\/p>","protected":false},"featured_media":1451,"comment_status":"open","ping_status":"closed","template":"","meta":{"_kad_post_transparent":"default","_kad_post_title":"","_kad_post_layout":"default","_kad_post_sidebar_id":"","_kad_post_content_style":"default","_kad_post_vertical_padding":"default","_kad_post_feature":"","_kad_post_feature_position":"","_kad_post_header":false,"_kad_post_footer":false,"_joinchat":[]},"product_cat":[17],"product_tag":[],"class_list":["post-106","product","type-product","status-publish","has-post-thumbnail","hentry","product_cat-wiet","entry","content-bg","loop-entry"],"yoast_head":"<!-- This site is optimized with the Yoast SEO plugin v26.3 - https:\/\/yoast.com\/wordpress\/plugins\/seo\/ -->\n<title>Tropical Cherry - Wiet Koop Winkel<\/title>\n<meta name=\"robots\" content=\"index, follow, max-snippet:-1, max-image-preview:large, max-video-preview:-1\" \/>\n<link rel=\"canonical\" href=\"https:\/\/wietkoopwinkel.com\/hu\/termek\/tropical-cherry\/\" \/>\n<meta property=\"og:locale\" content=\"hu_HU\" \/>\n<meta property=\"og:type\" content=\"article\" \/>\n<meta property=\"og:title\" content=\"Tropical Cherry - Wiet Koop Winkel\" \/>\n<meta property=\"og:description\" content=\"JACK SKELLINGTON: TWEE GECOMBINEERDE KILLER-SOORTEN De veredelaars van deze soort hebben ongeveer twaalf jaar aan Killer Queen gewerkt. Killer Queen bestaat voornamelijk uit G13-genetica, plus een kleine hoeveelheid Cinderella 99. Jack Skellington werd ontdekt nadat Jack The Ripper in beeld kwam. Deze hybride van 30% indica en 70% sativa produceert euforische highs met hoge THC-niveaus....\" \/>\n<meta property=\"og:url\" content=\"https:\/\/wietkoopwinkel.com\/hu\/termek\/tropical-cherry\/\" \/>\n<meta property=\"og:site_name\" content=\"Wiet Koop Winkel\" \/>\n<meta property=\"article:modified_time\" content=\"2023-10-07T09:48:15+00:00\" \/>\n<meta property=\"og:image\" content=\"https:\/\/wietkoopwinkel.com\/wp-content\/uploads\/2023\/09\/Tropical-Cherry-1.jpg\" \/>\n\t<meta property=\"og:image:width\" content=\"960\" \/>\n\t<meta property=\"og:image:height\" content=\"1280\" \/>\n\t<meta property=\"og:image:type\" content=\"image\/jpeg\" \/>\n<meta name=\"twitter:card\" content=\"summary_large_image\" \/>\n<meta name=\"twitter:label1\" content=\"Becs\u00fclt olvas\u00e1si id\u0151\" \/>\n\t<meta name=\"twitter:data1\" content=\"4 perc\" \/>\n<script type=\"application\/ld+json\" class=\"yoast-schema-graph\">{\"@context\":\"https:\/\/schema.org\",\"@graph\":[{\"@type\":\"WebPage\",\"@id\":\"https:\/\/wietkoopwinkel.com\/product\/tropical-cherry\/\",\"url\":\"https:\/\/wietkoopwinkel.com\/product\/tropical-cherry\/\",\"name\":\"Tropical Cherry - Wiet Koop Winkel\",\"isPartOf\":{\"@id\":\"https:\/\/wietkoopwinkel.com\/#website\"},\"primaryImageOfPage\":{\"@id\":\"https:\/\/wietkoopwinkel.com\/product\/tropical-cherry\/#primaryimage\"},\"image\":{\"@id\":\"https:\/\/wietkoopwinkel.com\/product\/tropical-cherry\/#primaryimage\"},\"thumbnailUrl\":\"https:\/\/wietkoopwinkel.com\/wp-content\/uploads\/2023\/09\/Tropical-Cherry-1.jpg\",\"datePublished\":\"2023-09-22T11:06:16+00:00\",\"dateModified\":\"2023-10-07T09:48:15+00:00\",\"breadcrumb\":{\"@id\":\"https:\/\/wietkoopwinkel.com\/product\/tropical-cherry\/#breadcrumb\"},\"inLanguage\":\"hu\",\"potentialAction\":[{\"@type\":\"ReadAction\",\"target\":[\"https:\/\/wietkoopwinkel.com\/product\/tropical-cherry\/\"]}]},{\"@type\":\"ImageObject\",\"inLanguage\":\"hu\",\"@id\":\"https:\/\/wietkoopwinkel.com\/product\/tropical-cherry\/#primaryimage\",\"url\":\"https:\/\/wietkoopwinkel.com\/wp-content\/uploads\/2023\/09\/Tropical-Cherry-1.jpg\",\"contentUrl\":\"https:\/\/wietkoopwinkel.com\/wp-content\/uploads\/2023\/09\/Tropical-Cherry-1.jpg\",\"width\":960,\"height\":1280,\"caption\":\"Tropical Cherry\"},{\"@type\":\"BreadcrumbList\",\"@id\":\"https:\/\/wietkoopwinkel.com\/product\/tropical-cherry\/#breadcrumb\",\"itemListElement\":[{\"@type\":\"ListItem\",\"position\":1,\"name\":\"Home\",\"item\":\"https:\/\/wietkoopwinkel.com\/\"},{\"@type\":\"ListItem\",\"position\":2,\"name\":\"Winkel\",\"item\":\"https:\/\/wietkoopwinkel.com\/winkel\/\"},{\"@type\":\"ListItem\",\"position\":3,\"name\":\"Tropical Cherry\"}]},{\"@type\":\"WebSite\",\"@id\":\"https:\/\/wietkoopwinkel.com\/#website\",\"url\":\"https:\/\/wietkoopwinkel.com\/\",\"name\":\"Wiet Koop Winkel\",\"description\":\"My WordPress Blog\",\"publisher\":{\"@id\":\"https:\/\/wietkoopwinkel.com\/#organization\"},\"potentialAction\":[{\"@type\":\"SearchAction\",\"target\":{\"@type\":\"EntryPoint\",\"urlTemplate\":\"https:\/\/wietkoopwinkel.com\/?s={search_term_string}\"},\"query-input\":{\"@type\":\"PropertyValueSpecification\",\"valueRequired\":true,\"valueName\":\"search_term_string\"}}],\"inLanguage\":\"hu\"},{\"@type\":\"Organization\",\"@id\":\"https:\/\/wietkoopwinkel.com\/#organization\",\"name\":\"Wiet Koop Winkel\",\"url\":\"https:\/\/wietkoopwinkel.com\/\",\"logo\":{\"@type\":\"ImageObject\",\"inLanguage\":\"hu\",\"@id\":\"https:\/\/wietkoopwinkel.com\/#\/schema\/logo\/image\/\",\"url\":\"https:\/\/wietkoopwinkel.com\/wp-content\/uploads\/2023\/10\/logo.png\",\"contentUrl\":\"https:\/\/wietkoopwinkel.com\/wp-content\/uploads\/2023\/10\/logo.png\",\"width\":400,\"height\":120,\"caption\":\"Wiet Koop Winkel\"},\"image\":{\"@id\":\"https:\/\/wietkoopwinkel.com\/#\/schema\/logo\/image\/\"}}]}<\/script>\n<!-- \/ Yoast SEO plugin. -->","yoast_head_json":{"title":"Tropical Cherry - Wiet Koop Winkel","robots":{"index":"index","follow":"follow","max-snippet":"max-snippet:-1","max-image-preview":"max-image-preview:large","max-video-preview":"max-video-preview:-1"},"canonical":"https:\/\/wietkoopwinkel.com\/hu\/termek\/tropical-cherry\/","og_locale":"hu_HU","og_type":"article","og_title":"Tropical Cherry - Wiet Koop Winkel","og_description":"JACK SKELLINGTON: TWEE GECOMBINEERDE KILLER-SOORTEN De veredelaars van deze soort hebben ongeveer twaalf jaar aan Killer Queen gewerkt. Killer Queen bestaat voornamelijk uit G13-genetica, plus een kleine hoeveelheid Cinderella 99. Jack Skellington werd ontdekt nadat Jack The Ripper in beeld kwam. Deze hybride van 30% indica en 70% sativa produceert euforische highs met hoge THC-niveaus....","og_url":"https:\/\/wietkoopwinkel.com\/hu\/termek\/tropical-cherry\/","og_site_name":"Wiet Koop Winkel","article_modified_time":"2023-10-07T09:48:15+00:00","og_image":[{"width":960,"height":1280,"url":"https:\/\/wietkoopwinkel.com\/wp-content\/uploads\/2023\/09\/Tropical-Cherry-1.jpg","type":"image\/jpeg"}],"twitter_card":"summary_large_image","twitter_misc":{"Becs\u00fclt olvas\u00e1si id\u0151":"4 perc"},"schema":{"@context":"https:\/\/schema.org","@graph":[{"@type":"WebPage","@id":"https:\/\/wietkoopwinkel.com\/product\/tropical-cherry\/","url":"https:\/\/wietkoopwinkel.com\/product\/tropical-cherry\/","name":"Tropical Cherry - Wiet Koop Winkel","isPartOf":{"@id":"https:\/\/wietkoopwinkel.com\/#website"},"primaryImageOfPage":{"@id":"https:\/\/wietkoopwinkel.com\/product\/tropical-cherry\/#primaryimage"},"image":{"@id":"https:\/\/wietkoopwinkel.com\/product\/tropical-cherry\/#primaryimage"},"thumbnailUrl":"https:\/\/wietkoopwinkel.com\/wp-content\/uploads\/2023\/09\/Tropical-Cherry-1.jpg","datePublished":"2023-09-22T11:06:16+00:00","dateModified":"2023-10-07T09:48:15+00:00","breadcrumb":{"@id":"https:\/\/wietkoopwinkel.com\/product\/tropical-cherry\/#breadcrumb"},"inLanguage":"hu","potentialAction":[{"@type":"ReadAction","target":["https:\/\/wietkoopwinkel.com\/product\/tropical-cherry\/"]}]},{"@type":"ImageObject","inLanguage":"hu","@id":"https:\/\/wietkoopwinkel.com\/product\/tropical-cherry\/#primaryimage","url":"https:\/\/wietkoopwinkel.com\/wp-content\/uploads\/2023\/09\/Tropical-Cherry-1.jpg","contentUrl":"https:\/\/wietkoopwinkel.com\/wp-content\/uploads\/2023\/09\/Tropical-Cherry-1.jpg","width":960,"height":1280,"caption":"Tropical Cherry"},{"@type":"BreadcrumbList","@id":"https:\/\/wietkoopwinkel.com\/product\/tropical-cherry\/#breadcrumb","itemListElement":[{"@type":"ListItem","position":1,"name":"Home","item":"https:\/\/wietkoopwinkel.com\/"},{"@type":"ListItem","position":2,"name":"Winkel","item":"https:\/\/wietkoopwinkel.com\/winkel\/"},{"@type":"ListItem","position":3,"name":"Tropical Cherry"}]},{"@type":"WebSite","@id":"https:\/\/wietkoopwinkel.com\/#website","url":"https:\/\/wietkoopwinkel.com\/","name":"Wiet Koop Winkel","description":"My WordPress Blog","publisher":{"@id":"https:\/\/wietkoopwinkel.com\/#organization"},"potentialAction":[{"@type":"SearchAction","target":{"@type":"EntryPoint","urlTemplate":"https:\/\/wietkoopwinkel.com\/?s={search_term_string}"},"query-input":{"@type":"PropertyValueSpecification","valueRequired":true,"valueName":"search_term_string"}}],"inLanguage":"hu"},{"@type":"Organization","@id":"https:\/\/wietkoopwinkel.com\/#organization","name":"Wiet Koop Winkel","url":"https:\/\/wietkoopwinkel.com\/","logo":{"@type":"ImageObject","inLanguage":"hu","@id":"https:\/\/wietkoopwinkel.com\/#\/schema\/logo\/image\/","url":"https:\/\/wietkoopwinkel.com\/wp-content\/uploads\/2023\/10\/logo.png","contentUrl":"https:\/\/wietkoopwinkel.com\/wp-content\/uploads\/2023\/10\/logo.png","width":400,"height":120,"caption":"Wiet Koop Winkel"},"image":{"@id":"https:\/\/wietkoopwinkel.com\/#\/schema\/logo\/image\/"}}]}},"_links":{"self":[{"href":"https:\/\/wietkoopwinkel.com\/hu\/wp-json\/wp\/v2\/product\/106","targetHints":{"allow":["GET"]}}],"collection":[{"href":"https:\/\/wietkoopwinkel.com\/hu\/wp-json\/wp\/v2\/product"}],"about":[{"href":"https:\/\/wietkoopwinkel.com\/hu\/wp-json\/wp\/v2\/types\/product"}],"replies":[{"embeddable":true,"href":"https:\/\/wietkoopwinkel.com\/hu\/wp-json\/wp\/v2\/comments?post=106"}],"wp:featuredmedia":[{"embeddable":true,"href":"https:\/\/wietkoopwinkel.com\/hu\/wp-json\/wp\/v2\/media\/1451"}],"wp:attachment":[{"href":"https:\/\/wietkoopwinkel.com\/hu\/wp-json\/wp\/v2\/media?parent=106"}],"wp:term":[{"taxonomy":"product_cat","embeddable":true,"href":"https:\/\/wietkoopwinkel.com\/hu\/wp-json\/wp\/v2\/product_cat?post=106"},{"taxonomy":"product_tag","embeddable":true,"href":"https:\/\/wietkoopwinkel.com\/hu\/wp-json\/wp\/v2\/product_tag?post=106"}],"curies":[{"name":"wp","href":"https:\/\/api.w.org\/{rel}","templated":true}]}}