{"id":1367,"date":"2023-09-30T10:33:33","date_gmt":"2023-09-30T10:33:33","guid":{"rendered":"https:\/\/nembutalhouse.com\/weed\/?post_type=product&#038;p=1367"},"modified":"2024-03-28T23:26:52","modified_gmt":"2024-03-28T23:26:52","slug":"moraccan-hash","status":"publish","type":"product","link":"https:\/\/wietkoopwinkel.com\/fr\/produit\/moraccan-hash\/","title":{"rendered":"Hachis \u00e0 la moracane"},"content":{"rendered":"<h2>L'ancienne m\u00e9decine d'Afrique du Nord<\/h2>\n<p>Le haschisch marocain est un pr\u00e9cieux joyau cach\u00e9, pris\u00e9 par les amateurs de cannabis du monde entier, qui se cache dans les terres magiques de l'Afrique du Nord. Ce concentr\u00e9 de cannabis respect\u00e9 fascine les aficionados depuis des si\u00e8cles gr\u00e2ce \u00e0 sa longue histoire, ses techniques de production conventionnelles et sa puissance particuli\u00e8re. Dans cet article de blog, nous plongeons dans le monde intrigant du haschisch marocain et d\u00e9couvrons son histoire, sa m\u00e9thode de production, sa signification culturelle et son utilisation dans la vie contemporaine.<\/p>\n<h3>L'origine du hachis marocain<\/h3>\n<p>Le haschisch au Maroc a une histoire longue et color\u00e9e qui remonte \u00e0 l'Antiquit\u00e9. Depuis des mill\u00e9naires, la plante de cannabis (Cannabis sativa) pousse \u00e0 l'\u00e9tat sauvage dans toute la r\u00e9gion, et l'on pense que c'est dans la r\u00e9gion du Maghreb, qui comprend le Maroc actuel, que l'usage du cannabis en tant que drogue r\u00e9cr\u00e9ative et m\u00e9dicale a vu le jour.<\/p>\n<p>Les premiers cultivateurs de cannabis qui raclaient les trichomes collants des fleurs et des feuilles de la plante sont probablement \u00e0 l'origine du processus de production du haschisch. Ces proc\u00e9dures ont \u00e9volu\u00e9 au fil du temps et ont finalement abouti aux techniques pr\u00e9cises de roulage \u00e0 la main utilis\u00e9es aujourd'hui par des artisans qualifi\u00e9s.<\/p>","protected":false},"excerpt":{"rendered":"<p>Het eeuwenoude geneesmiddel van Noord-Afrika Marokkaanse hasj is een waardevol verborgen juweeltje dat gewaardeerd wordt door cannabisfans over de hele wereld en zich diep verbergt in de magische landen van Noord-Afrika. Dit gerespecteerde cannabisconcentraat fascineert liefhebbers al eeuwenlang dankzij zijn lange geschiedenis, conventionele productietechnieken en onderscheidende kracht. In dit blogartikel duiken we in de intrigerende&#8230;<\/p>","protected":false},"featured_media":1473,"comment_status":"open","ping_status":"closed","template":"","meta":{"_kad_post_transparent":"default","_kad_post_title":"","_kad_post_layout":"default","_kad_post_sidebar_id":"","_kad_post_content_style":"default","_kad_post_vertical_padding":"default","_kad_post_feature":"","_kad_post_feature_position":"","_kad_post_header":false,"_kad_post_footer":false,"_joinchat":[]},"product_cat":[31],"product_tag":[],"class_list":["post-1367","product","type-product","status-publish","has-post-thumbnail","hentry","product_cat-hasj","entry","content-bg","loop-entry"],"yoast_head":"<!-- This site is optimized with the Yoast SEO plugin v26.3 - https:\/\/yoast.com\/wordpress\/plugins\/seo\/ -->\n<title>Moraccan Hash - Wiet Koop Winkel<\/title>\n<meta name=\"robots\" content=\"index, follow, max-snippet:-1, max-image-preview:large, max-video-preview:-1\" \/>\n<link rel=\"canonical\" href=\"https:\/\/wietkoopwinkel.com\/fr\/produit\/moraccan-hash\/\" \/>\n<meta property=\"og:locale\" content=\"fr_CA\" \/>\n<meta property=\"og:type\" content=\"article\" \/>\n<meta property=\"og:title\" content=\"Moraccan Hash - Wiet Koop Winkel\" \/>\n<meta property=\"og:description\" content=\"Het eeuwenoude geneesmiddel van Noord-Afrika Marokkaanse hasj is een waardevol verborgen juweeltje dat gewaardeerd wordt door cannabisfans over de hele wereld en zich diep verbergt in de magische landen van Noord-Afrika. Dit gerespecteerde cannabisconcentraat fascineert liefhebbers al eeuwenlang dankzij zijn lange geschiedenis, conventionele productietechnieken en onderscheidende kracht. In dit blogartikel duiken we in de intrigerende...\" \/>\n<meta property=\"og:url\" content=\"https:\/\/wietkoopwinkel.com\/fr\/produit\/moraccan-hash\/\" \/>\n<meta property=\"og:site_name\" content=\"Wiet Koop Winkel\" \/>\n<meta property=\"article:modified_time\" content=\"2024-03-28T23:26:52+00:00\" \/>\n<meta property=\"og:image\" content=\"https:\/\/wietkoopwinkel.com\/wp-content\/uploads\/2023\/09\/Moraccan-Hash-1.jpg\" \/>\n\t<meta property=\"og:image:width\" content=\"600\" \/>\n\t<meta property=\"og:image:height\" content=\"600\" \/>\n\t<meta property=\"og:image:type\" content=\"image\/jpeg\" \/>\n<meta name=\"twitter:card\" content=\"summary_large_image\" \/>\n<meta name=\"twitter:label1\" content=\"Estimation du temps de lecture\" \/>\n\t<meta name=\"twitter:data1\" content=\"1 minute\" \/>\n<script type=\"application\/ld+json\" class=\"yoast-schema-graph\">{\"@context\":\"https:\/\/schema.org\",\"@graph\":[{\"@type\":\"WebPage\",\"@id\":\"https:\/\/wietkoopwinkel.com\/product\/moraccan-hash\/\",\"url\":\"https:\/\/wietkoopwinkel.com\/product\/moraccan-hash\/\",\"name\":\"Moraccan Hash - Wiet Koop Winkel\",\"isPartOf\":{\"@id\":\"https:\/\/wietkoopwinkel.com\/#website\"},\"primaryImageOfPage\":{\"@id\":\"https:\/\/wietkoopwinkel.com\/product\/moraccan-hash\/#primaryimage\"},\"image\":{\"@id\":\"https:\/\/wietkoopwinkel.com\/product\/moraccan-hash\/#primaryimage\"},\"thumbnailUrl\":\"https:\/\/wietkoopwinkel.com\/wp-content\/uploads\/2023\/09\/Moraccan-Hash-1.jpg\",\"datePublished\":\"2023-09-30T10:33:33+00:00\",\"dateModified\":\"2024-03-28T23:26:52+00:00\",\"breadcrumb\":{\"@id\":\"https:\/\/wietkoopwinkel.com\/product\/moraccan-hash\/#breadcrumb\"},\"inLanguage\":\"fr-CA\",\"potentialAction\":[{\"@type\":\"ReadAction\",\"target\":[\"https:\/\/wietkoopwinkel.com\/product\/moraccan-hash\/\"]}]},{\"@type\":\"ImageObject\",\"inLanguage\":\"fr-CA\",\"@id\":\"https:\/\/wietkoopwinkel.com\/product\/moraccan-hash\/#primaryimage\",\"url\":\"https:\/\/wietkoopwinkel.com\/wp-content\/uploads\/2023\/09\/Moraccan-Hash-1.jpg\",\"contentUrl\":\"https:\/\/wietkoopwinkel.com\/wp-content\/uploads\/2023\/09\/Moraccan-Hash-1.jpg\",\"width\":600,\"height\":600,\"caption\":\"Moraccan Hash\"},{\"@type\":\"BreadcrumbList\",\"@id\":\"https:\/\/wietkoopwinkel.com\/product\/moraccan-hash\/#breadcrumb\",\"itemListElement\":[{\"@type\":\"ListItem\",\"position\":1,\"name\":\"Home\",\"item\":\"https:\/\/wietkoopwinkel.com\/\"},{\"@type\":\"ListItem\",\"position\":2,\"name\":\"Winkel\",\"item\":\"https:\/\/wietkoopwinkel.com\/winkel\/\"},{\"@type\":\"ListItem\",\"position\":3,\"name\":\"Moraccan Hash\"}]},{\"@type\":\"WebSite\",\"@id\":\"https:\/\/wietkoopwinkel.com\/#website\",\"url\":\"https:\/\/wietkoopwinkel.com\/\",\"name\":\"Wiet Koop Winkel\",\"description\":\"My WordPress Blog\",\"publisher\":{\"@id\":\"https:\/\/wietkoopwinkel.com\/#organization\"},\"potentialAction\":[{\"@type\":\"SearchAction\",\"target\":{\"@type\":\"EntryPoint\",\"urlTemplate\":\"https:\/\/wietkoopwinkel.com\/?s={search_term_string}\"},\"query-input\":{\"@type\":\"PropertyValueSpecification\",\"valueRequired\":true,\"valueName\":\"search_term_string\"}}],\"inLanguage\":\"fr-CA\"},{\"@type\":\"Organization\",\"@id\":\"https:\/\/wietkoopwinkel.com\/#organization\",\"name\":\"Wiet Koop Winkel\",\"url\":\"https:\/\/wietkoopwinkel.com\/\",\"logo\":{\"@type\":\"ImageObject\",\"inLanguage\":\"fr-CA\",\"@id\":\"https:\/\/wietkoopwinkel.com\/#\/schema\/logo\/image\/\",\"url\":\"https:\/\/wietkoopwinkel.com\/wp-content\/uploads\/2023\/10\/logo.png\",\"contentUrl\":\"https:\/\/wietkoopwinkel.com\/wp-content\/uploads\/2023\/10\/logo.png\",\"width\":400,\"height\":120,\"caption\":\"Wiet Koop Winkel\"},\"image\":{\"@id\":\"https:\/\/wietkoopwinkel.com\/#\/schema\/logo\/image\/\"}}]}<\/script>\n<!-- \/ Yoast SEO plugin. -->","yoast_head_json":{"title":"Moraccan Hash - Wiet Koop Winkel","robots":{"index":"index","follow":"follow","max-snippet":"max-snippet:-1","max-image-preview":"max-image-preview:large","max-video-preview":"max-video-preview:-1"},"canonical":"https:\/\/wietkoopwinkel.com\/fr\/produit\/moraccan-hash\/","og_locale":"fr_CA","og_type":"article","og_title":"Moraccan Hash - Wiet Koop Winkel","og_description":"Het eeuwenoude geneesmiddel van Noord-Afrika Marokkaanse hasj is een waardevol verborgen juweeltje dat gewaardeerd wordt door cannabisfans over de hele wereld en zich diep verbergt in de magische landen van Noord-Afrika. Dit gerespecteerde cannabisconcentraat fascineert liefhebbers al eeuwenlang dankzij zijn lange geschiedenis, conventionele productietechnieken en onderscheidende kracht. In dit blogartikel duiken we in de intrigerende...","og_url":"https:\/\/wietkoopwinkel.com\/fr\/produit\/moraccan-hash\/","og_site_name":"Wiet Koop Winkel","article_modified_time":"2024-03-28T23:26:52+00:00","og_image":[{"width":600,"height":600,"url":"https:\/\/wietkoopwinkel.com\/wp-content\/uploads\/2023\/09\/Moraccan-Hash-1.jpg","type":"image\/jpeg"}],"twitter_card":"summary_large_image","twitter_misc":{"Estimation du temps de lecture":"1 minute"},"schema":{"@context":"https:\/\/schema.org","@graph":[{"@type":"WebPage","@id":"https:\/\/wietkoopwinkel.com\/product\/moraccan-hash\/","url":"https:\/\/wietkoopwinkel.com\/product\/moraccan-hash\/","name":"Moraccan Hash - Wiet Koop Winkel","isPartOf":{"@id":"https:\/\/wietkoopwinkel.com\/#website"},"primaryImageOfPage":{"@id":"https:\/\/wietkoopwinkel.com\/product\/moraccan-hash\/#primaryimage"},"image":{"@id":"https:\/\/wietkoopwinkel.com\/product\/moraccan-hash\/#primaryimage"},"thumbnailUrl":"https:\/\/wietkoopwinkel.com\/wp-content\/uploads\/2023\/09\/Moraccan-Hash-1.jpg","datePublished":"2023-09-30T10:33:33+00:00","dateModified":"2024-03-28T23:26:52+00:00","breadcrumb":{"@id":"https:\/\/wietkoopwinkel.com\/product\/moraccan-hash\/#breadcrumb"},"inLanguage":"fr-CA","potentialAction":[{"@type":"ReadAction","target":["https:\/\/wietkoopwinkel.com\/product\/moraccan-hash\/"]}]},{"@type":"ImageObject","inLanguage":"fr-CA","@id":"https:\/\/wietkoopwinkel.com\/product\/moraccan-hash\/#primaryimage","url":"https:\/\/wietkoopwinkel.com\/wp-content\/uploads\/2023\/09\/Moraccan-Hash-1.jpg","contentUrl":"https:\/\/wietkoopwinkel.com\/wp-content\/uploads\/2023\/09\/Moraccan-Hash-1.jpg","width":600,"height":600,"caption":"Moraccan Hash"},{"@type":"BreadcrumbList","@id":"https:\/\/wietkoopwinkel.com\/product\/moraccan-hash\/#breadcrumb","itemListElement":[{"@type":"ListItem","position":1,"name":"Home","item":"https:\/\/wietkoopwinkel.com\/"},{"@type":"ListItem","position":2,"name":"Winkel","item":"https:\/\/wietkoopwinkel.com\/winkel\/"},{"@type":"ListItem","position":3,"name":"Moraccan Hash"}]},{"@type":"WebSite","@id":"https:\/\/wietkoopwinkel.com\/#website","url":"https:\/\/wietkoopwinkel.com\/","name":"Wiet Koop Winkel","description":"My WordPress Blog","publisher":{"@id":"https:\/\/wietkoopwinkel.com\/#organization"},"potentialAction":[{"@type":"SearchAction","target":{"@type":"EntryPoint","urlTemplate":"https:\/\/wietkoopwinkel.com\/?s={search_term_string}"},"query-input":{"@type":"PropertyValueSpecification","valueRequired":true,"valueName":"search_term_string"}}],"inLanguage":"fr-CA"},{"@type":"Organization","@id":"https:\/\/wietkoopwinkel.com\/#organization","name":"Wiet Koop Winkel","url":"https:\/\/wietkoopwinkel.com\/","logo":{"@type":"ImageObject","inLanguage":"fr-CA","@id":"https:\/\/wietkoopwinkel.com\/#\/schema\/logo\/image\/","url":"https:\/\/wietkoopwinkel.com\/wp-content\/uploads\/2023\/10\/logo.png","contentUrl":"https:\/\/wietkoopwinkel.com\/wp-content\/uploads\/2023\/10\/logo.png","width":400,"height":120,"caption":"Wiet Koop Winkel"},"image":{"@id":"https:\/\/wietkoopwinkel.com\/#\/schema\/logo\/image\/"}}]}},"_links":{"self":[{"href":"https:\/\/wietkoopwinkel.com\/fr\/wp-json\/wp\/v2\/product\/1367","targetHints":{"allow":["GET"]}}],"collection":[{"href":"https:\/\/wietkoopwinkel.com\/fr\/wp-json\/wp\/v2\/product"}],"about":[{"href":"https:\/\/wietkoopwinkel.com\/fr\/wp-json\/wp\/v2\/types\/product"}],"replies":[{"embeddable":true,"href":"https:\/\/wietkoopwinkel.com\/fr\/wp-json\/wp\/v2\/comments?post=1367"}],"wp:featuredmedia":[{"embeddable":true,"href":"https:\/\/wietkoopwinkel.com\/fr\/wp-json\/wp\/v2\/media\/1473"}],"wp:attachment":[{"href":"https:\/\/wietkoopwinkel.com\/fr\/wp-json\/wp\/v2\/media?parent=1367"}],"wp:term":[{"taxonomy":"product_cat","embeddable":true,"href":"https:\/\/wietkoopwinkel.com\/fr\/wp-json\/wp\/v2\/product_cat?post=1367"},{"taxonomy":"product_tag","embeddable":true,"href":"https:\/\/wietkoopwinkel.com\/fr\/wp-json\/wp\/v2\/product_tag?post=1367"}],"curies":[{"name":"wp","href":"https:\/\/api.w.org\/{rel}","templated":true}]}}