{"id":114,"date":"2023-09-22T11:06:43","date_gmt":"2023-09-22T11:06:43","guid":{"rendered":"https:\/\/nembutalhouse.com\/weed\/?post_type=product&#038;p=114"},"modified":"2024-01-03T11:30:05","modified_gmt":"2024-01-03T11:30:05","slug":"jet-fuel","status":"publish","type":"product","link":"https:\/\/wietkoopwinkel.com\/fr\/produit\/jet-fuel\/","title":{"rendered":"Carburant pour avion"},"content":{"rendered":"<p>L'Aspen OG et la High Country Diesel ont \u00e9t\u00e9 crois\u00e9es pour donner naissance \u00e0 la Jet Fuel, mieux connue sous le nom de \"G6\", un hybride \u00e0 dominante indica avec un ratio de 70% indica\/30% sativa. La Jet Fuel est souvent appel\u00e9e la \"coca\u00efne de la marijuana\" en raison de sa forte teneur en THC (17-19% en moyenne) et de ses effets puissants. Vous comprendrez pourquoi apr\u00e8s avoir consomm\u00e9 une seule fois cette puissante marijuana. Votre front et la zone situ\u00e9e derri\u00e8re vos yeux ressentent les effets imm\u00e9diats de la d\u00e9fonce au Jet Fuel. Vous ressentez de l'euphorie et de l'exaltation, ainsi qu'un picotement d'\u00e9nergie mentale qui vous donne parfois des vertiges incroyables. Votre corps succombera \u00e0 un sentiment de relaxation totale sans s\u00e9dation tandis que votre esprit flottera dans les airs. Au lieu de rester assis sur le canap\u00e9, vous serez extr\u00eamement paresseux. En raison de ses effets puissants, Jet Fuel est souvent choisi par les patients pour traiter la fatigue chronique, les migraines ou les c\u00e9phal\u00e9es de tension, le stress persistant, les sautes d'humeur et la d\u00e9pression. La Jet Fuel a des bourgeons grossiers, plats, en forme de c\u0153ur, de couleur vert olive, avec des poils ambre duveteux recouverts de trichomes de cristaux ambre \u00e9tincelants. L'ar\u00f4me est tr\u00e8s fort et a un arri\u00e8re-go\u00fbt de diesel avec des accents doux de mouffette. L'odeur de Jet Fuel est consid\u00e9rablement plus puissante ; elle a une forte influence de diesel en plus de la mouffette douce et du pin.<\/p>","protected":false},"excerpt":{"rendered":"<p>Aspen OG en High Country Diesel werden gekruist om Jet Fuel te genereren, ook beter bekend als &#8216;G6&#8217;, een indica-dominante hybride met een verhouding van 70% indica\/30% sativa. Jet Fuel wordt vaak de \u2018coca\u00efne van de marihuana\u2019 genoemd vanwege het krachtige THC-gehalte van gemiddeld 17-19% en de krachtige effecten. En nadat u slechts \u00e9\u00e9n klap&#8230;<\/p>","protected":false},"featured_media":115,"comment_status":"open","ping_status":"closed","template":"","meta":{"_kad_post_transparent":"default","_kad_post_title":"","_kad_post_layout":"default","_kad_post_sidebar_id":"","_kad_post_content_style":"default","_kad_post_vertical_padding":"default","_kad_post_feature":"","_kad_post_feature_position":"","_kad_post_header":false,"_kad_post_footer":false,"_joinchat":[]},"product_cat":[17],"product_tag":[],"class_list":["post-114","product","type-product","status-publish","has-post-thumbnail","hentry","product_cat-wiet","entry","content-bg","loop-entry"],"yoast_head":"<!-- This site is optimized with the Yoast SEO plugin v26.3 - https:\/\/yoast.com\/wordpress\/plugins\/seo\/ -->\n<title>Jet Fuel - Wiet Koop Winkel<\/title>\n<meta name=\"robots\" content=\"index, follow, max-snippet:-1, max-image-preview:large, max-video-preview:-1\" \/>\n<link rel=\"canonical\" href=\"https:\/\/wietkoopwinkel.com\/fr\/produit\/jet-fuel\/\" \/>\n<meta property=\"og:locale\" content=\"fr_CA\" \/>\n<meta property=\"og:type\" content=\"article\" \/>\n<meta property=\"og:title\" content=\"Jet Fuel - Wiet Koop Winkel\" \/>\n<meta property=\"og:description\" content=\"Aspen OG en High Country Diesel werden gekruist om Jet Fuel te genereren, ook beter bekend als &#8216;G6&#8217;, een indica-dominante hybride met een verhouding van 70% indica\/30% sativa. Jet Fuel wordt vaak de \u2018coca\u00efne van de marihuana\u2019 genoemd vanwege het krachtige THC-gehalte van gemiddeld 17-19% en de krachtige effecten. En nadat u slechts \u00e9\u00e9n klap...\" \/>\n<meta property=\"og:url\" content=\"https:\/\/wietkoopwinkel.com\/fr\/produit\/jet-fuel\/\" \/>\n<meta property=\"og:site_name\" content=\"Wiet Koop Winkel\" \/>\n<meta property=\"article:modified_time\" content=\"2024-01-03T11:30:05+00:00\" \/>\n<meta property=\"og:image\" content=\"https:\/\/wietkoopwinkel.com\/wp-content\/uploads\/2023\/09\/Jet-Fuel.jpg\" \/>\n\t<meta property=\"og:image:width\" content=\"960\" \/>\n\t<meta property=\"og:image:height\" content=\"1280\" \/>\n\t<meta property=\"og:image:type\" content=\"image\/jpeg\" \/>\n<meta name=\"twitter:card\" content=\"summary_large_image\" \/>\n<meta name=\"twitter:label1\" content=\"Estimation du temps de lecture\" \/>\n\t<meta name=\"twitter:data1\" content=\"1 minute\" \/>\n<script type=\"application\/ld+json\" class=\"yoast-schema-graph\">{\"@context\":\"https:\/\/schema.org\",\"@graph\":[{\"@type\":\"WebPage\",\"@id\":\"https:\/\/wietkoopwinkel.com\/product\/jet-fuel\/\",\"url\":\"https:\/\/wietkoopwinkel.com\/product\/jet-fuel\/\",\"name\":\"Jet Fuel - Wiet Koop Winkel\",\"isPartOf\":{\"@id\":\"https:\/\/wietkoopwinkel.com\/#website\"},\"primaryImageOfPage\":{\"@id\":\"https:\/\/wietkoopwinkel.com\/product\/jet-fuel\/#primaryimage\"},\"image\":{\"@id\":\"https:\/\/wietkoopwinkel.com\/product\/jet-fuel\/#primaryimage\"},\"thumbnailUrl\":\"https:\/\/wietkoopwinkel.com\/wp-content\/uploads\/2023\/09\/Jet-Fuel.jpg\",\"datePublished\":\"2023-09-22T11:06:43+00:00\",\"dateModified\":\"2024-01-03T11:30:05+00:00\",\"breadcrumb\":{\"@id\":\"https:\/\/wietkoopwinkel.com\/product\/jet-fuel\/#breadcrumb\"},\"inLanguage\":\"fr-CA\",\"potentialAction\":[{\"@type\":\"ReadAction\",\"target\":[\"https:\/\/wietkoopwinkel.com\/product\/jet-fuel\/\"]}]},{\"@type\":\"ImageObject\",\"inLanguage\":\"fr-CA\",\"@id\":\"https:\/\/wietkoopwinkel.com\/product\/jet-fuel\/#primaryimage\",\"url\":\"https:\/\/wietkoopwinkel.com\/wp-content\/uploads\/2023\/09\/Jet-Fuel.jpg\",\"contentUrl\":\"https:\/\/wietkoopwinkel.com\/wp-content\/uploads\/2023\/09\/Jet-Fuel.jpg\",\"width\":960,\"height\":1280,\"caption\":\"Jet Fuel\"},{\"@type\":\"BreadcrumbList\",\"@id\":\"https:\/\/wietkoopwinkel.com\/product\/jet-fuel\/#breadcrumb\",\"itemListElement\":[{\"@type\":\"ListItem\",\"position\":1,\"name\":\"Home\",\"item\":\"https:\/\/wietkoopwinkel.com\/\"},{\"@type\":\"ListItem\",\"position\":2,\"name\":\"Winkel\",\"item\":\"https:\/\/wietkoopwinkel.com\/winkel\/\"},{\"@type\":\"ListItem\",\"position\":3,\"name\":\"Jet Fuel\"}]},{\"@type\":\"WebSite\",\"@id\":\"https:\/\/wietkoopwinkel.com\/#website\",\"url\":\"https:\/\/wietkoopwinkel.com\/\",\"name\":\"Wiet Koop Winkel\",\"description\":\"My WordPress Blog\",\"publisher\":{\"@id\":\"https:\/\/wietkoopwinkel.com\/#organization\"},\"potentialAction\":[{\"@type\":\"SearchAction\",\"target\":{\"@type\":\"EntryPoint\",\"urlTemplate\":\"https:\/\/wietkoopwinkel.com\/?s={search_term_string}\"},\"query-input\":{\"@type\":\"PropertyValueSpecification\",\"valueRequired\":true,\"valueName\":\"search_term_string\"}}],\"inLanguage\":\"fr-CA\"},{\"@type\":\"Organization\",\"@id\":\"https:\/\/wietkoopwinkel.com\/#organization\",\"name\":\"Wiet Koop Winkel\",\"url\":\"https:\/\/wietkoopwinkel.com\/\",\"logo\":{\"@type\":\"ImageObject\",\"inLanguage\":\"fr-CA\",\"@id\":\"https:\/\/wietkoopwinkel.com\/#\/schema\/logo\/image\/\",\"url\":\"https:\/\/wietkoopwinkel.com\/wp-content\/uploads\/2023\/10\/logo.png\",\"contentUrl\":\"https:\/\/wietkoopwinkel.com\/wp-content\/uploads\/2023\/10\/logo.png\",\"width\":400,\"height\":120,\"caption\":\"Wiet Koop Winkel\"},\"image\":{\"@id\":\"https:\/\/wietkoopwinkel.com\/#\/schema\/logo\/image\/\"}}]}<\/script>\n<!-- \/ Yoast SEO plugin. -->","yoast_head_json":{"title":"Jet Fuel - Wiet Koop Winkel","robots":{"index":"index","follow":"follow","max-snippet":"max-snippet:-1","max-image-preview":"max-image-preview:large","max-video-preview":"max-video-preview:-1"},"canonical":"https:\/\/wietkoopwinkel.com\/fr\/produit\/jet-fuel\/","og_locale":"fr_CA","og_type":"article","og_title":"Jet Fuel - Wiet Koop Winkel","og_description":"Aspen OG en High Country Diesel werden gekruist om Jet Fuel te genereren, ook beter bekend als &#8216;G6&#8217;, een indica-dominante hybride met een verhouding van 70% indica\/30% sativa. Jet Fuel wordt vaak de \u2018coca\u00efne van de marihuana\u2019 genoemd vanwege het krachtige THC-gehalte van gemiddeld 17-19% en de krachtige effecten. En nadat u slechts \u00e9\u00e9n klap...","og_url":"https:\/\/wietkoopwinkel.com\/fr\/produit\/jet-fuel\/","og_site_name":"Wiet Koop Winkel","article_modified_time":"2024-01-03T11:30:05+00:00","og_image":[{"width":960,"height":1280,"url":"https:\/\/wietkoopwinkel.com\/wp-content\/uploads\/2023\/09\/Jet-Fuel.jpg","type":"image\/jpeg"}],"twitter_card":"summary_large_image","twitter_misc":{"Estimation du temps de lecture":"1 minute"},"schema":{"@context":"https:\/\/schema.org","@graph":[{"@type":"WebPage","@id":"https:\/\/wietkoopwinkel.com\/product\/jet-fuel\/","url":"https:\/\/wietkoopwinkel.com\/product\/jet-fuel\/","name":"Jet Fuel - Wiet Koop Winkel","isPartOf":{"@id":"https:\/\/wietkoopwinkel.com\/#website"},"primaryImageOfPage":{"@id":"https:\/\/wietkoopwinkel.com\/product\/jet-fuel\/#primaryimage"},"image":{"@id":"https:\/\/wietkoopwinkel.com\/product\/jet-fuel\/#primaryimage"},"thumbnailUrl":"https:\/\/wietkoopwinkel.com\/wp-content\/uploads\/2023\/09\/Jet-Fuel.jpg","datePublished":"2023-09-22T11:06:43+00:00","dateModified":"2024-01-03T11:30:05+00:00","breadcrumb":{"@id":"https:\/\/wietkoopwinkel.com\/product\/jet-fuel\/#breadcrumb"},"inLanguage":"fr-CA","potentialAction":[{"@type":"ReadAction","target":["https:\/\/wietkoopwinkel.com\/product\/jet-fuel\/"]}]},{"@type":"ImageObject","inLanguage":"fr-CA","@id":"https:\/\/wietkoopwinkel.com\/product\/jet-fuel\/#primaryimage","url":"https:\/\/wietkoopwinkel.com\/wp-content\/uploads\/2023\/09\/Jet-Fuel.jpg","contentUrl":"https:\/\/wietkoopwinkel.com\/wp-content\/uploads\/2023\/09\/Jet-Fuel.jpg","width":960,"height":1280,"caption":"Jet Fuel"},{"@type":"BreadcrumbList","@id":"https:\/\/wietkoopwinkel.com\/product\/jet-fuel\/#breadcrumb","itemListElement":[{"@type":"ListItem","position":1,"name":"Home","item":"https:\/\/wietkoopwinkel.com\/"},{"@type":"ListItem","position":2,"name":"Winkel","item":"https:\/\/wietkoopwinkel.com\/winkel\/"},{"@type":"ListItem","position":3,"name":"Jet Fuel"}]},{"@type":"WebSite","@id":"https:\/\/wietkoopwinkel.com\/#website","url":"https:\/\/wietkoopwinkel.com\/","name":"Wiet Koop Winkel","description":"My WordPress Blog","publisher":{"@id":"https:\/\/wietkoopwinkel.com\/#organization"},"potentialAction":[{"@type":"SearchAction","target":{"@type":"EntryPoint","urlTemplate":"https:\/\/wietkoopwinkel.com\/?s={search_term_string}"},"query-input":{"@type":"PropertyValueSpecification","valueRequired":true,"valueName":"search_term_string"}}],"inLanguage":"fr-CA"},{"@type":"Organization","@id":"https:\/\/wietkoopwinkel.com\/#organization","name":"Wiet Koop Winkel","url":"https:\/\/wietkoopwinkel.com\/","logo":{"@type":"ImageObject","inLanguage":"fr-CA","@id":"https:\/\/wietkoopwinkel.com\/#\/schema\/logo\/image\/","url":"https:\/\/wietkoopwinkel.com\/wp-content\/uploads\/2023\/10\/logo.png","contentUrl":"https:\/\/wietkoopwinkel.com\/wp-content\/uploads\/2023\/10\/logo.png","width":400,"height":120,"caption":"Wiet Koop Winkel"},"image":{"@id":"https:\/\/wietkoopwinkel.com\/#\/schema\/logo\/image\/"}}]}},"_links":{"self":[{"href":"https:\/\/wietkoopwinkel.com\/fr\/wp-json\/wp\/v2\/product\/114","targetHints":{"allow":["GET"]}}],"collection":[{"href":"https:\/\/wietkoopwinkel.com\/fr\/wp-json\/wp\/v2\/product"}],"about":[{"href":"https:\/\/wietkoopwinkel.com\/fr\/wp-json\/wp\/v2\/types\/product"}],"replies":[{"embeddable":true,"href":"https:\/\/wietkoopwinkel.com\/fr\/wp-json\/wp\/v2\/comments?post=114"}],"wp:featuredmedia":[{"embeddable":true,"href":"https:\/\/wietkoopwinkel.com\/fr\/wp-json\/wp\/v2\/media\/115"}],"wp:attachment":[{"href":"https:\/\/wietkoopwinkel.com\/fr\/wp-json\/wp\/v2\/media?parent=114"}],"wp:term":[{"taxonomy":"product_cat","embeddable":true,"href":"https:\/\/wietkoopwinkel.com\/fr\/wp-json\/wp\/v2\/product_cat?post=114"},{"taxonomy":"product_tag","embeddable":true,"href":"https:\/\/wietkoopwinkel.com\/fr\/wp-json\/wp\/v2\/product_tag?post=114"}],"curies":[{"name":"wp","href":"https:\/\/api.w.org\/{rel}","templated":true}]}}