{"id":61,"date":"2023-09-22T09:01:28","date_gmt":"2023-09-22T09:01:28","guid":{"rendered":"https:\/\/nembutalhouse.com\/weed\/?post_type=product&#038;p=61"},"modified":"2023-10-07T09:53:27","modified_gmt":"2023-10-07T09:53:27","slug":"jack-herer","status":"publish","type":"product","link":"https:\/\/wietkoopwinkel.com\/es\/producto\/jack-herer\/","title":{"rendered":"Jack Herer"},"content":{"rendered":"<p>La Cookies &amp; Cream es un h\u00edbrido de cannabis diverso que presenta una mezcla m\u00e1s agradable de sabores y aromas, junto con efectos bien equilibrados, as\u00ed que los amantes de las cepas dulces y decadentes deben tener cuidado. En este art\u00edculo, exploraremos la gen\u00e9tica, el sabor y las caracter\u00edsticas de crecimiento de la Cookies &amp; Cream, as\u00ed como sus efectos percibidos, beneficios, dosis sugeridas y efectos negativos.<\/p>\n<h2>Antecedentes de la gen\u00e9tica de las galletas y la nata<\/h2>\n<p>Exotic Genetix, un reputado criador de cannabis del estado de Washington, desarroll\u00f3 la variedad h\u00edbrida de cannabis Cookies and Cream. La Girl Scout Cookies y la Starfighter se cruzaron para producir esta variedad potente y sabrosa, que ha conquistado los corazones de muchos entendidos del cannabis.<\/p>\n<p>Girl Scout Cookies es conocida por su sabor dulce y terroso que recuerda a la pasteler\u00eda. Ha ganado multitud de premios, incluida la High Times Cannabis Cup. La variedad \u00edndica pura Starfighter, por su parte, tiene un aroma maravilloso y un impacto f\u00edsico relajante.<\/p>\n<p>Al heredar los mejores rasgos de ambas cepas parentales, Cookies &amp; Cream produjo una cepa con un aroma delicioso y efectos bien equilibrados, convirti\u00e9ndola en la favorita de una gran variedad de aficionados al cannabis.<\/p>\n<h3>OLOR, SABOR E IMPACTO DE LA NATA Y LAS GALLETAS<\/h3>\n<p>Cookies and Cream, como su nombre indica, tiene un sabor dulce y cremoso con trazas de vainilla, frutos secos y tierra. Esto se debe a un perfil de terpenos con limoneno, cariofileno y mirceno como componentes principales. El aroma de la cepa es alimonado debido al limoneno; tiene un sabor picante y a pimienta gracias al cariofileno; y tiene un efecto calmante, principalmente gracias al mirceno.<\/p>\n<p>El contenido de THC de Cookies and Cream, que oscila entre 20% y 25%, la convierte en una cepa relativamente fuerte. El subid\u00f3n tiene varios efectos, entre ellos edificantes y calmantes. Despu\u00e9s de unas cuantas caladas, una explosi\u00f3n de efecto intelectual que potencia la creatividad y mejora el estado de \u00e1nimo toma el control, seguida de una sensaci\u00f3n de calma f\u00edsica a medida que se sigue consumiendo. Esta cepa funciona mejor en dosis moderadas como tentempi\u00e9; en cantidades mayores, la sensaci\u00f3n de coloc\u00f3n inducido la convierte en la gorra nocturna ideal.<\/p>\n<h3>VENTAJAS DE UTILIZAR NATA Y GALLETAS<\/h3>\n<p>Se cree que la Cookies and Cream tiene una serie de beneficios distintos, como la reducci\u00f3n del estr\u00e9s, el alivio del dolor, la estimulaci\u00f3n del apetito y la mejora del sue\u00f1o. Mientras que las propiedades analg\u00e9sicas de la cepa pueden ser \u00fatiles para controlar el dolor cr\u00f3nico, sus efectos calmantes pueden ayudar a reducir el impacto del estr\u00e9s y la ansiedad. Adem\u00e1s, Biscuits and Cream puede aumentar el apetito, por lo que es adecuada para personas cuyas afecciones m\u00e9dicas les han hecho perder el apetito.<\/p>","protected":false},"excerpt":{"rendered":"<p>Cookies &amp; Cream is een gevarieerde cannabishybride die een mooiere mix van smaken en geuren laat zien, samen met goed uitgebalanceerde effecten, dus liefhebbers van zoete en decadente soorten opgelet. In dit artikel zullen we de genetica, smaak en groei-eigenschappen van Cookies &amp; Cream onderzoeken, evenals de waargenomen effecten, voordelen, voorgestelde doseringen en negatieve effecten&#8230;.<\/p>","protected":false},"featured_media":371,"comment_status":"open","ping_status":"closed","template":"","meta":{"_kad_post_transparent":"default","_kad_post_title":"","_kad_post_layout":"default","_kad_post_sidebar_id":"","_kad_post_content_style":"default","_kad_post_vertical_padding":"default","_kad_post_feature":"","_kad_post_feature_position":"","_kad_post_header":false,"_kad_post_footer":false,"_joinchat":[]},"product_cat":[17],"product_tag":[],"class_list":["post-61","product","type-product","status-publish","has-post-thumbnail","hentry","product_cat-wiet","entry","content-bg","loop-entry"],"yoast_head":"<!-- This site is optimized with the Yoast SEO plugin v26.3 - https:\/\/yoast.com\/wordpress\/plugins\/seo\/ -->\n<title>Jack Herer - Wiet Koop Winkel<\/title>\n<meta name=\"robots\" content=\"index, follow, max-snippet:-1, max-image-preview:large, max-video-preview:-1\" \/>\n<link rel=\"canonical\" href=\"https:\/\/wietkoopwinkel.com\/es\/producto\/jack-herer\/\" \/>\n<meta property=\"og:locale\" content=\"es_ES\" \/>\n<meta property=\"og:type\" content=\"article\" \/>\n<meta property=\"og:title\" content=\"Jack Herer - Wiet Koop Winkel\" \/>\n<meta property=\"og:description\" content=\"Cookies &amp; Cream is een gevarieerde cannabishybride die een mooiere mix van smaken en geuren laat zien, samen met goed uitgebalanceerde effecten, dus liefhebbers van zoete en decadente soorten opgelet. In dit artikel zullen we de genetica, smaak en groei-eigenschappen van Cookies &amp; Cream onderzoeken, evenals de waargenomen effecten, voordelen, voorgestelde doseringen en negatieve effecten....\" \/>\n<meta property=\"og:url\" content=\"https:\/\/wietkoopwinkel.com\/es\/producto\/jack-herer\/\" \/>\n<meta property=\"og:site_name\" content=\"Wiet Koop Winkel\" \/>\n<meta property=\"article:modified_time\" content=\"2023-10-07T09:53:27+00:00\" \/>\n<meta property=\"og:image\" content=\"https:\/\/wietkoopwinkel.com\/wp-content\/uploads\/2023\/09\/Jack-Herer-1.jpg\" \/>\n\t<meta property=\"og:image:width\" content=\"960\" \/>\n\t<meta property=\"og:image:height\" content=\"1280\" \/>\n\t<meta property=\"og:image:type\" content=\"image\/jpeg\" \/>\n<meta name=\"twitter:card\" content=\"summary_large_image\" \/>\n<meta name=\"twitter:label1\" content=\"Tiempo de lectura\" \/>\n\t<meta name=\"twitter:data1\" content=\"2 minutos\" \/>\n<script type=\"application\/ld+json\" class=\"yoast-schema-graph\">{\"@context\":\"https:\/\/schema.org\",\"@graph\":[{\"@type\":\"WebPage\",\"@id\":\"https:\/\/wietkoopwinkel.com\/product\/jack-herer\/\",\"url\":\"https:\/\/wietkoopwinkel.com\/product\/jack-herer\/\",\"name\":\"Jack Herer - Wiet Koop Winkel\",\"isPartOf\":{\"@id\":\"https:\/\/wietkoopwinkel.com\/#website\"},\"primaryImageOfPage\":{\"@id\":\"https:\/\/wietkoopwinkel.com\/product\/jack-herer\/#primaryimage\"},\"image\":{\"@id\":\"https:\/\/wietkoopwinkel.com\/product\/jack-herer\/#primaryimage\"},\"thumbnailUrl\":\"https:\/\/wietkoopwinkel.com\/wp-content\/uploads\/2023\/09\/Jack-Herer-1.jpg\",\"datePublished\":\"2023-09-22T09:01:28+00:00\",\"dateModified\":\"2023-10-07T09:53:27+00:00\",\"breadcrumb\":{\"@id\":\"https:\/\/wietkoopwinkel.com\/product\/jack-herer\/#breadcrumb\"},\"inLanguage\":\"es\",\"potentialAction\":[{\"@type\":\"ReadAction\",\"target\":[\"https:\/\/wietkoopwinkel.com\/product\/jack-herer\/\"]}]},{\"@type\":\"ImageObject\",\"inLanguage\":\"es\",\"@id\":\"https:\/\/wietkoopwinkel.com\/product\/jack-herer\/#primaryimage\",\"url\":\"https:\/\/wietkoopwinkel.com\/wp-content\/uploads\/2023\/09\/Jack-Herer-1.jpg\",\"contentUrl\":\"https:\/\/wietkoopwinkel.com\/wp-content\/uploads\/2023\/09\/Jack-Herer-1.jpg\",\"width\":960,\"height\":1280,\"caption\":\"Jack Herer\"},{\"@type\":\"BreadcrumbList\",\"@id\":\"https:\/\/wietkoopwinkel.com\/product\/jack-herer\/#breadcrumb\",\"itemListElement\":[{\"@type\":\"ListItem\",\"position\":1,\"name\":\"Home\",\"item\":\"https:\/\/wietkoopwinkel.com\/\"},{\"@type\":\"ListItem\",\"position\":2,\"name\":\"Winkel\",\"item\":\"https:\/\/wietkoopwinkel.com\/winkel\/\"},{\"@type\":\"ListItem\",\"position\":3,\"name\":\"Jack Herer\"}]},{\"@type\":\"WebSite\",\"@id\":\"https:\/\/wietkoopwinkel.com\/#website\",\"url\":\"https:\/\/wietkoopwinkel.com\/\",\"name\":\"Wiet Koop Winkel\",\"description\":\"My WordPress Blog\",\"publisher\":{\"@id\":\"https:\/\/wietkoopwinkel.com\/#organization\"},\"potentialAction\":[{\"@type\":\"SearchAction\",\"target\":{\"@type\":\"EntryPoint\",\"urlTemplate\":\"https:\/\/wietkoopwinkel.com\/?s={search_term_string}\"},\"query-input\":{\"@type\":\"PropertyValueSpecification\",\"valueRequired\":true,\"valueName\":\"search_term_string\"}}],\"inLanguage\":\"es\"},{\"@type\":\"Organization\",\"@id\":\"https:\/\/wietkoopwinkel.com\/#organization\",\"name\":\"Wiet Koop Winkel\",\"url\":\"https:\/\/wietkoopwinkel.com\/\",\"logo\":{\"@type\":\"ImageObject\",\"inLanguage\":\"es\",\"@id\":\"https:\/\/wietkoopwinkel.com\/#\/schema\/logo\/image\/\",\"url\":\"https:\/\/wietkoopwinkel.com\/wp-content\/uploads\/2023\/10\/logo.png\",\"contentUrl\":\"https:\/\/wietkoopwinkel.com\/wp-content\/uploads\/2023\/10\/logo.png\",\"width\":400,\"height\":120,\"caption\":\"Wiet Koop Winkel\"},\"image\":{\"@id\":\"https:\/\/wietkoopwinkel.com\/#\/schema\/logo\/image\/\"}}]}<\/script>\n<!-- \/ Yoast SEO plugin. -->","yoast_head_json":{"title":"Jack Herer - Wiet Koop Winkel","robots":{"index":"index","follow":"follow","max-snippet":"max-snippet:-1","max-image-preview":"max-image-preview:large","max-video-preview":"max-video-preview:-1"},"canonical":"https:\/\/wietkoopwinkel.com\/es\/producto\/jack-herer\/","og_locale":"es_ES","og_type":"article","og_title":"Jack Herer - Wiet Koop Winkel","og_description":"Cookies &amp; Cream is een gevarieerde cannabishybride die een mooiere mix van smaken en geuren laat zien, samen met goed uitgebalanceerde effecten, dus liefhebbers van zoete en decadente soorten opgelet. In dit artikel zullen we de genetica, smaak en groei-eigenschappen van Cookies &amp; Cream onderzoeken, evenals de waargenomen effecten, voordelen, voorgestelde doseringen en negatieve effecten....","og_url":"https:\/\/wietkoopwinkel.com\/es\/producto\/jack-herer\/","og_site_name":"Wiet Koop Winkel","article_modified_time":"2023-10-07T09:53:27+00:00","og_image":[{"width":960,"height":1280,"url":"https:\/\/wietkoopwinkel.com\/wp-content\/uploads\/2023\/09\/Jack-Herer-1.jpg","type":"image\/jpeg"}],"twitter_card":"summary_large_image","twitter_misc":{"Tiempo de lectura":"2 minutos"},"schema":{"@context":"https:\/\/schema.org","@graph":[{"@type":"WebPage","@id":"https:\/\/wietkoopwinkel.com\/product\/jack-herer\/","url":"https:\/\/wietkoopwinkel.com\/product\/jack-herer\/","name":"Jack Herer - Wiet Koop Winkel","isPartOf":{"@id":"https:\/\/wietkoopwinkel.com\/#website"},"primaryImageOfPage":{"@id":"https:\/\/wietkoopwinkel.com\/product\/jack-herer\/#primaryimage"},"image":{"@id":"https:\/\/wietkoopwinkel.com\/product\/jack-herer\/#primaryimage"},"thumbnailUrl":"https:\/\/wietkoopwinkel.com\/wp-content\/uploads\/2023\/09\/Jack-Herer-1.jpg","datePublished":"2023-09-22T09:01:28+00:00","dateModified":"2023-10-07T09:53:27+00:00","breadcrumb":{"@id":"https:\/\/wietkoopwinkel.com\/product\/jack-herer\/#breadcrumb"},"inLanguage":"es","potentialAction":[{"@type":"ReadAction","target":["https:\/\/wietkoopwinkel.com\/product\/jack-herer\/"]}]},{"@type":"ImageObject","inLanguage":"es","@id":"https:\/\/wietkoopwinkel.com\/product\/jack-herer\/#primaryimage","url":"https:\/\/wietkoopwinkel.com\/wp-content\/uploads\/2023\/09\/Jack-Herer-1.jpg","contentUrl":"https:\/\/wietkoopwinkel.com\/wp-content\/uploads\/2023\/09\/Jack-Herer-1.jpg","width":960,"height":1280,"caption":"Jack Herer"},{"@type":"BreadcrumbList","@id":"https:\/\/wietkoopwinkel.com\/product\/jack-herer\/#breadcrumb","itemListElement":[{"@type":"ListItem","position":1,"name":"Home","item":"https:\/\/wietkoopwinkel.com\/"},{"@type":"ListItem","position":2,"name":"Winkel","item":"https:\/\/wietkoopwinkel.com\/winkel\/"},{"@type":"ListItem","position":3,"name":"Jack Herer"}]},{"@type":"WebSite","@id":"https:\/\/wietkoopwinkel.com\/#website","url":"https:\/\/wietkoopwinkel.com\/","name":"Wiet Koop Winkel","description":"My WordPress Blog","publisher":{"@id":"https:\/\/wietkoopwinkel.com\/#organization"},"potentialAction":[{"@type":"SearchAction","target":{"@type":"EntryPoint","urlTemplate":"https:\/\/wietkoopwinkel.com\/?s={search_term_string}"},"query-input":{"@type":"PropertyValueSpecification","valueRequired":true,"valueName":"search_term_string"}}],"inLanguage":"es"},{"@type":"Organization","@id":"https:\/\/wietkoopwinkel.com\/#organization","name":"Wiet Koop Winkel","url":"https:\/\/wietkoopwinkel.com\/","logo":{"@type":"ImageObject","inLanguage":"es","@id":"https:\/\/wietkoopwinkel.com\/#\/schema\/logo\/image\/","url":"https:\/\/wietkoopwinkel.com\/wp-content\/uploads\/2023\/10\/logo.png","contentUrl":"https:\/\/wietkoopwinkel.com\/wp-content\/uploads\/2023\/10\/logo.png","width":400,"height":120,"caption":"Wiet Koop Winkel"},"image":{"@id":"https:\/\/wietkoopwinkel.com\/#\/schema\/logo\/image\/"}}]}},"_links":{"self":[{"href":"https:\/\/wietkoopwinkel.com\/es\/wp-json\/wp\/v2\/product\/61","targetHints":{"allow":["GET"]}}],"collection":[{"href":"https:\/\/wietkoopwinkel.com\/es\/wp-json\/wp\/v2\/product"}],"about":[{"href":"https:\/\/wietkoopwinkel.com\/es\/wp-json\/wp\/v2\/types\/product"}],"replies":[{"embeddable":true,"href":"https:\/\/wietkoopwinkel.com\/es\/wp-json\/wp\/v2\/comments?post=61"}],"wp:featuredmedia":[{"embeddable":true,"href":"https:\/\/wietkoopwinkel.com\/es\/wp-json\/wp\/v2\/media\/371"}],"wp:attachment":[{"href":"https:\/\/wietkoopwinkel.com\/es\/wp-json\/wp\/v2\/media?parent=61"}],"wp:term":[{"taxonomy":"product_cat","embeddable":true,"href":"https:\/\/wietkoopwinkel.com\/es\/wp-json\/wp\/v2\/product_cat?post=61"},{"taxonomy":"product_tag","embeddable":true,"href":"https:\/\/wietkoopwinkel.com\/es\/wp-json\/wp\/v2\/product_tag?post=61"}],"curies":[{"name":"wp","href":"https:\/\/api.w.org\/{rel}","templated":true}]}}