{"id":1391,"date":"2023-09-30T10:46:42","date_gmt":"2023-09-30T10:46:42","guid":{"rendered":"https:\/\/nembutalhouse.com\/weed\/?post_type=product&#038;p=1391"},"modified":"2024-04-04T03:00:04","modified_gmt":"2024-04-04T03:00:04","slug":"sour-diesel-cannabis-oil","status":"publish","type":"product","link":"https:\/\/wietkoopwinkel.com\/es\/producto\/sour-diesel-cannabis-oil\/","title":{"rendered":"Aceite de cannabis Sour Diesel"},"content":{"rendered":"<h2>La descendencia de Original Diesel, Northern Light, Shiva y Hawaiian es Sour Diesel.<\/h2>\n<p>La Sour Diesel es originaria de California, al igual que muchas de las mejores variedades de cannabis disponibles en la actualidad. Muchos fumadores y cultivadores la consideran su favorita. Esta fuerte gen\u00e9tica americana prospera bien en cualquier ambiente de interior, pero necesita temperaturas c\u00e1lidas, como las de California o Espa\u00f1a, para prosperar en exterior. Para producir la Sour Diesel, los criadores combinaron una variedad de cepas legendarias, como la Original Diesel, la Northern Light, la Shiva y la Hawaiian.<\/p>\n<h3>Caracter\u00edsticas del crecimiento del gas\u00f3leo \u00e1cido<\/h3>\n<p>Esta cepa es principalmente Sativa, lo que es evidente tanto en su patr\u00f3n de crecimiento como en el potente subid\u00f3n que produce cuando se consume. En el transcurso de un ciclo de floraci\u00f3n de 10 semanas, la planta produce flores pegajosas y un potente aroma. Estas plantas crecen alrededor de 100-130 cm de altura, con algo de estiramiento durante la floraci\u00f3n temprana.<\/p>\n<h3>El sabor y el olor del gas\u00f3leo agrio<\/h3>\n<p>Una cepa muy fuerte y fragante, diesel agria. Los espumosos cogollos desprenden fuertes sabores qu\u00edmicos, herb\u00e1ceos y agrios. Si se cultiva correctamente, produce rendimientos de 450-600 gramos por metro cuadrado. Estos rendimientos son tanto grandes en n\u00famero como excelentes en calidad, produciendo cogollos arom\u00e1ticos y resinosos. Totalmente diesel.<\/p>","protected":false},"excerpt":{"rendered":"<p>De nakomelingen van Original Diesel, Northern Light, Shiva en Hawaiian zijn Sour Diesel. Sour Diesel komt oorspronkelijk uit Californi\u00eb, net als veel van de beste cannabissoorten die tegenwoordig verkrijgbaar zijn. Veel rokers en kwekers beschouwen het als hun favoriet. Deze sterke Amerikaanse genetica gedijt goed in elke binnenomgeving, maar heeft een warme temperatuur nodig, zoals&#8230;<\/p>","protected":false},"featured_media":1410,"comment_status":"open","ping_status":"closed","template":"","meta":{"_kad_post_transparent":"default","_kad_post_title":"","_kad_post_layout":"default","_kad_post_sidebar_id":"","_kad_post_content_style":"default","_kad_post_vertical_padding":"default","_kad_post_feature":"","_kad_post_feature_position":"","_kad_post_header":false,"_kad_post_footer":false,"_joinchat":[]},"product_cat":[30],"product_tag":[],"class_list":["post-1391","product","type-product","status-publish","has-post-thumbnail","hentry","product_cat-cannabis-thc-olie","entry","content-bg","loop-entry"],"yoast_head":"<!-- This site is optimized with the Yoast SEO plugin v26.3 - https:\/\/yoast.com\/wordpress\/plugins\/seo\/ -->\n<title>Sour Diesel Cannabis Oil - Wiet Koop Winkel<\/title>\n<meta name=\"robots\" content=\"index, follow, max-snippet:-1, max-image-preview:large, max-video-preview:-1\" \/>\n<link rel=\"canonical\" href=\"https:\/\/wietkoopwinkel.com\/es\/producto\/sour-diesel-cannabis-oil\/\" \/>\n<meta property=\"og:locale\" content=\"es_ES\" \/>\n<meta property=\"og:type\" content=\"article\" \/>\n<meta property=\"og:title\" content=\"Sour Diesel Cannabis Oil - Wiet Koop Winkel\" \/>\n<meta property=\"og:description\" content=\"De nakomelingen van Original Diesel, Northern Light, Shiva en Hawaiian zijn Sour Diesel. Sour Diesel komt oorspronkelijk uit Californi\u00eb, net als veel van de beste cannabissoorten die tegenwoordig verkrijgbaar zijn. Veel rokers en kwekers beschouwen het als hun favoriet. Deze sterke Amerikaanse genetica gedijt goed in elke binnenomgeving, maar heeft een warme temperatuur nodig, zoals...\" \/>\n<meta property=\"og:url\" content=\"https:\/\/wietkoopwinkel.com\/es\/producto\/sour-diesel-cannabis-oil\/\" \/>\n<meta property=\"og:site_name\" content=\"Wiet Koop Winkel\" \/>\n<meta property=\"article:modified_time\" content=\"2024-04-04T03:00:04+00:00\" \/>\n<meta property=\"og:image\" content=\"https:\/\/wietkoopwinkel.com\/wp-content\/uploads\/2023\/09\/Sour-Diesel-Cannabis-Oil.jpg\" \/>\n\t<meta property=\"og:image:width\" content=\"600\" \/>\n\t<meta property=\"og:image:height\" content=\"600\" \/>\n\t<meta property=\"og:image:type\" content=\"image\/jpeg\" \/>\n<meta name=\"twitter:card\" content=\"summary_large_image\" \/>\n<meta name=\"twitter:label1\" content=\"Tiempo de lectura\" \/>\n\t<meta name=\"twitter:data1\" content=\"1 minuto\" \/>\n<script type=\"application\/ld+json\" class=\"yoast-schema-graph\">{\"@context\":\"https:\/\/schema.org\",\"@graph\":[{\"@type\":\"WebPage\",\"@id\":\"https:\/\/wietkoopwinkel.com\/product\/sour-diesel-cannabis-oil\/\",\"url\":\"https:\/\/wietkoopwinkel.com\/product\/sour-diesel-cannabis-oil\/\",\"name\":\"Sour Diesel Cannabis Oil - Wiet Koop Winkel\",\"isPartOf\":{\"@id\":\"https:\/\/wietkoopwinkel.com\/#website\"},\"primaryImageOfPage\":{\"@id\":\"https:\/\/wietkoopwinkel.com\/product\/sour-diesel-cannabis-oil\/#primaryimage\"},\"image\":{\"@id\":\"https:\/\/wietkoopwinkel.com\/product\/sour-diesel-cannabis-oil\/#primaryimage\"},\"thumbnailUrl\":\"https:\/\/wietkoopwinkel.com\/wp-content\/uploads\/2023\/09\/Sour-Diesel-Cannabis-Oil.jpg\",\"datePublished\":\"2023-09-30T10:46:42+00:00\",\"dateModified\":\"2024-04-04T03:00:04+00:00\",\"breadcrumb\":{\"@id\":\"https:\/\/wietkoopwinkel.com\/product\/sour-diesel-cannabis-oil\/#breadcrumb\"},\"inLanguage\":\"es\",\"potentialAction\":[{\"@type\":\"ReadAction\",\"target\":[\"https:\/\/wietkoopwinkel.com\/product\/sour-diesel-cannabis-oil\/\"]}]},{\"@type\":\"ImageObject\",\"inLanguage\":\"es\",\"@id\":\"https:\/\/wietkoopwinkel.com\/product\/sour-diesel-cannabis-oil\/#primaryimage\",\"url\":\"https:\/\/wietkoopwinkel.com\/wp-content\/uploads\/2023\/09\/Sour-Diesel-Cannabis-Oil.jpg\",\"contentUrl\":\"https:\/\/wietkoopwinkel.com\/wp-content\/uploads\/2023\/09\/Sour-Diesel-Cannabis-Oil.jpg\",\"width\":600,\"height\":600,\"caption\":\"Sour-Diesel-Cannabis-Oil\"},{\"@type\":\"BreadcrumbList\",\"@id\":\"https:\/\/wietkoopwinkel.com\/product\/sour-diesel-cannabis-oil\/#breadcrumb\",\"itemListElement\":[{\"@type\":\"ListItem\",\"position\":1,\"name\":\"Home\",\"item\":\"https:\/\/wietkoopwinkel.com\/\"},{\"@type\":\"ListItem\",\"position\":2,\"name\":\"Winkel\",\"item\":\"https:\/\/wietkoopwinkel.com\/winkel\/\"},{\"@type\":\"ListItem\",\"position\":3,\"name\":\"Sour Diesel Cannabis Oil\"}]},{\"@type\":\"WebSite\",\"@id\":\"https:\/\/wietkoopwinkel.com\/#website\",\"url\":\"https:\/\/wietkoopwinkel.com\/\",\"name\":\"Wiet Koop Winkel\",\"description\":\"My WordPress Blog\",\"publisher\":{\"@id\":\"https:\/\/wietkoopwinkel.com\/#organization\"},\"potentialAction\":[{\"@type\":\"SearchAction\",\"target\":{\"@type\":\"EntryPoint\",\"urlTemplate\":\"https:\/\/wietkoopwinkel.com\/?s={search_term_string}\"},\"query-input\":{\"@type\":\"PropertyValueSpecification\",\"valueRequired\":true,\"valueName\":\"search_term_string\"}}],\"inLanguage\":\"es\"},{\"@type\":\"Organization\",\"@id\":\"https:\/\/wietkoopwinkel.com\/#organization\",\"name\":\"Wiet Koop Winkel\",\"url\":\"https:\/\/wietkoopwinkel.com\/\",\"logo\":{\"@type\":\"ImageObject\",\"inLanguage\":\"es\",\"@id\":\"https:\/\/wietkoopwinkel.com\/#\/schema\/logo\/image\/\",\"url\":\"https:\/\/wietkoopwinkel.com\/wp-content\/uploads\/2023\/10\/logo.png\",\"contentUrl\":\"https:\/\/wietkoopwinkel.com\/wp-content\/uploads\/2023\/10\/logo.png\",\"width\":400,\"height\":120,\"caption\":\"Wiet Koop Winkel\"},\"image\":{\"@id\":\"https:\/\/wietkoopwinkel.com\/#\/schema\/logo\/image\/\"}}]}<\/script>\n<!-- \/ Yoast SEO plugin. -->","yoast_head_json":{"title":"Sour Diesel Cannabis Oil - Wiet Koop Winkel","robots":{"index":"index","follow":"follow","max-snippet":"max-snippet:-1","max-image-preview":"max-image-preview:large","max-video-preview":"max-video-preview:-1"},"canonical":"https:\/\/wietkoopwinkel.com\/es\/producto\/sour-diesel-cannabis-oil\/","og_locale":"es_ES","og_type":"article","og_title":"Sour Diesel Cannabis Oil - Wiet Koop Winkel","og_description":"De nakomelingen van Original Diesel, Northern Light, Shiva en Hawaiian zijn Sour Diesel. Sour Diesel komt oorspronkelijk uit Californi\u00eb, net als veel van de beste cannabissoorten die tegenwoordig verkrijgbaar zijn. Veel rokers en kwekers beschouwen het als hun favoriet. Deze sterke Amerikaanse genetica gedijt goed in elke binnenomgeving, maar heeft een warme temperatuur nodig, zoals...","og_url":"https:\/\/wietkoopwinkel.com\/es\/producto\/sour-diesel-cannabis-oil\/","og_site_name":"Wiet Koop Winkel","article_modified_time":"2024-04-04T03:00:04+00:00","og_image":[{"width":600,"height":600,"url":"https:\/\/wietkoopwinkel.com\/wp-content\/uploads\/2023\/09\/Sour-Diesel-Cannabis-Oil.jpg","type":"image\/jpeg"}],"twitter_card":"summary_large_image","twitter_misc":{"Tiempo de lectura":"1 minuto"},"schema":{"@context":"https:\/\/schema.org","@graph":[{"@type":"WebPage","@id":"https:\/\/wietkoopwinkel.com\/product\/sour-diesel-cannabis-oil\/","url":"https:\/\/wietkoopwinkel.com\/product\/sour-diesel-cannabis-oil\/","name":"Sour Diesel Cannabis Oil - Wiet Koop Winkel","isPartOf":{"@id":"https:\/\/wietkoopwinkel.com\/#website"},"primaryImageOfPage":{"@id":"https:\/\/wietkoopwinkel.com\/product\/sour-diesel-cannabis-oil\/#primaryimage"},"image":{"@id":"https:\/\/wietkoopwinkel.com\/product\/sour-diesel-cannabis-oil\/#primaryimage"},"thumbnailUrl":"https:\/\/wietkoopwinkel.com\/wp-content\/uploads\/2023\/09\/Sour-Diesel-Cannabis-Oil.jpg","datePublished":"2023-09-30T10:46:42+00:00","dateModified":"2024-04-04T03:00:04+00:00","breadcrumb":{"@id":"https:\/\/wietkoopwinkel.com\/product\/sour-diesel-cannabis-oil\/#breadcrumb"},"inLanguage":"es","potentialAction":[{"@type":"ReadAction","target":["https:\/\/wietkoopwinkel.com\/product\/sour-diesel-cannabis-oil\/"]}]},{"@type":"ImageObject","inLanguage":"es","@id":"https:\/\/wietkoopwinkel.com\/product\/sour-diesel-cannabis-oil\/#primaryimage","url":"https:\/\/wietkoopwinkel.com\/wp-content\/uploads\/2023\/09\/Sour-Diesel-Cannabis-Oil.jpg","contentUrl":"https:\/\/wietkoopwinkel.com\/wp-content\/uploads\/2023\/09\/Sour-Diesel-Cannabis-Oil.jpg","width":600,"height":600,"caption":"Sour-Diesel-Cannabis-Oil"},{"@type":"BreadcrumbList","@id":"https:\/\/wietkoopwinkel.com\/product\/sour-diesel-cannabis-oil\/#breadcrumb","itemListElement":[{"@type":"ListItem","position":1,"name":"Home","item":"https:\/\/wietkoopwinkel.com\/"},{"@type":"ListItem","position":2,"name":"Winkel","item":"https:\/\/wietkoopwinkel.com\/winkel\/"},{"@type":"ListItem","position":3,"name":"Sour Diesel Cannabis Oil"}]},{"@type":"WebSite","@id":"https:\/\/wietkoopwinkel.com\/#website","url":"https:\/\/wietkoopwinkel.com\/","name":"Wiet Koop Winkel","description":"My WordPress Blog","publisher":{"@id":"https:\/\/wietkoopwinkel.com\/#organization"},"potentialAction":[{"@type":"SearchAction","target":{"@type":"EntryPoint","urlTemplate":"https:\/\/wietkoopwinkel.com\/?s={search_term_string}"},"query-input":{"@type":"PropertyValueSpecification","valueRequired":true,"valueName":"search_term_string"}}],"inLanguage":"es"},{"@type":"Organization","@id":"https:\/\/wietkoopwinkel.com\/#organization","name":"Wiet Koop Winkel","url":"https:\/\/wietkoopwinkel.com\/","logo":{"@type":"ImageObject","inLanguage":"es","@id":"https:\/\/wietkoopwinkel.com\/#\/schema\/logo\/image\/","url":"https:\/\/wietkoopwinkel.com\/wp-content\/uploads\/2023\/10\/logo.png","contentUrl":"https:\/\/wietkoopwinkel.com\/wp-content\/uploads\/2023\/10\/logo.png","width":400,"height":120,"caption":"Wiet Koop Winkel"},"image":{"@id":"https:\/\/wietkoopwinkel.com\/#\/schema\/logo\/image\/"}}]}},"_links":{"self":[{"href":"https:\/\/wietkoopwinkel.com\/es\/wp-json\/wp\/v2\/product\/1391","targetHints":{"allow":["GET"]}}],"collection":[{"href":"https:\/\/wietkoopwinkel.com\/es\/wp-json\/wp\/v2\/product"}],"about":[{"href":"https:\/\/wietkoopwinkel.com\/es\/wp-json\/wp\/v2\/types\/product"}],"replies":[{"embeddable":true,"href":"https:\/\/wietkoopwinkel.com\/es\/wp-json\/wp\/v2\/comments?post=1391"}],"wp:featuredmedia":[{"embeddable":true,"href":"https:\/\/wietkoopwinkel.com\/es\/wp-json\/wp\/v2\/media\/1410"}],"wp:attachment":[{"href":"https:\/\/wietkoopwinkel.com\/es\/wp-json\/wp\/v2\/media?parent=1391"}],"wp:term":[{"taxonomy":"product_cat","embeddable":true,"href":"https:\/\/wietkoopwinkel.com\/es\/wp-json\/wp\/v2\/product_cat?post=1391"},{"taxonomy":"product_tag","embeddable":true,"href":"https:\/\/wietkoopwinkel.com\/es\/wp-json\/wp\/v2\/product_tag?post=1391"}],"curies":[{"name":"wp","href":"https:\/\/api.w.org\/{rel}","templated":true}]}}