{"id":108,"date":"2023-09-22T11:06:22","date_gmt":"2023-09-22T11:06:22","guid":{"rendered":"https:\/\/nembutalhouse.com\/weed\/?post_type=product&#038;p=108"},"modified":"2023-10-07T09:39:16","modified_gmt":"2023-10-07T09:39:16","slug":"jack-skellington","status":"publish","type":"product","link":"https:\/\/wietkoopwinkel.com\/es\/producto\/jack-skellington\/","title":{"rendered":"Jack Skellington"},"content":{"rendered":"<h2>JACK SKELLINGTON: DOS ESPECIES ASESINAS COMBINADAS<\/h2>\n<p>Los criadores de esta cepa trabajaron en Killer Queen durante unos 12 a\u00f1os. Killer Queen se compone principalmente de gen\u00e9tica G13, m\u00e1s una peque\u00f1a cantidad de Cinderella 99. Jack Skellington se descubri\u00f3 despu\u00e9s de que Jack el Destripador apareciera en escena.<\/p>\n<p>Este h\u00edbrido de 30% indica y 70% sativa produce subidones euf\u00f3ricos con altos niveles de THC. Los sabores y olores saben a lima fresca y son bastante picantes.<\/p>\n<p>Jack Skellington es una gran cepa para los montajes SOG, pero para controlar el tama\u00f1o, las plantas todav\u00eda tienen que ser rematadas. Pasan unos 56 d\u00edas durante la fase de floraci\u00f3n. Los rendimientos medios y la gran cantidad de resina en los cogollos la hacen ideal para la producci\u00f3n de hach\u00eds. Este cultivar es excepcionalmente alto y los cultivadores utilizan varias t\u00e9cnicas de entrenamiento para controlar su altura.<\/p>","protected":false},"excerpt":{"rendered":"<p>JACK SKELLINGTON: TWEE GECOMBINEERDE KILLER-SOORTEN De veredelaars van deze soort hebben ongeveer twaalf jaar aan Killer Queen gewerkt. Killer Queen bestaat voornamelijk uit G13-genetica, plus een kleine hoeveelheid Cinderella 99. Jack Skellington werd ontdekt nadat Jack The Ripper in beeld kwam. Deze hybride van 30% indica en 70% sativa produceert euforische highs met hoge THC-niveaus&#8230;.<\/p>","protected":false},"featured_media":1450,"comment_status":"open","ping_status":"closed","template":"","meta":{"_kad_post_transparent":"default","_kad_post_title":"","_kad_post_layout":"default","_kad_post_sidebar_id":"","_kad_post_content_style":"default","_kad_post_vertical_padding":"default","_kad_post_feature":"","_kad_post_feature_position":"","_kad_post_header":false,"_kad_post_footer":false,"_joinchat":[]},"product_cat":[17],"product_tag":[],"class_list":["post-108","product","type-product","status-publish","has-post-thumbnail","hentry","product_cat-wiet","entry","content-bg","loop-entry"],"yoast_head":"<!-- This site is optimized with the Yoast SEO plugin v26.3 - https:\/\/yoast.com\/wordpress\/plugins\/seo\/ -->\n<title>Jack Skellington - Wiet Koop Winkel<\/title>\n<meta name=\"robots\" content=\"index, follow, max-snippet:-1, max-image-preview:large, max-video-preview:-1\" \/>\n<link rel=\"canonical\" href=\"https:\/\/wietkoopwinkel.com\/es\/producto\/jack-skellington\/\" \/>\n<meta property=\"og:locale\" content=\"es_ES\" \/>\n<meta property=\"og:type\" content=\"article\" \/>\n<meta property=\"og:title\" content=\"Jack Skellington - Wiet Koop Winkel\" \/>\n<meta property=\"og:description\" content=\"JACK SKELLINGTON: TWEE GECOMBINEERDE KILLER-SOORTEN De veredelaars van deze soort hebben ongeveer twaalf jaar aan Killer Queen gewerkt. Killer Queen bestaat voornamelijk uit G13-genetica, plus een kleine hoeveelheid Cinderella 99. Jack Skellington werd ontdekt nadat Jack The Ripper in beeld kwam. Deze hybride van 30% indica en 70% sativa produceert euforische highs met hoge THC-niveaus....\" \/>\n<meta property=\"og:url\" content=\"https:\/\/wietkoopwinkel.com\/es\/producto\/jack-skellington\/\" \/>\n<meta property=\"og:site_name\" content=\"Wiet Koop Winkel\" \/>\n<meta property=\"article:modified_time\" content=\"2023-10-07T09:39:16+00:00\" \/>\n<meta property=\"og:image\" content=\"https:\/\/wietkoopwinkel.com\/wp-content\/uploads\/2023\/09\/Jack-Skellington-1.jpg\" \/>\n\t<meta property=\"og:image:width\" content=\"960\" \/>\n\t<meta property=\"og:image:height\" content=\"1280\" \/>\n\t<meta property=\"og:image:type\" content=\"image\/jpeg\" \/>\n<meta name=\"twitter:card\" content=\"summary_large_image\" \/>\n<meta name=\"twitter:label1\" content=\"Tiempo de lectura\" \/>\n\t<meta name=\"twitter:data1\" content=\"1 minuto\" \/>\n<script type=\"application\/ld+json\" class=\"yoast-schema-graph\">{\"@context\":\"https:\/\/schema.org\",\"@graph\":[{\"@type\":\"WebPage\",\"@id\":\"https:\/\/wietkoopwinkel.com\/product\/jack-skellington\/\",\"url\":\"https:\/\/wietkoopwinkel.com\/product\/jack-skellington\/\",\"name\":\"Jack Skellington - Wiet Koop Winkel\",\"isPartOf\":{\"@id\":\"https:\/\/wietkoopwinkel.com\/#website\"},\"primaryImageOfPage\":{\"@id\":\"https:\/\/wietkoopwinkel.com\/product\/jack-skellington\/#primaryimage\"},\"image\":{\"@id\":\"https:\/\/wietkoopwinkel.com\/product\/jack-skellington\/#primaryimage\"},\"thumbnailUrl\":\"https:\/\/wietkoopwinkel.com\/wp-content\/uploads\/2023\/09\/Jack-Skellington-1.jpg\",\"datePublished\":\"2023-09-22T11:06:22+00:00\",\"dateModified\":\"2023-10-07T09:39:16+00:00\",\"breadcrumb\":{\"@id\":\"https:\/\/wietkoopwinkel.com\/product\/jack-skellington\/#breadcrumb\"},\"inLanguage\":\"es\",\"potentialAction\":[{\"@type\":\"ReadAction\",\"target\":[\"https:\/\/wietkoopwinkel.com\/product\/jack-skellington\/\"]}]},{\"@type\":\"ImageObject\",\"inLanguage\":\"es\",\"@id\":\"https:\/\/wietkoopwinkel.com\/product\/jack-skellington\/#primaryimage\",\"url\":\"https:\/\/wietkoopwinkel.com\/wp-content\/uploads\/2023\/09\/Jack-Skellington-1.jpg\",\"contentUrl\":\"https:\/\/wietkoopwinkel.com\/wp-content\/uploads\/2023\/09\/Jack-Skellington-1.jpg\",\"width\":960,\"height\":1280,\"caption\":\"Jack Skellington\"},{\"@type\":\"BreadcrumbList\",\"@id\":\"https:\/\/wietkoopwinkel.com\/product\/jack-skellington\/#breadcrumb\",\"itemListElement\":[{\"@type\":\"ListItem\",\"position\":1,\"name\":\"Home\",\"item\":\"https:\/\/wietkoopwinkel.com\/\"},{\"@type\":\"ListItem\",\"position\":2,\"name\":\"Winkel\",\"item\":\"https:\/\/wietkoopwinkel.com\/winkel\/\"},{\"@type\":\"ListItem\",\"position\":3,\"name\":\"Jack Skellington\"}]},{\"@type\":\"WebSite\",\"@id\":\"https:\/\/wietkoopwinkel.com\/#website\",\"url\":\"https:\/\/wietkoopwinkel.com\/\",\"name\":\"Wiet Koop Winkel\",\"description\":\"My WordPress Blog\",\"publisher\":{\"@id\":\"https:\/\/wietkoopwinkel.com\/#organization\"},\"potentialAction\":[{\"@type\":\"SearchAction\",\"target\":{\"@type\":\"EntryPoint\",\"urlTemplate\":\"https:\/\/wietkoopwinkel.com\/?s={search_term_string}\"},\"query-input\":{\"@type\":\"PropertyValueSpecification\",\"valueRequired\":true,\"valueName\":\"search_term_string\"}}],\"inLanguage\":\"es\"},{\"@type\":\"Organization\",\"@id\":\"https:\/\/wietkoopwinkel.com\/#organization\",\"name\":\"Wiet Koop Winkel\",\"url\":\"https:\/\/wietkoopwinkel.com\/\",\"logo\":{\"@type\":\"ImageObject\",\"inLanguage\":\"es\",\"@id\":\"https:\/\/wietkoopwinkel.com\/#\/schema\/logo\/image\/\",\"url\":\"https:\/\/wietkoopwinkel.com\/wp-content\/uploads\/2023\/10\/logo.png\",\"contentUrl\":\"https:\/\/wietkoopwinkel.com\/wp-content\/uploads\/2023\/10\/logo.png\",\"width\":400,\"height\":120,\"caption\":\"Wiet Koop Winkel\"},\"image\":{\"@id\":\"https:\/\/wietkoopwinkel.com\/#\/schema\/logo\/image\/\"}}]}<\/script>\n<!-- \/ Yoast SEO plugin. -->","yoast_head_json":{"title":"Jack Skellington - Wiet Koop Winkel","robots":{"index":"index","follow":"follow","max-snippet":"max-snippet:-1","max-image-preview":"max-image-preview:large","max-video-preview":"max-video-preview:-1"},"canonical":"https:\/\/wietkoopwinkel.com\/es\/producto\/jack-skellington\/","og_locale":"es_ES","og_type":"article","og_title":"Jack Skellington - Wiet Koop Winkel","og_description":"JACK SKELLINGTON: TWEE GECOMBINEERDE KILLER-SOORTEN De veredelaars van deze soort hebben ongeveer twaalf jaar aan Killer Queen gewerkt. Killer Queen bestaat voornamelijk uit G13-genetica, plus een kleine hoeveelheid Cinderella 99. Jack Skellington werd ontdekt nadat Jack The Ripper in beeld kwam. Deze hybride van 30% indica en 70% sativa produceert euforische highs met hoge THC-niveaus....","og_url":"https:\/\/wietkoopwinkel.com\/es\/producto\/jack-skellington\/","og_site_name":"Wiet Koop Winkel","article_modified_time":"2023-10-07T09:39:16+00:00","og_image":[{"width":960,"height":1280,"url":"https:\/\/wietkoopwinkel.com\/wp-content\/uploads\/2023\/09\/Jack-Skellington-1.jpg","type":"image\/jpeg"}],"twitter_card":"summary_large_image","twitter_misc":{"Tiempo de lectura":"1 minuto"},"schema":{"@context":"https:\/\/schema.org","@graph":[{"@type":"WebPage","@id":"https:\/\/wietkoopwinkel.com\/product\/jack-skellington\/","url":"https:\/\/wietkoopwinkel.com\/product\/jack-skellington\/","name":"Jack Skellington - Wiet Koop Winkel","isPartOf":{"@id":"https:\/\/wietkoopwinkel.com\/#website"},"primaryImageOfPage":{"@id":"https:\/\/wietkoopwinkel.com\/product\/jack-skellington\/#primaryimage"},"image":{"@id":"https:\/\/wietkoopwinkel.com\/product\/jack-skellington\/#primaryimage"},"thumbnailUrl":"https:\/\/wietkoopwinkel.com\/wp-content\/uploads\/2023\/09\/Jack-Skellington-1.jpg","datePublished":"2023-09-22T11:06:22+00:00","dateModified":"2023-10-07T09:39:16+00:00","breadcrumb":{"@id":"https:\/\/wietkoopwinkel.com\/product\/jack-skellington\/#breadcrumb"},"inLanguage":"es","potentialAction":[{"@type":"ReadAction","target":["https:\/\/wietkoopwinkel.com\/product\/jack-skellington\/"]}]},{"@type":"ImageObject","inLanguage":"es","@id":"https:\/\/wietkoopwinkel.com\/product\/jack-skellington\/#primaryimage","url":"https:\/\/wietkoopwinkel.com\/wp-content\/uploads\/2023\/09\/Jack-Skellington-1.jpg","contentUrl":"https:\/\/wietkoopwinkel.com\/wp-content\/uploads\/2023\/09\/Jack-Skellington-1.jpg","width":960,"height":1280,"caption":"Jack Skellington"},{"@type":"BreadcrumbList","@id":"https:\/\/wietkoopwinkel.com\/product\/jack-skellington\/#breadcrumb","itemListElement":[{"@type":"ListItem","position":1,"name":"Home","item":"https:\/\/wietkoopwinkel.com\/"},{"@type":"ListItem","position":2,"name":"Winkel","item":"https:\/\/wietkoopwinkel.com\/winkel\/"},{"@type":"ListItem","position":3,"name":"Jack Skellington"}]},{"@type":"WebSite","@id":"https:\/\/wietkoopwinkel.com\/#website","url":"https:\/\/wietkoopwinkel.com\/","name":"Wiet Koop Winkel","description":"My WordPress Blog","publisher":{"@id":"https:\/\/wietkoopwinkel.com\/#organization"},"potentialAction":[{"@type":"SearchAction","target":{"@type":"EntryPoint","urlTemplate":"https:\/\/wietkoopwinkel.com\/?s={search_term_string}"},"query-input":{"@type":"PropertyValueSpecification","valueRequired":true,"valueName":"search_term_string"}}],"inLanguage":"es"},{"@type":"Organization","@id":"https:\/\/wietkoopwinkel.com\/#organization","name":"Wiet Koop Winkel","url":"https:\/\/wietkoopwinkel.com\/","logo":{"@type":"ImageObject","inLanguage":"es","@id":"https:\/\/wietkoopwinkel.com\/#\/schema\/logo\/image\/","url":"https:\/\/wietkoopwinkel.com\/wp-content\/uploads\/2023\/10\/logo.png","contentUrl":"https:\/\/wietkoopwinkel.com\/wp-content\/uploads\/2023\/10\/logo.png","width":400,"height":120,"caption":"Wiet Koop Winkel"},"image":{"@id":"https:\/\/wietkoopwinkel.com\/#\/schema\/logo\/image\/"}}]}},"_links":{"self":[{"href":"https:\/\/wietkoopwinkel.com\/es\/wp-json\/wp\/v2\/product\/108","targetHints":{"allow":["GET"]}}],"collection":[{"href":"https:\/\/wietkoopwinkel.com\/es\/wp-json\/wp\/v2\/product"}],"about":[{"href":"https:\/\/wietkoopwinkel.com\/es\/wp-json\/wp\/v2\/types\/product"}],"replies":[{"embeddable":true,"href":"https:\/\/wietkoopwinkel.com\/es\/wp-json\/wp\/v2\/comments?post=108"}],"wp:featuredmedia":[{"embeddable":true,"href":"https:\/\/wietkoopwinkel.com\/es\/wp-json\/wp\/v2\/media\/1450"}],"wp:attachment":[{"href":"https:\/\/wietkoopwinkel.com\/es\/wp-json\/wp\/v2\/media?parent=108"}],"wp:term":[{"taxonomy":"product_cat","embeddable":true,"href":"https:\/\/wietkoopwinkel.com\/es\/wp-json\/wp\/v2\/product_cat?post=108"},{"taxonomy":"product_tag","embeddable":true,"href":"https:\/\/wietkoopwinkel.com\/es\/wp-json\/wp\/v2\/product_tag?post=108"}],"curies":[{"name":"wp","href":"https:\/\/api.w.org\/{rel}","templated":true}]}}