{"id":106,"date":"2023-09-22T11:06:16","date_gmt":"2023-09-22T11:06:16","guid":{"rendered":"https:\/\/nembutalhouse.com\/weed\/?post_type=product&#038;p=106"},"modified":"2023-10-07T09:48:15","modified_gmt":"2023-10-07T09:48:15","slug":"tropical-cherry","status":"publish","type":"product","link":"https:\/\/wietkoopwinkel.com\/es\/producto\/tropical-cereza\/","title":{"rendered":"Cereza tropical"},"content":{"rendered":"<h2>JACK SKELLINGTON: DOS ESPECIES ASESINAS COMBINADAS<\/h2>\n<p>Los criadores de esta cepa trabajaron en Killer Queen durante unos 12 a\u00f1os. Killer Queen se compone principalmente de gen\u00e9tica G13, m\u00e1s una peque\u00f1a cantidad de Cinderella 99. Jack Skellington se descubri\u00f3 despu\u00e9s de que Jack el Destripador apareciera en escena.<\/p>\n<p>Este h\u00edbrido de 30% indica y 70% sativa produce subidones euf\u00f3ricos con altos niveles de THC. Los sabores y olores saben a lima fresca y son bastante picantes.<\/p>\n<p>JACK SKELLINGTON: DOS VARIEDADES ASESINAS COMBINADAS\nLos criadores de esta variedad trabajaron en Killer Queen durante unos 12 a\u00f1os. Killer Queen se compone principalmente de gen\u00e9tica G13, m\u00e1s una peque\u00f1a cantidad de Cinderella 99. Jack Skellington fue descubierta despu\u00e9s de que Jack El Destripador apareciera en escena.\n\nEste h\u00edbrido de 30% indica y 70% sativa produce subidones euf\u00f3ricos con altos niveles de THC. Los sabores y olores saben a lima fresca y son bastante picantes.\n\nJack Skellington es una variedad fant\u00e1stica para sistemas SOG, pero para controlar su tama\u00f1o, es necesario podar las plantas. La fase de floraci\u00f3n dura aproximadamente 56 d\u00edas. Su rendimiento medio y la abundante resina en los cogollos la hacen ideal para la producci\u00f3n de hach\u00eds. Esta variedad alcanza una altura excepcional, y los cultivadores utilizan diversos m\u00e9todos de entrenamiento para mantenerla. Descubre la deliciosa y ex\u00f3tica variedad de cereza Tropicana. Con esta variedad de flores de cereza tropical, no te equivocar\u00e1s. Tiene un aroma delicioso y un sabor exquisito, ya que las cerezas Tropicana son afrutadas y \u00e1cidas con un delicioso matiz a pastel de cereza. En nuestra opini\u00f3n, estos grandes cogollos son dif\u00edciles de resistir.<\/p>\n<p>Es tentador probarla por su aroma afrutado, dulce y especiado, y sus sabores a ar\u00e1ndanos y c\u00edtricos. Con una proporci\u00f3n 60\/40 de sativa\/\u00edndica y un contenido promedio de THC del 16 al 21%, la variedad Tropicana Cherry es la variedad de cannabis ideal para consumir tanto variedades con predominancia sativa como h\u00edbridos \u00edndica cl\u00e1sicos.<\/p>\n<h3>Terpenos de la cereza Tropicana<\/h3>\n<p>THC: 16 - 21%<br \/>\nCBD: 0,5 - 0,64%<br \/>\nCBC: 0,19 - 0,29%<br \/>\nCBG: 0,04 - 0,19%<br \/>\nCBN: 0,15 - 0,27%<br \/>\nTHCV: - 0,2%<br \/>\nMirceno: 0,19%<br \/>\nGeraniol: 0,07%<br \/>\nLimoneno: 0,15%<br \/>\nLinalool: 0,16%<br \/>\nSabineen: 0,07%<br \/>\nBisabolol: 0,12%<br \/>\nTerpineol: 0,01%<br \/>\nValenceno: 0,15%<br \/>\nFelandreno: 0,08%<\/p>\n<h3>\nImpacto y sabor<\/h3>\n<p>Los cogollos de Cherry Tropicana tienen una apariencia esf\u00e9rica. Son enormes bloques de color verde oscuro con matices morados. Presentan pelos de color naranja claro y est\u00e1n cubiertos de tricomas blancos. Los clientes tambi\u00e9n han destacado sabores terrosos a melocot\u00f3n, albaricoque, lim\u00f3n y cereza, as\u00ed como notas afrutadas, adem\u00e1s de los ya mencionados.<\/p>\n<p>Una descripci\u00f3n del subid\u00f3n del cannabis es una luz brillante que te eleva al cielo. Las experiencias de los usuarios son positivas y felices. Cuando se est\u00e1 colocado de marihuana, es imposible realizar tareas complejas.<\/p>\n<p>Es una opci\u00f3n adecuada para un paseo corto. Durante el zumbido se experimenta un hormigueo, pero esto no impide disfrutar. Cuando uno est\u00e1 contento, puede re\u00edr y animar a los dem\u00e1s a hacer lo mismo. Adem\u00e1s, la persona tiene una sensaci\u00f3n de calma y ligereza en todo el cuerpo. Por ello, te recomendamos que te hidrates bien. La \u00edndica de la cepa Cherry Tropicana tambi\u00e9n puede provocar hambre.<\/p>\n<p>\ud83d\udd0d<\/p>\n<h3>Flores<\/h3>\n<p>Variedad de cereza tropical<\/p>\n<p>Puntuaci\u00f3n: 4,75 sobre 5 basada en 4 comentarios de clientes<\/p>\n<p>(4 opiniones de clientes)<\/p>\n<p>$ 260,00 - $ 2.400,00<\/p>\n<p>Parte superior de la forma<\/p>\n<p>N\u00famero Elija una opci\u00f3nOZQPHPP<\/p>\n<p>N\u00famero de variedades de cerezas tropicales<\/p>\n<p>A\u00f1adir a la cesta<\/p>\n<p>En la parte inferior del formulario<\/p>\n<p>N\u00famero de art\u00edculo: M-1322 Categor\u00eda: Flores Etiquetas: variedad de cereza trop, cereza tropicana, variedad de cereza tropicana, farmacia Bar Haven, farmacia Fullerton, farmacia Malden, farmacia Nantucket, farmacia Oak Lawn, farmacia Ocean Beach, farmacia de aceite RSO cerca de m\u00ed, cerezas trop, variedad de cereza tropical, cerezas tropicales, variedades de cereza tropical, variedades de cereza tropical, cerezas tropicana, variedades de cereza tropicana, cerezas tropicana, variedades de cereza tropicana<\/p>\n<p>Descripci\u00f3n<\/p>\n<p>Informaci\u00f3n complementaria<\/p>\n<p>Rese\u00f1as (4)<\/p>\n<p>Variedad de cereza tropical<\/p>\n<h3>Visi\u00f3n general:<\/h3>\n<p>Experimenta la ex\u00f3tica y deliciosa variedad Tropicana Cherry. Cuando se trata de flores, nunca puedes equivocarte con la variedad tropical de cereza. El olor es tan bueno, y el sabor es delicioso, como Cherry Tropicana es afrutado y \u00e1cido con los deliciosos matices de pastel de cereza. Creemos que es bastante dif\u00edcil resistirse a estos grandes cogollos.<br \/>\nCon su aroma dulce, \u00e1cido y afrutado, con sabores a ar\u00e1ndanos y c\u00edtricos, merece la pena probarla. La cepa Tropicana Cherry viene con una proporci\u00f3n 60\/40 Sativa\/Indica y 16 a 21% de nivel medio de THC, lo que la hace perfecta para disfrutar tanto de una cepa Sativa dominante como de una cepa h\u00edbrida Indica tradicional.<\/p>\n<h3>Terpenos de la cereza Tropicana<\/h3>\n<p>THC: 16 - 21%<br \/>\nCBD: 0,5 - 0,64%<br \/>\nCBC: 0,19 - 0,29%<br \/>\nCBG: 0,04 - 0,19%<br \/>\nCBN: 0,15 - 0,27%<br \/>\nTHCV: - 0,2%<br \/>\nMirceno: 0,19%<br \/>\nGeraniol: 0,07%<br \/>\nLimoneno: 0,15%<br \/>\nLinalool: 0,16%<br \/>\nSabineen: 0,07%<br \/>\nBisabolol: 0,12%<br \/>\nTerpineol: 0,01%<br \/>\nValenceno: 0,15%<br \/>\nFelandreno: 0,08%<\/p>\n<h3>Efectos y sabor<\/h3>\n<p>Los cogollos de Cherry Tropicana tienen un aspecto esf\u00e9rico. De color verde oscuro con un matiz p\u00farpura, son enormes bultos. Los cogollos est\u00e1n cubiertos de tricomas blancos y contienen pelos de color naranja claro. Adem\u00e1s de los sabores antes mencionados, los clientes tambi\u00e9n mencionaron el terroso, el melocot\u00f3n, el albaricoque, el lim\u00f3n y la ciruela como sabores afrutados.<br \/>\nEl subid\u00f3n del cannabis se describe como una luz deslumbrante que te lleva al cielo. Los efectos son optimistas y alegres para los usuarios. No se pueden realizar tareas complejas cuando se est\u00e1 colocado de marihuana.<br \/>\nEs una buena elecci\u00f3n para un paseo ligero. Sentir\u00e1s hormigueos durante el bullicio, pero no perturbar\u00e1n tu diversi\u00f3n. Podr\u00e1 re\u00edrse e inspirar a otros a hacer lo mismo cuando est\u00e9 de buen humor. Al mismo tiempo, esto hace que el usuario sienta una sensaci\u00f3n de ligereza y calma en su cuerpo. Por lo tanto, te aconsejamos que te hidrates lo suficiente. La \u00edndica de la cepa Cherry Tropicana tambi\u00e9n puede provocar hambre.<\/p>\n<h3>Valor m\u00e9dico<br \/>\nEsta especie ayuda a tratar:<\/h3>\n<p>Fatiga<br \/>\nTensi\u00f3n<br \/>\nDepresi\u00f3n<br \/>\nTensi\u00f3n<br \/>\nCambios bruscos de humor<br \/>\nLe brinda el resultado deseado de placer y alivio del dolor y es adecuado tanto para principiantes como para vapeadores o comestibles experimentados.<\/p>","protected":false},"excerpt":{"rendered":"<p>JACK SKELLINGTON: TWEE GECOMBINEERDE KILLER-SOORTEN De veredelaars van deze soort hebben ongeveer twaalf jaar aan Killer Queen gewerkt. Killer Queen bestaat voornamelijk uit G13-genetica, plus een kleine hoeveelheid Cinderella 99. Jack Skellington werd ontdekt nadat Jack The Ripper in beeld kwam. Deze hybride van 30% indica en 70% sativa produceert euforische highs met hoge THC-niveaus&#8230;.<\/p>","protected":false},"featured_media":1451,"comment_status":"open","ping_status":"closed","template":"","meta":{"_kad_post_transparent":"default","_kad_post_title":"","_kad_post_layout":"default","_kad_post_sidebar_id":"","_kad_post_content_style":"default","_kad_post_vertical_padding":"default","_kad_post_feature":"","_kad_post_feature_position":"","_kad_post_header":false,"_kad_post_footer":false,"_joinchat":[]},"product_cat":[17],"product_tag":[],"class_list":["post-106","product","type-product","status-publish","has-post-thumbnail","hentry","product_cat-wiet","entry","content-bg","loop-entry"],"yoast_head":"<!-- This site is optimized with the Yoast SEO plugin v26.3 - https:\/\/yoast.com\/wordpress\/plugins\/seo\/ -->\n<title>Tropical Cherry - Wiet Koop Winkel<\/title>\n<meta name=\"robots\" content=\"index, follow, max-snippet:-1, max-image-preview:large, max-video-preview:-1\" \/>\n<link rel=\"canonical\" href=\"https:\/\/wietkoopwinkel.com\/es\/producto\/tropical-cereza\/\" \/>\n<meta property=\"og:locale\" content=\"es_ES\" \/>\n<meta property=\"og:type\" content=\"article\" \/>\n<meta property=\"og:title\" content=\"Tropical Cherry - Wiet Koop Winkel\" \/>\n<meta property=\"og:description\" content=\"JACK SKELLINGTON: TWEE GECOMBINEERDE KILLER-SOORTEN De veredelaars van deze soort hebben ongeveer twaalf jaar aan Killer Queen gewerkt. Killer Queen bestaat voornamelijk uit G13-genetica, plus een kleine hoeveelheid Cinderella 99. Jack Skellington werd ontdekt nadat Jack The Ripper in beeld kwam. Deze hybride van 30% indica en 70% sativa produceert euforische highs met hoge THC-niveaus....\" \/>\n<meta property=\"og:url\" content=\"https:\/\/wietkoopwinkel.com\/es\/producto\/tropical-cereza\/\" \/>\n<meta property=\"og:site_name\" content=\"Wiet Koop Winkel\" \/>\n<meta property=\"article:modified_time\" content=\"2023-10-07T09:48:15+00:00\" \/>\n<meta property=\"og:image\" content=\"https:\/\/wietkoopwinkel.com\/wp-content\/uploads\/2023\/09\/Tropical-Cherry-1.jpg\" \/>\n\t<meta property=\"og:image:width\" content=\"960\" \/>\n\t<meta property=\"og:image:height\" content=\"1280\" \/>\n\t<meta property=\"og:image:type\" content=\"image\/jpeg\" \/>\n<meta name=\"twitter:card\" content=\"summary_large_image\" \/>\n<meta name=\"twitter:label1\" content=\"Tiempo de lectura\" \/>\n\t<meta name=\"twitter:data1\" content=\"4 minutos\" \/>\n<script type=\"application\/ld+json\" class=\"yoast-schema-graph\">{\"@context\":\"https:\/\/schema.org\",\"@graph\":[{\"@type\":\"WebPage\",\"@id\":\"https:\/\/wietkoopwinkel.com\/product\/tropical-cherry\/\",\"url\":\"https:\/\/wietkoopwinkel.com\/product\/tropical-cherry\/\",\"name\":\"Tropical Cherry - Wiet Koop Winkel\",\"isPartOf\":{\"@id\":\"https:\/\/wietkoopwinkel.com\/#website\"},\"primaryImageOfPage\":{\"@id\":\"https:\/\/wietkoopwinkel.com\/product\/tropical-cherry\/#primaryimage\"},\"image\":{\"@id\":\"https:\/\/wietkoopwinkel.com\/product\/tropical-cherry\/#primaryimage\"},\"thumbnailUrl\":\"https:\/\/wietkoopwinkel.com\/wp-content\/uploads\/2023\/09\/Tropical-Cherry-1.jpg\",\"datePublished\":\"2023-09-22T11:06:16+00:00\",\"dateModified\":\"2023-10-07T09:48:15+00:00\",\"breadcrumb\":{\"@id\":\"https:\/\/wietkoopwinkel.com\/product\/tropical-cherry\/#breadcrumb\"},\"inLanguage\":\"es\",\"potentialAction\":[{\"@type\":\"ReadAction\",\"target\":[\"https:\/\/wietkoopwinkel.com\/product\/tropical-cherry\/\"]}]},{\"@type\":\"ImageObject\",\"inLanguage\":\"es\",\"@id\":\"https:\/\/wietkoopwinkel.com\/product\/tropical-cherry\/#primaryimage\",\"url\":\"https:\/\/wietkoopwinkel.com\/wp-content\/uploads\/2023\/09\/Tropical-Cherry-1.jpg\",\"contentUrl\":\"https:\/\/wietkoopwinkel.com\/wp-content\/uploads\/2023\/09\/Tropical-Cherry-1.jpg\",\"width\":960,\"height\":1280,\"caption\":\"Tropical Cherry\"},{\"@type\":\"BreadcrumbList\",\"@id\":\"https:\/\/wietkoopwinkel.com\/product\/tropical-cherry\/#breadcrumb\",\"itemListElement\":[{\"@type\":\"ListItem\",\"position\":1,\"name\":\"Home\",\"item\":\"https:\/\/wietkoopwinkel.com\/\"},{\"@type\":\"ListItem\",\"position\":2,\"name\":\"Winkel\",\"item\":\"https:\/\/wietkoopwinkel.com\/winkel\/\"},{\"@type\":\"ListItem\",\"position\":3,\"name\":\"Tropical Cherry\"}]},{\"@type\":\"WebSite\",\"@id\":\"https:\/\/wietkoopwinkel.com\/#website\",\"url\":\"https:\/\/wietkoopwinkel.com\/\",\"name\":\"Wiet Koop Winkel\",\"description\":\"My WordPress Blog\",\"publisher\":{\"@id\":\"https:\/\/wietkoopwinkel.com\/#organization\"},\"potentialAction\":[{\"@type\":\"SearchAction\",\"target\":{\"@type\":\"EntryPoint\",\"urlTemplate\":\"https:\/\/wietkoopwinkel.com\/?s={search_term_string}\"},\"query-input\":{\"@type\":\"PropertyValueSpecification\",\"valueRequired\":true,\"valueName\":\"search_term_string\"}}],\"inLanguage\":\"es\"},{\"@type\":\"Organization\",\"@id\":\"https:\/\/wietkoopwinkel.com\/#organization\",\"name\":\"Wiet Koop Winkel\",\"url\":\"https:\/\/wietkoopwinkel.com\/\",\"logo\":{\"@type\":\"ImageObject\",\"inLanguage\":\"es\",\"@id\":\"https:\/\/wietkoopwinkel.com\/#\/schema\/logo\/image\/\",\"url\":\"https:\/\/wietkoopwinkel.com\/wp-content\/uploads\/2023\/10\/logo.png\",\"contentUrl\":\"https:\/\/wietkoopwinkel.com\/wp-content\/uploads\/2023\/10\/logo.png\",\"width\":400,\"height\":120,\"caption\":\"Wiet Koop Winkel\"},\"image\":{\"@id\":\"https:\/\/wietkoopwinkel.com\/#\/schema\/logo\/image\/\"}}]}<\/script>\n<!-- \/ Yoast SEO plugin. -->","yoast_head_json":{"title":"Tropical Cherry - Wiet Koop Winkel","robots":{"index":"index","follow":"follow","max-snippet":"max-snippet:-1","max-image-preview":"max-image-preview:large","max-video-preview":"max-video-preview:-1"},"canonical":"https:\/\/wietkoopwinkel.com\/es\/producto\/tropical-cereza\/","og_locale":"es_ES","og_type":"article","og_title":"Tropical Cherry - Wiet Koop Winkel","og_description":"JACK SKELLINGTON: TWEE GECOMBINEERDE KILLER-SOORTEN De veredelaars van deze soort hebben ongeveer twaalf jaar aan Killer Queen gewerkt. Killer Queen bestaat voornamelijk uit G13-genetica, plus een kleine hoeveelheid Cinderella 99. Jack Skellington werd ontdekt nadat Jack The Ripper in beeld kwam. Deze hybride van 30% indica en 70% sativa produceert euforische highs met hoge THC-niveaus....","og_url":"https:\/\/wietkoopwinkel.com\/es\/producto\/tropical-cereza\/","og_site_name":"Wiet Koop Winkel","article_modified_time":"2023-10-07T09:48:15+00:00","og_image":[{"width":960,"height":1280,"url":"https:\/\/wietkoopwinkel.com\/wp-content\/uploads\/2023\/09\/Tropical-Cherry-1.jpg","type":"image\/jpeg"}],"twitter_card":"summary_large_image","twitter_misc":{"Tiempo de lectura":"4 minutos"},"schema":{"@context":"https:\/\/schema.org","@graph":[{"@type":"WebPage","@id":"https:\/\/wietkoopwinkel.com\/product\/tropical-cherry\/","url":"https:\/\/wietkoopwinkel.com\/product\/tropical-cherry\/","name":"Tropical Cherry - Wiet Koop Winkel","isPartOf":{"@id":"https:\/\/wietkoopwinkel.com\/#website"},"primaryImageOfPage":{"@id":"https:\/\/wietkoopwinkel.com\/product\/tropical-cherry\/#primaryimage"},"image":{"@id":"https:\/\/wietkoopwinkel.com\/product\/tropical-cherry\/#primaryimage"},"thumbnailUrl":"https:\/\/wietkoopwinkel.com\/wp-content\/uploads\/2023\/09\/Tropical-Cherry-1.jpg","datePublished":"2023-09-22T11:06:16+00:00","dateModified":"2023-10-07T09:48:15+00:00","breadcrumb":{"@id":"https:\/\/wietkoopwinkel.com\/product\/tropical-cherry\/#breadcrumb"},"inLanguage":"es","potentialAction":[{"@type":"ReadAction","target":["https:\/\/wietkoopwinkel.com\/product\/tropical-cherry\/"]}]},{"@type":"ImageObject","inLanguage":"es","@id":"https:\/\/wietkoopwinkel.com\/product\/tropical-cherry\/#primaryimage","url":"https:\/\/wietkoopwinkel.com\/wp-content\/uploads\/2023\/09\/Tropical-Cherry-1.jpg","contentUrl":"https:\/\/wietkoopwinkel.com\/wp-content\/uploads\/2023\/09\/Tropical-Cherry-1.jpg","width":960,"height":1280,"caption":"Tropical Cherry"},{"@type":"BreadcrumbList","@id":"https:\/\/wietkoopwinkel.com\/product\/tropical-cherry\/#breadcrumb","itemListElement":[{"@type":"ListItem","position":1,"name":"Home","item":"https:\/\/wietkoopwinkel.com\/"},{"@type":"ListItem","position":2,"name":"Winkel","item":"https:\/\/wietkoopwinkel.com\/winkel\/"},{"@type":"ListItem","position":3,"name":"Tropical Cherry"}]},{"@type":"WebSite","@id":"https:\/\/wietkoopwinkel.com\/#website","url":"https:\/\/wietkoopwinkel.com\/","name":"Wiet Koop Winkel","description":"My WordPress Blog","publisher":{"@id":"https:\/\/wietkoopwinkel.com\/#organization"},"potentialAction":[{"@type":"SearchAction","target":{"@type":"EntryPoint","urlTemplate":"https:\/\/wietkoopwinkel.com\/?s={search_term_string}"},"query-input":{"@type":"PropertyValueSpecification","valueRequired":true,"valueName":"search_term_string"}}],"inLanguage":"es"},{"@type":"Organization","@id":"https:\/\/wietkoopwinkel.com\/#organization","name":"Wiet Koop Winkel","url":"https:\/\/wietkoopwinkel.com\/","logo":{"@type":"ImageObject","inLanguage":"es","@id":"https:\/\/wietkoopwinkel.com\/#\/schema\/logo\/image\/","url":"https:\/\/wietkoopwinkel.com\/wp-content\/uploads\/2023\/10\/logo.png","contentUrl":"https:\/\/wietkoopwinkel.com\/wp-content\/uploads\/2023\/10\/logo.png","width":400,"height":120,"caption":"Wiet Koop Winkel"},"image":{"@id":"https:\/\/wietkoopwinkel.com\/#\/schema\/logo\/image\/"}}]}},"_links":{"self":[{"href":"https:\/\/wietkoopwinkel.com\/es\/wp-json\/wp\/v2\/product\/106","targetHints":{"allow":["GET"]}}],"collection":[{"href":"https:\/\/wietkoopwinkel.com\/es\/wp-json\/wp\/v2\/product"}],"about":[{"href":"https:\/\/wietkoopwinkel.com\/es\/wp-json\/wp\/v2\/types\/product"}],"replies":[{"embeddable":true,"href":"https:\/\/wietkoopwinkel.com\/es\/wp-json\/wp\/v2\/comments?post=106"}],"wp:featuredmedia":[{"embeddable":true,"href":"https:\/\/wietkoopwinkel.com\/es\/wp-json\/wp\/v2\/media\/1451"}],"wp:attachment":[{"href":"https:\/\/wietkoopwinkel.com\/es\/wp-json\/wp\/v2\/media?parent=106"}],"wp:term":[{"taxonomy":"product_cat","embeddable":true,"href":"https:\/\/wietkoopwinkel.com\/es\/wp-json\/wp\/v2\/product_cat?post=106"},{"taxonomy":"product_tag","embeddable":true,"href":"https:\/\/wietkoopwinkel.com\/es\/wp-json\/wp\/v2\/product_tag?post=106"}],"curies":[{"name":"wp","href":"https:\/\/api.w.org\/{rel}","templated":true}]}}