{"id":41,"date":"2023-09-22T08:49:48","date_gmt":"2023-09-22T08:49:48","guid":{"rendered":"https:\/\/nembutalhouse.com\/weed\/?post_type=product&#038;p=41"},"modified":"2024-01-03T11:52:04","modified_gmt":"2024-01-03T11:52:04","slug":"pop-rox","status":"publish","type":"product","link":"https:\/\/wietkoopwinkel.com\/de\/produkt\/pop-rox\/","title":{"rendered":"Pop Rox"},"content":{"rendered":"<p>Die Pop Rocks Marihuanasorte ist r\u00e4tselhaft und oft schwer zu finden. Sie hat eine verborgene Geschichte, die nur einige wenige entdecken konnten. Sie ist ungew\u00f6hnlich, weil man annimmt, dass sie aus Las Vegas stammt und f\u00fcr eine private Sammlung hergestellt wurde.<\/p>\n<p>Sie ist m\u00e4\u00dfig potent und hat hohe THC- und niedrige CBD-Konzentrationen. Sie ist au\u00dferdem unter dem stilisierten Namen \"Pop Rox\" bekannt.<\/p>\n<h2>Untersuchen wir seine wichtigsten Merkmale:<\/h2>\n<p>Typ: Indica-dominant<br \/>\nTHC: 19-22%<br \/>\nCBD: 0-1%<br \/>\nMeist berichtete Wirkungen: Euphorisch, kribbelnd, erhebend<br \/>\nMeistgenannte Geschmacksrichtungen: Weintraube, s\u00fc\u00df, Zitrusfr\u00fcchte<br \/>\nDominantes Terpen: Caryophyllen<br \/>\nBl\u00fctezeit: 7-9 Wochen<br \/>\nSchwierigkeitsgrad: mittel<br \/>\nErtrag: 10-12 oz.\/m\u00b2 im Innenbereich und 12 oz.\/Pflanze im Au\u00dfenbereich<\/p>","protected":false},"excerpt":{"rendered":"<p>De Pop Rocks-marihuanasoort is raadselachtig en vaak moeilijk te lokaliseren. Het heeft een verborgen geschiedenis die slechts een select aantal mensen heeft kunnen ontdekken. Het is ongebruikelijk omdat men denkt dat het uit Las Vegas komt en gemaakt is voor een priv\u00e9collectie. Ze is middelmatig krachtig en heeft hoge THC- en lage CBD-concentraties. Het is&#8230;<\/p>","protected":false},"featured_media":350,"comment_status":"open","ping_status":"closed","template":"","meta":{"_kad_post_transparent":"default","_kad_post_title":"","_kad_post_layout":"default","_kad_post_sidebar_id":"","_kad_post_content_style":"default","_kad_post_vertical_padding":"default","_kad_post_feature":"","_kad_post_feature_position":"","_kad_post_header":false,"_kad_post_footer":false,"_joinchat":[]},"product_cat":[17],"product_tag":[],"class_list":["post-41","product","type-product","status-publish","has-post-thumbnail","hentry","product_cat-wiet","entry","content-bg","loop-entry"],"yoast_head":"<!-- This site is optimized with the Yoast SEO plugin v26.3 - https:\/\/yoast.com\/wordpress\/plugins\/seo\/ -->\n<title>Pop Rox - Wiet Koop Winkel<\/title>\n<meta name=\"robots\" content=\"index, follow, max-snippet:-1, max-image-preview:large, max-video-preview:-1\" \/>\n<link rel=\"canonical\" href=\"https:\/\/wietkoopwinkel.com\/de\/produkt\/pop-rox\/\" \/>\n<meta property=\"og:locale\" content=\"de_DE\" \/>\n<meta property=\"og:type\" content=\"article\" \/>\n<meta property=\"og:title\" content=\"Pop Rox - Wiet Koop Winkel\" \/>\n<meta property=\"og:description\" content=\"De Pop Rocks-marihuanasoort is raadselachtig en vaak moeilijk te lokaliseren. Het heeft een verborgen geschiedenis die slechts een select aantal mensen heeft kunnen ontdekken. Het is ongebruikelijk omdat men denkt dat het uit Las Vegas komt en gemaakt is voor een priv\u00e9collectie. Ze is middelmatig krachtig en heeft hoge THC- en lage CBD-concentraties. Het is...\" \/>\n<meta property=\"og:url\" content=\"https:\/\/wietkoopwinkel.com\/de\/produkt\/pop-rox\/\" \/>\n<meta property=\"og:site_name\" content=\"Wiet Koop Winkel\" \/>\n<meta property=\"article:modified_time\" content=\"2024-01-03T11:52:04+00:00\" \/>\n<meta property=\"og:image\" content=\"https:\/\/wietkoopwinkel.com\/wp-content\/uploads\/2023\/09\/Pop-Rox-2.jpg\" \/>\n\t<meta property=\"og:image:width\" content=\"960\" \/>\n\t<meta property=\"og:image:height\" content=\"1280\" \/>\n\t<meta property=\"og:image:type\" content=\"image\/jpeg\" \/>\n<meta name=\"twitter:card\" content=\"summary_large_image\" \/>\n<meta name=\"twitter:label1\" content=\"Gesch\u00e4tzte Lesezeit\" \/>\n\t<meta name=\"twitter:data1\" content=\"1\u00a0Minute\" \/>\n<script type=\"application\/ld+json\" class=\"yoast-schema-graph\">{\"@context\":\"https:\/\/schema.org\",\"@graph\":[{\"@type\":\"WebPage\",\"@id\":\"https:\/\/wietkoopwinkel.com\/product\/pop-rox\/\",\"url\":\"https:\/\/wietkoopwinkel.com\/product\/pop-rox\/\",\"name\":\"Pop Rox - Wiet Koop Winkel\",\"isPartOf\":{\"@id\":\"https:\/\/wietkoopwinkel.com\/#website\"},\"primaryImageOfPage\":{\"@id\":\"https:\/\/wietkoopwinkel.com\/product\/pop-rox\/#primaryimage\"},\"image\":{\"@id\":\"https:\/\/wietkoopwinkel.com\/product\/pop-rox\/#primaryimage\"},\"thumbnailUrl\":\"https:\/\/wietkoopwinkel.com\/wp-content\/uploads\/2023\/09\/Pop-Rox-2.jpg\",\"datePublished\":\"2023-09-22T08:49:48+00:00\",\"dateModified\":\"2024-01-03T11:52:04+00:00\",\"breadcrumb\":{\"@id\":\"https:\/\/wietkoopwinkel.com\/product\/pop-rox\/#breadcrumb\"},\"inLanguage\":\"de\",\"potentialAction\":[{\"@type\":\"ReadAction\",\"target\":[\"https:\/\/wietkoopwinkel.com\/product\/pop-rox\/\"]}]},{\"@type\":\"ImageObject\",\"inLanguage\":\"de\",\"@id\":\"https:\/\/wietkoopwinkel.com\/product\/pop-rox\/#primaryimage\",\"url\":\"https:\/\/wietkoopwinkel.com\/wp-content\/uploads\/2023\/09\/Pop-Rox-2.jpg\",\"contentUrl\":\"https:\/\/wietkoopwinkel.com\/wp-content\/uploads\/2023\/09\/Pop-Rox-2.jpg\",\"width\":960,\"height\":1280,\"caption\":\"Pop Rox\"},{\"@type\":\"BreadcrumbList\",\"@id\":\"https:\/\/wietkoopwinkel.com\/product\/pop-rox\/#breadcrumb\",\"itemListElement\":[{\"@type\":\"ListItem\",\"position\":1,\"name\":\"Home\",\"item\":\"https:\/\/wietkoopwinkel.com\/\"},{\"@type\":\"ListItem\",\"position\":2,\"name\":\"Winkel\",\"item\":\"https:\/\/wietkoopwinkel.com\/winkel\/\"},{\"@type\":\"ListItem\",\"position\":3,\"name\":\"Pop Rox\"}]},{\"@type\":\"WebSite\",\"@id\":\"https:\/\/wietkoopwinkel.com\/#website\",\"url\":\"https:\/\/wietkoopwinkel.com\/\",\"name\":\"Wiet Koop Winkel\",\"description\":\"My WordPress Blog\",\"publisher\":{\"@id\":\"https:\/\/wietkoopwinkel.com\/#organization\"},\"potentialAction\":[{\"@type\":\"SearchAction\",\"target\":{\"@type\":\"EntryPoint\",\"urlTemplate\":\"https:\/\/wietkoopwinkel.com\/?s={search_term_string}\"},\"query-input\":{\"@type\":\"PropertyValueSpecification\",\"valueRequired\":true,\"valueName\":\"search_term_string\"}}],\"inLanguage\":\"de\"},{\"@type\":\"Organization\",\"@id\":\"https:\/\/wietkoopwinkel.com\/#organization\",\"name\":\"Wiet Koop Winkel\",\"url\":\"https:\/\/wietkoopwinkel.com\/\",\"logo\":{\"@type\":\"ImageObject\",\"inLanguage\":\"de\",\"@id\":\"https:\/\/wietkoopwinkel.com\/#\/schema\/logo\/image\/\",\"url\":\"https:\/\/wietkoopwinkel.com\/wp-content\/uploads\/2023\/10\/logo.png\",\"contentUrl\":\"https:\/\/wietkoopwinkel.com\/wp-content\/uploads\/2023\/10\/logo.png\",\"width\":400,\"height\":120,\"caption\":\"Wiet Koop Winkel\"},\"image\":{\"@id\":\"https:\/\/wietkoopwinkel.com\/#\/schema\/logo\/image\/\"}}]}<\/script>\n<!-- \/ Yoast SEO plugin. -->","yoast_head_json":{"title":"Pop Rox - Wiet Koop Winkel","robots":{"index":"index","follow":"follow","max-snippet":"max-snippet:-1","max-image-preview":"max-image-preview:large","max-video-preview":"max-video-preview:-1"},"canonical":"https:\/\/wietkoopwinkel.com\/de\/produkt\/pop-rox\/","og_locale":"de_DE","og_type":"article","og_title":"Pop Rox - Wiet Koop Winkel","og_description":"De Pop Rocks-marihuanasoort is raadselachtig en vaak moeilijk te lokaliseren. Het heeft een verborgen geschiedenis die slechts een select aantal mensen heeft kunnen ontdekken. Het is ongebruikelijk omdat men denkt dat het uit Las Vegas komt en gemaakt is voor een priv\u00e9collectie. Ze is middelmatig krachtig en heeft hoge THC- en lage CBD-concentraties. Het is...","og_url":"https:\/\/wietkoopwinkel.com\/de\/produkt\/pop-rox\/","og_site_name":"Wiet Koop Winkel","article_modified_time":"2024-01-03T11:52:04+00:00","og_image":[{"width":960,"height":1280,"url":"https:\/\/wietkoopwinkel.com\/wp-content\/uploads\/2023\/09\/Pop-Rox-2.jpg","type":"image\/jpeg"}],"twitter_card":"summary_large_image","twitter_misc":{"Gesch\u00e4tzte Lesezeit":"1\u00a0Minute"},"schema":{"@context":"https:\/\/schema.org","@graph":[{"@type":"WebPage","@id":"https:\/\/wietkoopwinkel.com\/product\/pop-rox\/","url":"https:\/\/wietkoopwinkel.com\/product\/pop-rox\/","name":"Pop Rox - Wiet Koop Winkel","isPartOf":{"@id":"https:\/\/wietkoopwinkel.com\/#website"},"primaryImageOfPage":{"@id":"https:\/\/wietkoopwinkel.com\/product\/pop-rox\/#primaryimage"},"image":{"@id":"https:\/\/wietkoopwinkel.com\/product\/pop-rox\/#primaryimage"},"thumbnailUrl":"https:\/\/wietkoopwinkel.com\/wp-content\/uploads\/2023\/09\/Pop-Rox-2.jpg","datePublished":"2023-09-22T08:49:48+00:00","dateModified":"2024-01-03T11:52:04+00:00","breadcrumb":{"@id":"https:\/\/wietkoopwinkel.com\/product\/pop-rox\/#breadcrumb"},"inLanguage":"de","potentialAction":[{"@type":"ReadAction","target":["https:\/\/wietkoopwinkel.com\/product\/pop-rox\/"]}]},{"@type":"ImageObject","inLanguage":"de","@id":"https:\/\/wietkoopwinkel.com\/product\/pop-rox\/#primaryimage","url":"https:\/\/wietkoopwinkel.com\/wp-content\/uploads\/2023\/09\/Pop-Rox-2.jpg","contentUrl":"https:\/\/wietkoopwinkel.com\/wp-content\/uploads\/2023\/09\/Pop-Rox-2.jpg","width":960,"height":1280,"caption":"Pop Rox"},{"@type":"BreadcrumbList","@id":"https:\/\/wietkoopwinkel.com\/product\/pop-rox\/#breadcrumb","itemListElement":[{"@type":"ListItem","position":1,"name":"Home","item":"https:\/\/wietkoopwinkel.com\/"},{"@type":"ListItem","position":2,"name":"Winkel","item":"https:\/\/wietkoopwinkel.com\/winkel\/"},{"@type":"ListItem","position":3,"name":"Pop Rox"}]},{"@type":"WebSite","@id":"https:\/\/wietkoopwinkel.com\/#website","url":"https:\/\/wietkoopwinkel.com\/","name":"Wiet Koop Winkel","description":"My WordPress Blog","publisher":{"@id":"https:\/\/wietkoopwinkel.com\/#organization"},"potentialAction":[{"@type":"SearchAction","target":{"@type":"EntryPoint","urlTemplate":"https:\/\/wietkoopwinkel.com\/?s={search_term_string}"},"query-input":{"@type":"PropertyValueSpecification","valueRequired":true,"valueName":"search_term_string"}}],"inLanguage":"de"},{"@type":"Organization","@id":"https:\/\/wietkoopwinkel.com\/#organization","name":"Wiet Koop Winkel","url":"https:\/\/wietkoopwinkel.com\/","logo":{"@type":"ImageObject","inLanguage":"de","@id":"https:\/\/wietkoopwinkel.com\/#\/schema\/logo\/image\/","url":"https:\/\/wietkoopwinkel.com\/wp-content\/uploads\/2023\/10\/logo.png","contentUrl":"https:\/\/wietkoopwinkel.com\/wp-content\/uploads\/2023\/10\/logo.png","width":400,"height":120,"caption":"Wiet Koop Winkel"},"image":{"@id":"https:\/\/wietkoopwinkel.com\/#\/schema\/logo\/image\/"}}]}},"_links":{"self":[{"href":"https:\/\/wietkoopwinkel.com\/de\/wp-json\/wp\/v2\/product\/41","targetHints":{"allow":["GET"]}}],"collection":[{"href":"https:\/\/wietkoopwinkel.com\/de\/wp-json\/wp\/v2\/product"}],"about":[{"href":"https:\/\/wietkoopwinkel.com\/de\/wp-json\/wp\/v2\/types\/product"}],"replies":[{"embeddable":true,"href":"https:\/\/wietkoopwinkel.com\/de\/wp-json\/wp\/v2\/comments?post=41"}],"wp:featuredmedia":[{"embeddable":true,"href":"https:\/\/wietkoopwinkel.com\/de\/wp-json\/wp\/v2\/media\/350"}],"wp:attachment":[{"href":"https:\/\/wietkoopwinkel.com\/de\/wp-json\/wp\/v2\/media?parent=41"}],"wp:term":[{"taxonomy":"product_cat","embeddable":true,"href":"https:\/\/wietkoopwinkel.com\/de\/wp-json\/wp\/v2\/product_cat?post=41"},{"taxonomy":"product_tag","embeddable":true,"href":"https:\/\/wietkoopwinkel.com\/de\/wp-json\/wp\/v2\/product_tag?post=41"}],"curies":[{"name":"wp","href":"https:\/\/api.w.org\/{rel}","templated":true}]}}