{"id":1614,"date":"2023-10-08T09:30:08","date_gmt":"2023-10-08T09:30:08","guid":{"rendered":"https:\/\/wietkoopwinkel.com\/?post_type=product&#038;p=1614"},"modified":"2023-10-08T09:45:24","modified_gmt":"2023-10-08T09:45:24","slug":"cali-wiet","status":"publish","type":"product","link":"https:\/\/wietkoopwinkel.com\/de\/produkt\/cali-gras\/","title":{"rendered":"Kalifornisches Unkraut"},"content":{"rendered":"<h1>Cali Weed Haze - kombiniert Sativa-Merkmale mit Indica-Eigenschaften.<\/h1>\n<p>cali Weed Haze ist ein wunderbarer Hybrid von Sensi Seeds und \u00fcberzeugt vor allem durch die hervorragende Verschmelzung von Indica- und Sativa-Eigenschaften; ein feines Sativa-High trifft hier auf die Potenz einer starken Indica. Als Basis diente hier die urspr\u00fcngliche Haze, die dann mit jamaikanischem und nordindischem Genmaterial gekreuzt wurde. Der Wuchs von Kali Haze ist dicht, hier kommen die Indica-Eigenschaften zum Vorschein; an den St\u00e4ngeln und \u00c4sten entwickeln sich dichte Knospen voller Harz, w\u00e4hrend die Verzweigung immer dichter wird. Die Pflanzen verstr\u00f6men einen s\u00fc\u00dfen und frischen Duft, der sich angenehm im Raum ausbreitet.<\/p>","protected":false},"excerpt":{"rendered":"<p>Cali Wiet Haze &#8211; combineert Sativa kenmerken met Indica eigenschappen. cali Wiet Haze is een prachtige hybride van Sensi Seeds en overtuigt vooral door haar uitstekende samensmelting van Indica en Sativa kenmerken; een fijne Sativa high ontmoet hier de potentie van een sterke Indica. De basis was hier de originele Haze, die vervolgens werd gekruist&#8230;<\/p>","protected":false},"featured_media":1615,"comment_status":"open","ping_status":"closed","template":"","meta":{"_kad_post_transparent":"default","_kad_post_title":"","_kad_post_layout":"default","_kad_post_sidebar_id":"","_kad_post_content_style":"default","_kad_post_vertical_padding":"default","_kad_post_feature":"","_kad_post_feature_position":"","_kad_post_header":false,"_kad_post_footer":false,"_joinchat":[]},"product_cat":[17],"product_tag":[],"class_list":["post-1614","product","type-product","status-publish","has-post-thumbnail","hentry","product_cat-wiet","entry","content-bg","loop-entry"],"yoast_head":"<!-- This site is optimized with the Yoast SEO plugin v26.3 - https:\/\/yoast.com\/wordpress\/plugins\/seo\/ -->\n<title>Cali Wiet - Wiet Koop Winkel<\/title>\n<meta name=\"robots\" content=\"index, follow, max-snippet:-1, max-image-preview:large, max-video-preview:-1\" \/>\n<link rel=\"canonical\" href=\"https:\/\/wietkoopwinkel.com\/de\/produkt\/cali-gras\/\" \/>\n<meta property=\"og:locale\" content=\"de_DE\" \/>\n<meta property=\"og:type\" content=\"article\" \/>\n<meta property=\"og:title\" content=\"Cali Wiet - Wiet Koop Winkel\" \/>\n<meta property=\"og:description\" content=\"Cali Wiet Haze &#8211; combineert Sativa kenmerken met Indica eigenschappen. cali Wiet Haze is een prachtige hybride van Sensi Seeds en overtuigt vooral door haar uitstekende samensmelting van Indica en Sativa kenmerken; een fijne Sativa high ontmoet hier de potentie van een sterke Indica. De basis was hier de originele Haze, die vervolgens werd gekruist...\" \/>\n<meta property=\"og:url\" content=\"https:\/\/wietkoopwinkel.com\/de\/produkt\/cali-gras\/\" \/>\n<meta property=\"og:site_name\" content=\"Wiet Koop Winkel\" \/>\n<meta property=\"article:modified_time\" content=\"2023-10-08T09:45:24+00:00\" \/>\n<meta property=\"og:image\" content=\"https:\/\/wietkoopwinkel.com\/wp-content\/uploads\/2023\/10\/kali-weed-kopen.jpg\" \/>\n\t<meta property=\"og:image:width\" content=\"225\" \/>\n\t<meta property=\"og:image:height\" content=\"300\" \/>\n\t<meta property=\"og:image:type\" content=\"image\/jpeg\" \/>\n<meta name=\"twitter:card\" content=\"summary_large_image\" \/>\n<meta name=\"twitter:label1\" content=\"Gesch\u00e4tzte Lesezeit\" \/>\n\t<meta name=\"twitter:data1\" content=\"1\u00a0Minute\" \/>\n<script type=\"application\/ld+json\" class=\"yoast-schema-graph\">{\"@context\":\"https:\/\/schema.org\",\"@graph\":[{\"@type\":\"WebPage\",\"@id\":\"https:\/\/wietkoopwinkel.com\/product\/cali-wiet\/\",\"url\":\"https:\/\/wietkoopwinkel.com\/product\/cali-wiet\/\",\"name\":\"Cali Wiet - Wiet Koop Winkel\",\"isPartOf\":{\"@id\":\"https:\/\/wietkoopwinkel.com\/#website\"},\"primaryImageOfPage\":{\"@id\":\"https:\/\/wietkoopwinkel.com\/product\/cali-wiet\/#primaryimage\"},\"image\":{\"@id\":\"https:\/\/wietkoopwinkel.com\/product\/cali-wiet\/#primaryimage\"},\"thumbnailUrl\":\"https:\/\/wietkoopwinkel.com\/wp-content\/uploads\/2023\/10\/kali-weed-kopen.jpg\",\"datePublished\":\"2023-10-08T09:30:08+00:00\",\"dateModified\":\"2023-10-08T09:45:24+00:00\",\"breadcrumb\":{\"@id\":\"https:\/\/wietkoopwinkel.com\/product\/cali-wiet\/#breadcrumb\"},\"inLanguage\":\"de\",\"potentialAction\":[{\"@type\":\"ReadAction\",\"target\":[\"https:\/\/wietkoopwinkel.com\/product\/cali-wiet\/\"]}]},{\"@type\":\"ImageObject\",\"inLanguage\":\"de\",\"@id\":\"https:\/\/wietkoopwinkel.com\/product\/cali-wiet\/#primaryimage\",\"url\":\"https:\/\/wietkoopwinkel.com\/wp-content\/uploads\/2023\/10\/kali-weed-kopen.jpg\",\"contentUrl\":\"https:\/\/wietkoopwinkel.com\/wp-content\/uploads\/2023\/10\/kali-weed-kopen.jpg\",\"width\":225,\"height\":300,\"caption\":\"Cali Wiet Kopen\"},{\"@type\":\"BreadcrumbList\",\"@id\":\"https:\/\/wietkoopwinkel.com\/product\/cali-wiet\/#breadcrumb\",\"itemListElement\":[{\"@type\":\"ListItem\",\"position\":1,\"name\":\"Home\",\"item\":\"https:\/\/wietkoopwinkel.com\/\"},{\"@type\":\"ListItem\",\"position\":2,\"name\":\"Winkel\",\"item\":\"https:\/\/wietkoopwinkel.com\/winkel\/\"},{\"@type\":\"ListItem\",\"position\":3,\"name\":\"Cali Wiet\"}]},{\"@type\":\"WebSite\",\"@id\":\"https:\/\/wietkoopwinkel.com\/#website\",\"url\":\"https:\/\/wietkoopwinkel.com\/\",\"name\":\"Wiet Koop Winkel\",\"description\":\"My WordPress Blog\",\"publisher\":{\"@id\":\"https:\/\/wietkoopwinkel.com\/#organization\"},\"potentialAction\":[{\"@type\":\"SearchAction\",\"target\":{\"@type\":\"EntryPoint\",\"urlTemplate\":\"https:\/\/wietkoopwinkel.com\/?s={search_term_string}\"},\"query-input\":{\"@type\":\"PropertyValueSpecification\",\"valueRequired\":true,\"valueName\":\"search_term_string\"}}],\"inLanguage\":\"de\"},{\"@type\":\"Organization\",\"@id\":\"https:\/\/wietkoopwinkel.com\/#organization\",\"name\":\"Wiet Koop Winkel\",\"url\":\"https:\/\/wietkoopwinkel.com\/\",\"logo\":{\"@type\":\"ImageObject\",\"inLanguage\":\"de\",\"@id\":\"https:\/\/wietkoopwinkel.com\/#\/schema\/logo\/image\/\",\"url\":\"https:\/\/wietkoopwinkel.com\/wp-content\/uploads\/2023\/10\/logo.png\",\"contentUrl\":\"https:\/\/wietkoopwinkel.com\/wp-content\/uploads\/2023\/10\/logo.png\",\"width\":400,\"height\":120,\"caption\":\"Wiet Koop Winkel\"},\"image\":{\"@id\":\"https:\/\/wietkoopwinkel.com\/#\/schema\/logo\/image\/\"}}]}<\/script>\n<!-- \/ Yoast SEO plugin. -->","yoast_head_json":{"title":"Cali Wiet - Wiet Koop Winkel","robots":{"index":"index","follow":"follow","max-snippet":"max-snippet:-1","max-image-preview":"max-image-preview:large","max-video-preview":"max-video-preview:-1"},"canonical":"https:\/\/wietkoopwinkel.com\/de\/produkt\/cali-gras\/","og_locale":"de_DE","og_type":"article","og_title":"Cali Wiet - Wiet Koop Winkel","og_description":"Cali Wiet Haze &#8211; combineert Sativa kenmerken met Indica eigenschappen. cali Wiet Haze is een prachtige hybride van Sensi Seeds en overtuigt vooral door haar uitstekende samensmelting van Indica en Sativa kenmerken; een fijne Sativa high ontmoet hier de potentie van een sterke Indica. De basis was hier de originele Haze, die vervolgens werd gekruist...","og_url":"https:\/\/wietkoopwinkel.com\/de\/produkt\/cali-gras\/","og_site_name":"Wiet Koop Winkel","article_modified_time":"2023-10-08T09:45:24+00:00","og_image":[{"width":225,"height":300,"url":"https:\/\/wietkoopwinkel.com\/wp-content\/uploads\/2023\/10\/kali-weed-kopen.jpg","type":"image\/jpeg"}],"twitter_card":"summary_large_image","twitter_misc":{"Gesch\u00e4tzte Lesezeit":"1\u00a0Minute"},"schema":{"@context":"https:\/\/schema.org","@graph":[{"@type":"WebPage","@id":"https:\/\/wietkoopwinkel.com\/product\/cali-wiet\/","url":"https:\/\/wietkoopwinkel.com\/product\/cali-wiet\/","name":"Cali Wiet - Wiet Koop Winkel","isPartOf":{"@id":"https:\/\/wietkoopwinkel.com\/#website"},"primaryImageOfPage":{"@id":"https:\/\/wietkoopwinkel.com\/product\/cali-wiet\/#primaryimage"},"image":{"@id":"https:\/\/wietkoopwinkel.com\/product\/cali-wiet\/#primaryimage"},"thumbnailUrl":"https:\/\/wietkoopwinkel.com\/wp-content\/uploads\/2023\/10\/kali-weed-kopen.jpg","datePublished":"2023-10-08T09:30:08+00:00","dateModified":"2023-10-08T09:45:24+00:00","breadcrumb":{"@id":"https:\/\/wietkoopwinkel.com\/product\/cali-wiet\/#breadcrumb"},"inLanguage":"de","potentialAction":[{"@type":"ReadAction","target":["https:\/\/wietkoopwinkel.com\/product\/cali-wiet\/"]}]},{"@type":"ImageObject","inLanguage":"de","@id":"https:\/\/wietkoopwinkel.com\/product\/cali-wiet\/#primaryimage","url":"https:\/\/wietkoopwinkel.com\/wp-content\/uploads\/2023\/10\/kali-weed-kopen.jpg","contentUrl":"https:\/\/wietkoopwinkel.com\/wp-content\/uploads\/2023\/10\/kali-weed-kopen.jpg","width":225,"height":300,"caption":"Cali Wiet Kopen"},{"@type":"BreadcrumbList","@id":"https:\/\/wietkoopwinkel.com\/product\/cali-wiet\/#breadcrumb","itemListElement":[{"@type":"ListItem","position":1,"name":"Home","item":"https:\/\/wietkoopwinkel.com\/"},{"@type":"ListItem","position":2,"name":"Winkel","item":"https:\/\/wietkoopwinkel.com\/winkel\/"},{"@type":"ListItem","position":3,"name":"Cali Wiet"}]},{"@type":"WebSite","@id":"https:\/\/wietkoopwinkel.com\/#website","url":"https:\/\/wietkoopwinkel.com\/","name":"Wiet Koop Winkel","description":"My WordPress Blog","publisher":{"@id":"https:\/\/wietkoopwinkel.com\/#organization"},"potentialAction":[{"@type":"SearchAction","target":{"@type":"EntryPoint","urlTemplate":"https:\/\/wietkoopwinkel.com\/?s={search_term_string}"},"query-input":{"@type":"PropertyValueSpecification","valueRequired":true,"valueName":"search_term_string"}}],"inLanguage":"de"},{"@type":"Organization","@id":"https:\/\/wietkoopwinkel.com\/#organization","name":"Wiet Koop Winkel","url":"https:\/\/wietkoopwinkel.com\/","logo":{"@type":"ImageObject","inLanguage":"de","@id":"https:\/\/wietkoopwinkel.com\/#\/schema\/logo\/image\/","url":"https:\/\/wietkoopwinkel.com\/wp-content\/uploads\/2023\/10\/logo.png","contentUrl":"https:\/\/wietkoopwinkel.com\/wp-content\/uploads\/2023\/10\/logo.png","width":400,"height":120,"caption":"Wiet Koop Winkel"},"image":{"@id":"https:\/\/wietkoopwinkel.com\/#\/schema\/logo\/image\/"}}]}},"_links":{"self":[{"href":"https:\/\/wietkoopwinkel.com\/de\/wp-json\/wp\/v2\/product\/1614","targetHints":{"allow":["GET"]}}],"collection":[{"href":"https:\/\/wietkoopwinkel.com\/de\/wp-json\/wp\/v2\/product"}],"about":[{"href":"https:\/\/wietkoopwinkel.com\/de\/wp-json\/wp\/v2\/types\/product"}],"replies":[{"embeddable":true,"href":"https:\/\/wietkoopwinkel.com\/de\/wp-json\/wp\/v2\/comments?post=1614"}],"wp:featuredmedia":[{"embeddable":true,"href":"https:\/\/wietkoopwinkel.com\/de\/wp-json\/wp\/v2\/media\/1615"}],"wp:attachment":[{"href":"https:\/\/wietkoopwinkel.com\/de\/wp-json\/wp\/v2\/media?parent=1614"}],"wp:term":[{"taxonomy":"product_cat","embeddable":true,"href":"https:\/\/wietkoopwinkel.com\/de\/wp-json\/wp\/v2\/product_cat?post=1614"},{"taxonomy":"product_tag","embeddable":true,"href":"https:\/\/wietkoopwinkel.com\/de\/wp-json\/wp\/v2\/product_tag?post=1614"}],"curies":[{"name":"wp","href":"https:\/\/api.w.org\/{rel}","templated":true}]}}