{"id":98,"date":"2023-09-22T09:48:09","date_gmt":"2023-09-22T09:48:09","guid":{"rendered":"https:\/\/nembutalhouse.com\/weed\/?post_type=product&#038;p=98"},"modified":"2023-10-07T09:50:18","modified_gmt":"2023-10-07T09:50:18","slug":"white-trufflez","status":"publish","type":"product","link":"https:\/\/wietkoopwinkel.com\/da\/vare\/white-trufflez\/","title":{"rendered":"Hvid tr\u00f8ffel"},"content":{"rendered":"<h2>HVAD ER DEN HVIDE TR\u00d8FFELSORT - EN INTRODUKTION<\/h2>\n<p>Vi har udarbejdet detaljerede oplysninger til dig om White Truffle-stammen: dens profil, genetik og egenskaber.<\/p>\n<h3>STRAIN PROFIL<\/h3>\n<p>Se nogle korte fakta om den hvide tr\u00f8ffel.<\/p>\n<p>Type 40% Sativa og 60% Indica<br \/>\nStamtavle Ukendt Gorilla Butter Cross<br \/>\nOpdr\u00e6tter Beleaf<br \/>\nSmag Krydret, jordagtig, svampe, hvidl\u00f8g<br \/>\nAroma Citrus, citron, jordagtige svampe, peber<br \/>\nF\u00f8lelser prikkende, kreativ, opstemt, afslappet<br \/>\nHj\u00e6lper mod kroniske smerter, angst, stress og s\u00f8vnl\u00f8shed<br \/>\nBivirkninger T\u00f8rre \u00f8jne, Mundt\u00f8rhed, Paranoia, Hurtig hjerterytme<br \/>\nCannabinoid THC-niveau: 18% til 26%, CBD-niveau: &lt;2%, CBG-niveau: 0,21 - 0,29%<br \/>\nTerpener Ocimeen, Pineene, Humulene, Limonene, Caryophyllene<br \/>\nStamtavle, type og indhold af genetik<\/p>\n<p>Genetik fra den berygtede Gorilla Butter-stamme og en uidentificeret modpart menes at v\u00e6re blevet krydset for at skabe White Truffle-stammen, som er indhyllet i mystik. Denne stamme giver en alsidig oplevelse med en harmonisk blanding af opl\u00f8ftende og afslappende effekter takket v\u00e6re et afbalanceret Sativa-Indica-forhold p\u00e5 40% Sativa og 60% Indica.<\/p>\n<p>Denne sort giver en rig og euforisk oplevelse, der kan stimulere sindet og berolige kroppen, og har en potent cannabinoidprofil med THC-niveauer, der sp\u00e6nder fra 18% til 26%. Den har et meget lavt CBD-indhold - mindre end 2% - og et moderat h\u00f8jt CBG-indhold - mellem 0,21 og 0,29%. Disse cannabisforhold giver en tilfredsstillende kombination af en st\u00e6rk rus og gavnlige virkninger.<\/p>\n<p>Den fantastiske variation af terpener, som White Truffle-stammen udviser, bidrager ogs\u00e5 til dens karakteristiske smag og aroma. P\u00e5 grund af det h\u00f8je indhold af ocimeen og tils\u00e6tningen af pineen lugter sorten af citron. Humulenkoncentrationen skaber ogs\u00e5 en jordagtig svampelugt. Den citronagtige aroma kommer dog fra tilstedev\u00e6relsen af limonen, og caryophyllenkoncentrationen giver et strejf af krydderi med sine pebrede undertoner.<\/p>\n<h3>Karakteraspekter omfatter udseende, smag, lugt og aroma.<\/h3>\n<p>Cannabis af typen White Truffle har et smukt udseende. De t\u00e6tte spadeformede knopper er d\u00e6kket af ishvide trichomer. De sm\u00e5, popcornformede knopper har en m\u00f8rklilla farve med en subtil nuance af orange eller m\u00f8rkebrune h\u00e5r, som skiller sig ud fra den m\u00f8rklilla baggrund.<\/p>\n<p>N\u00e5r den indtages, lokker den krydrede og jordagtige smag af denne stamme, der minder om svampe og hvidl\u00f8g, smagssanserne. For cannabiselskere, der \u00f8nsker en unik oplevelse, skaber disse salte smage et komplekst og f\u00e6ngslende milj\u00f8. Duften af denne stamme er ogs\u00e5 lokkende med citrus- og citrontoner, der blandes perfekt med jordagtige svampeundertoner og en lille pebret tinge.<\/p>","protected":false},"excerpt":{"rendered":"<p>WAT IS DE WITTE TRUFFELSOORT &#8211; EEN INLEIDING We hebben gedetailleerde informatie voor u voorbereid over de White Truffle-soort: het profiel, de genetica en de kenmerken ervan. STRAIN-PROFIEL Bekijk enkele korte feiten over de witte truffelsoort. Type 40% Sativa en 60% Indica Afstamming Onbekend Gorilla Butter Cross Fokker Beleaf Smaken Kruiden, aards, champignons, knoflook Aroma&#8230;<\/p>","protected":false},"featured_media":1453,"comment_status":"open","ping_status":"closed","template":"","meta":{"_kad_post_transparent":"default","_kad_post_title":"","_kad_post_layout":"default","_kad_post_sidebar_id":"","_kad_post_content_style":"default","_kad_post_vertical_padding":"default","_kad_post_feature":"","_kad_post_feature_position":"","_kad_post_header":false,"_kad_post_footer":false,"_joinchat":[]},"product_cat":[17],"product_tag":[],"class_list":["post-98","product","type-product","status-publish","has-post-thumbnail","hentry","product_cat-wiet","entry","content-bg","loop-entry"],"yoast_head":"<!-- This site is optimized with the Yoast SEO plugin v26.3 - https:\/\/yoast.com\/wordpress\/plugins\/seo\/ -->\n<title>White Trufflez - Wiet Koop Winkel<\/title>\n<meta name=\"robots\" content=\"index, follow, max-snippet:-1, max-image-preview:large, max-video-preview:-1\" \/>\n<link rel=\"canonical\" href=\"https:\/\/wietkoopwinkel.com\/da\/vare\/white-trufflez\/\" \/>\n<meta property=\"og:locale\" content=\"da_DK\" \/>\n<meta property=\"og:type\" content=\"article\" \/>\n<meta property=\"og:title\" content=\"White Trufflez - Wiet Koop Winkel\" \/>\n<meta property=\"og:description\" content=\"WAT IS DE WITTE TRUFFELSOORT &#8211; EEN INLEIDING We hebben gedetailleerde informatie voor u voorbereid over de White Truffle-soort: het profiel, de genetica en de kenmerken ervan. STRAIN-PROFIEL Bekijk enkele korte feiten over de witte truffelsoort. Type 40% Sativa en 60% Indica Afstamming Onbekend Gorilla Butter Cross Fokker Beleaf Smaken Kruiden, aards, champignons, knoflook Aroma...\" \/>\n<meta property=\"og:url\" content=\"https:\/\/wietkoopwinkel.com\/da\/vare\/white-trufflez\/\" \/>\n<meta property=\"og:site_name\" content=\"Wiet Koop Winkel\" \/>\n<meta property=\"article:modified_time\" content=\"2023-10-07T09:50:18+00:00\" \/>\n<meta property=\"og:image\" content=\"https:\/\/wietkoopwinkel.com\/wp-content\/uploads\/2023\/09\/White-Trufflez.jpg\" \/>\n\t<meta property=\"og:image:width\" content=\"960\" \/>\n\t<meta property=\"og:image:height\" content=\"1280\" \/>\n\t<meta property=\"og:image:type\" content=\"image\/jpeg\" \/>\n<meta name=\"twitter:card\" content=\"summary_large_image\" \/>\n<meta name=\"twitter:label1\" content=\"Estimeret l\u00e6setid\" \/>\n\t<meta name=\"twitter:data1\" content=\"2 minutter\" \/>\n<script type=\"application\/ld+json\" class=\"yoast-schema-graph\">{\"@context\":\"https:\/\/schema.org\",\"@graph\":[{\"@type\":\"WebPage\",\"@id\":\"https:\/\/wietkoopwinkel.com\/product\/white-trufflez\/\",\"url\":\"https:\/\/wietkoopwinkel.com\/product\/white-trufflez\/\",\"name\":\"White Trufflez - Wiet Koop Winkel\",\"isPartOf\":{\"@id\":\"https:\/\/wietkoopwinkel.com\/#website\"},\"primaryImageOfPage\":{\"@id\":\"https:\/\/wietkoopwinkel.com\/product\/white-trufflez\/#primaryimage\"},\"image\":{\"@id\":\"https:\/\/wietkoopwinkel.com\/product\/white-trufflez\/#primaryimage\"},\"thumbnailUrl\":\"https:\/\/wietkoopwinkel.com\/wp-content\/uploads\/2023\/09\/White-Trufflez.jpg\",\"datePublished\":\"2023-09-22T09:48:09+00:00\",\"dateModified\":\"2023-10-07T09:50:18+00:00\",\"breadcrumb\":{\"@id\":\"https:\/\/wietkoopwinkel.com\/product\/white-trufflez\/#breadcrumb\"},\"inLanguage\":\"da-DK\",\"potentialAction\":[{\"@type\":\"ReadAction\",\"target\":[\"https:\/\/wietkoopwinkel.com\/product\/white-trufflez\/\"]}]},{\"@type\":\"ImageObject\",\"inLanguage\":\"da-DK\",\"@id\":\"https:\/\/wietkoopwinkel.com\/product\/white-trufflez\/#primaryimage\",\"url\":\"https:\/\/wietkoopwinkel.com\/wp-content\/uploads\/2023\/09\/White-Trufflez.jpg\",\"contentUrl\":\"https:\/\/wietkoopwinkel.com\/wp-content\/uploads\/2023\/09\/White-Trufflez.jpg\",\"width\":960,\"height\":1280,\"caption\":\"White Trufflez\"},{\"@type\":\"BreadcrumbList\",\"@id\":\"https:\/\/wietkoopwinkel.com\/product\/white-trufflez\/#breadcrumb\",\"itemListElement\":[{\"@type\":\"ListItem\",\"position\":1,\"name\":\"Home\",\"item\":\"https:\/\/wietkoopwinkel.com\/\"},{\"@type\":\"ListItem\",\"position\":2,\"name\":\"Winkel\",\"item\":\"https:\/\/wietkoopwinkel.com\/winkel\/\"},{\"@type\":\"ListItem\",\"position\":3,\"name\":\"White Trufflez\"}]},{\"@type\":\"WebSite\",\"@id\":\"https:\/\/wietkoopwinkel.com\/#website\",\"url\":\"https:\/\/wietkoopwinkel.com\/\",\"name\":\"Wiet Koop Winkel\",\"description\":\"My WordPress Blog\",\"publisher\":{\"@id\":\"https:\/\/wietkoopwinkel.com\/#organization\"},\"potentialAction\":[{\"@type\":\"SearchAction\",\"target\":{\"@type\":\"EntryPoint\",\"urlTemplate\":\"https:\/\/wietkoopwinkel.com\/?s={search_term_string}\"},\"query-input\":{\"@type\":\"PropertyValueSpecification\",\"valueRequired\":true,\"valueName\":\"search_term_string\"}}],\"inLanguage\":\"da-DK\"},{\"@type\":\"Organization\",\"@id\":\"https:\/\/wietkoopwinkel.com\/#organization\",\"name\":\"Wiet Koop Winkel\",\"url\":\"https:\/\/wietkoopwinkel.com\/\",\"logo\":{\"@type\":\"ImageObject\",\"inLanguage\":\"da-DK\",\"@id\":\"https:\/\/wietkoopwinkel.com\/#\/schema\/logo\/image\/\",\"url\":\"https:\/\/wietkoopwinkel.com\/wp-content\/uploads\/2023\/10\/logo.png\",\"contentUrl\":\"https:\/\/wietkoopwinkel.com\/wp-content\/uploads\/2023\/10\/logo.png\",\"width\":400,\"height\":120,\"caption\":\"Wiet Koop Winkel\"},\"image\":{\"@id\":\"https:\/\/wietkoopwinkel.com\/#\/schema\/logo\/image\/\"}}]}<\/script>\n<!-- \/ Yoast SEO plugin. -->","yoast_head_json":{"title":"White Trufflez - Wiet Koop Winkel","robots":{"index":"index","follow":"follow","max-snippet":"max-snippet:-1","max-image-preview":"max-image-preview:large","max-video-preview":"max-video-preview:-1"},"canonical":"https:\/\/wietkoopwinkel.com\/da\/vare\/white-trufflez\/","og_locale":"da_DK","og_type":"article","og_title":"White Trufflez - Wiet Koop Winkel","og_description":"WAT IS DE WITTE TRUFFELSOORT &#8211; EEN INLEIDING We hebben gedetailleerde informatie voor u voorbereid over de White Truffle-soort: het profiel, de genetica en de kenmerken ervan. STRAIN-PROFIEL Bekijk enkele korte feiten over de witte truffelsoort. Type 40% Sativa en 60% Indica Afstamming Onbekend Gorilla Butter Cross Fokker Beleaf Smaken Kruiden, aards, champignons, knoflook Aroma...","og_url":"https:\/\/wietkoopwinkel.com\/da\/vare\/white-trufflez\/","og_site_name":"Wiet Koop Winkel","article_modified_time":"2023-10-07T09:50:18+00:00","og_image":[{"width":960,"height":1280,"url":"https:\/\/wietkoopwinkel.com\/wp-content\/uploads\/2023\/09\/White-Trufflez.jpg","type":"image\/jpeg"}],"twitter_card":"summary_large_image","twitter_misc":{"Estimeret l\u00e6setid":"2 minutter"},"schema":{"@context":"https:\/\/schema.org","@graph":[{"@type":"WebPage","@id":"https:\/\/wietkoopwinkel.com\/product\/white-trufflez\/","url":"https:\/\/wietkoopwinkel.com\/product\/white-trufflez\/","name":"White Trufflez - Wiet Koop Winkel","isPartOf":{"@id":"https:\/\/wietkoopwinkel.com\/#website"},"primaryImageOfPage":{"@id":"https:\/\/wietkoopwinkel.com\/product\/white-trufflez\/#primaryimage"},"image":{"@id":"https:\/\/wietkoopwinkel.com\/product\/white-trufflez\/#primaryimage"},"thumbnailUrl":"https:\/\/wietkoopwinkel.com\/wp-content\/uploads\/2023\/09\/White-Trufflez.jpg","datePublished":"2023-09-22T09:48:09+00:00","dateModified":"2023-10-07T09:50:18+00:00","breadcrumb":{"@id":"https:\/\/wietkoopwinkel.com\/product\/white-trufflez\/#breadcrumb"},"inLanguage":"da-DK","potentialAction":[{"@type":"ReadAction","target":["https:\/\/wietkoopwinkel.com\/product\/white-trufflez\/"]}]},{"@type":"ImageObject","inLanguage":"da-DK","@id":"https:\/\/wietkoopwinkel.com\/product\/white-trufflez\/#primaryimage","url":"https:\/\/wietkoopwinkel.com\/wp-content\/uploads\/2023\/09\/White-Trufflez.jpg","contentUrl":"https:\/\/wietkoopwinkel.com\/wp-content\/uploads\/2023\/09\/White-Trufflez.jpg","width":960,"height":1280,"caption":"White Trufflez"},{"@type":"BreadcrumbList","@id":"https:\/\/wietkoopwinkel.com\/product\/white-trufflez\/#breadcrumb","itemListElement":[{"@type":"ListItem","position":1,"name":"Home","item":"https:\/\/wietkoopwinkel.com\/"},{"@type":"ListItem","position":2,"name":"Winkel","item":"https:\/\/wietkoopwinkel.com\/winkel\/"},{"@type":"ListItem","position":3,"name":"White Trufflez"}]},{"@type":"WebSite","@id":"https:\/\/wietkoopwinkel.com\/#website","url":"https:\/\/wietkoopwinkel.com\/","name":"Wiet Koop Winkel","description":"My WordPress Blog","publisher":{"@id":"https:\/\/wietkoopwinkel.com\/#organization"},"potentialAction":[{"@type":"SearchAction","target":{"@type":"EntryPoint","urlTemplate":"https:\/\/wietkoopwinkel.com\/?s={search_term_string}"},"query-input":{"@type":"PropertyValueSpecification","valueRequired":true,"valueName":"search_term_string"}}],"inLanguage":"da-DK"},{"@type":"Organization","@id":"https:\/\/wietkoopwinkel.com\/#organization","name":"Wiet Koop Winkel","url":"https:\/\/wietkoopwinkel.com\/","logo":{"@type":"ImageObject","inLanguage":"da-DK","@id":"https:\/\/wietkoopwinkel.com\/#\/schema\/logo\/image\/","url":"https:\/\/wietkoopwinkel.com\/wp-content\/uploads\/2023\/10\/logo.png","contentUrl":"https:\/\/wietkoopwinkel.com\/wp-content\/uploads\/2023\/10\/logo.png","width":400,"height":120,"caption":"Wiet Koop Winkel"},"image":{"@id":"https:\/\/wietkoopwinkel.com\/#\/schema\/logo\/image\/"}}]}},"_links":{"self":[{"href":"https:\/\/wietkoopwinkel.com\/da\/wp-json\/wp\/v2\/product\/98","targetHints":{"allow":["GET"]}}],"collection":[{"href":"https:\/\/wietkoopwinkel.com\/da\/wp-json\/wp\/v2\/product"}],"about":[{"href":"https:\/\/wietkoopwinkel.com\/da\/wp-json\/wp\/v2\/types\/product"}],"replies":[{"embeddable":true,"href":"https:\/\/wietkoopwinkel.com\/da\/wp-json\/wp\/v2\/comments?post=98"}],"wp:featuredmedia":[{"embeddable":true,"href":"https:\/\/wietkoopwinkel.com\/da\/wp-json\/wp\/v2\/media\/1453"}],"wp:attachment":[{"href":"https:\/\/wietkoopwinkel.com\/da\/wp-json\/wp\/v2\/media?parent=98"}],"wp:term":[{"taxonomy":"product_cat","embeddable":true,"href":"https:\/\/wietkoopwinkel.com\/da\/wp-json\/wp\/v2\/product_cat?post=98"},{"taxonomy":"product_tag","embeddable":true,"href":"https:\/\/wietkoopwinkel.com\/da\/wp-json\/wp\/v2\/product_tag?post=98"}],"curies":[{"name":"wp","href":"https:\/\/api.w.org\/{rel}","templated":true}]}}