{"id":91,"date":"2023-09-22T09:42:34","date_gmt":"2023-09-22T09:42:34","guid":{"rendered":"https:\/\/nembutalhouse.com\/weed\/?post_type=product&#038;p=91"},"modified":"2023-10-07T09:51:49","modified_gmt":"2023-10-07T09:51:49","slug":"gelato-41","status":"publish","type":"product","link":"https:\/\/wietkoopwinkel.com\/da\/vare\/gelato-41\/","title":{"rendered":"Gelato 41"},"content":{"rendered":"<h2>GELATO #41'S GENETISKE BAGGRUND: EN KOMBINATION AF TO CALI-KLASSIKERE<\/h2>\n<p>Gelato #41 er en krydsning af to velkendte californiske sorter: Sunset Sherbet og Thin Mint Cookies. Det er en af de vigtigste californiske sorter, der nogensinde er udviklet, og grundlaget for mange moderne hybridkrydsninger. Denne sort, som Sherbinskis f\u00f8rst dyrkede og for\u00e6dlede, blev hurtigt ber\u00f8mt og \u00e6ndrede permanent folks opfattelse af, hvordan moderne marihuana kunne smage og f\u00f8les. I dag tilbyder andre fr\u00f8firmaer deres egne varianter af denne revolutionerende sort, og det er sv\u00e6rt at forestille sig moderne avl uden Gelato #41.<\/p>\n<p>Cannabis gelato-linjen er bem\u00e6rkelsesv\u00e6rdig, fordi den har givet anledning til adskillige us\u00e6dvanlige og sj\u00e6ldne f\u00e6notyper. For Sherbinskis var kombinationen af Thin Mint Cookies og Sunset Sherbet som at finde guld. Gelato-stammerne 33 (ogs\u00e5 kendt som Larry Bird Kush), 44, 45, 47 og 49 er alle blevet popul\u00e6re i deres egen ret, men Gelato-stamme 41 skiller sig ud som den st\u00e6rkeste af dem alle og har opn\u00e5et legendarisk status for sin dybe indflydelse p\u00e5 cannabismarkedet.<\/p>\n<h3>VOKSEN SHERBET<\/h3>\n<p>Sunset Sherbet, en anden sort skabt af Sherbinskis, er en hybrid af Pink Panties og Girl Scout Cookies. Hun gav Gelato #41 indica-dominerende genetik og en kraftig body high. Hun gav den ogs\u00e5 mange af de krydrede og s\u00f8de b\u00e6rnoter, som Gelato #41 er ber\u00f8mt for.<\/p>\n<h3>MYNTEKIKS, TYNDE<\/h3>\n<p>En s\u00e6rlig f\u00e6notype af SGR, der s\u00e6tter markedsstandarden, er tynde mintkiks. Den st\u00e6rke psykedeliske potens, mint-agtige overtoner i aromaen og terapeutiske egenskaber, som Gelato #41 ogs\u00e5 fik fra denne stamme.<\/p>","protected":false},"excerpt":{"rendered":"<p>GELATO #41&#8217;S GENETISCHE ACHTERGROND: EEN COMBINATIE VAN TWEE CALI KLASSIEKERS Gelato #41 is een kruising van twee bekende Californische soorten: Sunset Sherbet en Thin Mint Cookies. Het is een van de belangrijkste Californische soorten die ooit zijn ontwikkeld en de basis voor veel hedendaagse hybride kruisingen. Deze soort, die Sherbinskis voor het eerst kweekte en&#8230;<\/p>","protected":false},"featured_media":1454,"comment_status":"open","ping_status":"closed","template":"","meta":{"_kad_post_transparent":"default","_kad_post_title":"","_kad_post_layout":"default","_kad_post_sidebar_id":"","_kad_post_content_style":"default","_kad_post_vertical_padding":"default","_kad_post_feature":"","_kad_post_feature_position":"","_kad_post_header":false,"_kad_post_footer":false,"_joinchat":[]},"product_cat":[17],"product_tag":[],"class_list":["post-91","product","type-product","status-publish","has-post-thumbnail","hentry","product_cat-wiet","entry","content-bg","loop-entry"],"yoast_head":"<!-- This site is optimized with the Yoast SEO plugin v26.3 - https:\/\/yoast.com\/wordpress\/plugins\/seo\/ -->\n<title>Gelato 41 - Wiet Koop Winkel<\/title>\n<meta name=\"robots\" content=\"index, follow, max-snippet:-1, max-image-preview:large, max-video-preview:-1\" \/>\n<link rel=\"canonical\" href=\"https:\/\/wietkoopwinkel.com\/da\/vare\/gelato-41\/\" \/>\n<meta property=\"og:locale\" content=\"da_DK\" \/>\n<meta property=\"og:type\" content=\"article\" \/>\n<meta property=\"og:title\" content=\"Gelato 41 - Wiet Koop Winkel\" \/>\n<meta property=\"og:description\" content=\"GELATO #41&#8217;S GENETISCHE ACHTERGROND: EEN COMBINATIE VAN TWEE CALI KLASSIEKERS Gelato #41 is een kruising van twee bekende Californische soorten: Sunset Sherbet en Thin Mint Cookies. Het is een van de belangrijkste Californische soorten die ooit zijn ontwikkeld en de basis voor veel hedendaagse hybride kruisingen. Deze soort, die Sherbinskis voor het eerst kweekte en...\" \/>\n<meta property=\"og:url\" content=\"https:\/\/wietkoopwinkel.com\/da\/vare\/gelato-41\/\" \/>\n<meta property=\"og:site_name\" content=\"Wiet Koop Winkel\" \/>\n<meta property=\"article:modified_time\" content=\"2023-10-07T09:51:49+00:00\" \/>\n<meta property=\"og:image\" content=\"https:\/\/wietkoopwinkel.com\/wp-content\/uploads\/2023\/09\/Gelato-41.jpg\" \/>\n\t<meta property=\"og:image:width\" content=\"960\" \/>\n\t<meta property=\"og:image:height\" content=\"1280\" \/>\n\t<meta property=\"og:image:type\" content=\"image\/jpeg\" \/>\n<meta name=\"twitter:card\" content=\"summary_large_image\" \/>\n<meta name=\"twitter:label1\" content=\"Estimeret l\u00e6setid\" \/>\n\t<meta name=\"twitter:data1\" content=\"2 minutter\" \/>\n<script type=\"application\/ld+json\" class=\"yoast-schema-graph\">{\"@context\":\"https:\/\/schema.org\",\"@graph\":[{\"@type\":\"WebPage\",\"@id\":\"https:\/\/wietkoopwinkel.com\/product\/gelato-41\/\",\"url\":\"https:\/\/wietkoopwinkel.com\/product\/gelato-41\/\",\"name\":\"Gelato 41 - Wiet Koop Winkel\",\"isPartOf\":{\"@id\":\"https:\/\/wietkoopwinkel.com\/#website\"},\"primaryImageOfPage\":{\"@id\":\"https:\/\/wietkoopwinkel.com\/product\/gelato-41\/#primaryimage\"},\"image\":{\"@id\":\"https:\/\/wietkoopwinkel.com\/product\/gelato-41\/#primaryimage\"},\"thumbnailUrl\":\"https:\/\/wietkoopwinkel.com\/wp-content\/uploads\/2023\/09\/Gelato-41.jpg\",\"datePublished\":\"2023-09-22T09:42:34+00:00\",\"dateModified\":\"2023-10-07T09:51:49+00:00\",\"breadcrumb\":{\"@id\":\"https:\/\/wietkoopwinkel.com\/product\/gelato-41\/#breadcrumb\"},\"inLanguage\":\"da-DK\",\"potentialAction\":[{\"@type\":\"ReadAction\",\"target\":[\"https:\/\/wietkoopwinkel.com\/product\/gelato-41\/\"]}]},{\"@type\":\"ImageObject\",\"inLanguage\":\"da-DK\",\"@id\":\"https:\/\/wietkoopwinkel.com\/product\/gelato-41\/#primaryimage\",\"url\":\"https:\/\/wietkoopwinkel.com\/wp-content\/uploads\/2023\/09\/Gelato-41.jpg\",\"contentUrl\":\"https:\/\/wietkoopwinkel.com\/wp-content\/uploads\/2023\/09\/Gelato-41.jpg\",\"width\":960,\"height\":1280,\"caption\":\"wiet kopen\"},{\"@type\":\"BreadcrumbList\",\"@id\":\"https:\/\/wietkoopwinkel.com\/product\/gelato-41\/#breadcrumb\",\"itemListElement\":[{\"@type\":\"ListItem\",\"position\":1,\"name\":\"Home\",\"item\":\"https:\/\/wietkoopwinkel.com\/\"},{\"@type\":\"ListItem\",\"position\":2,\"name\":\"Winkel\",\"item\":\"https:\/\/wietkoopwinkel.com\/winkel\/\"},{\"@type\":\"ListItem\",\"position\":3,\"name\":\"Gelato 41\"}]},{\"@type\":\"WebSite\",\"@id\":\"https:\/\/wietkoopwinkel.com\/#website\",\"url\":\"https:\/\/wietkoopwinkel.com\/\",\"name\":\"Wiet Koop Winkel\",\"description\":\"My WordPress Blog\",\"publisher\":{\"@id\":\"https:\/\/wietkoopwinkel.com\/#organization\"},\"potentialAction\":[{\"@type\":\"SearchAction\",\"target\":{\"@type\":\"EntryPoint\",\"urlTemplate\":\"https:\/\/wietkoopwinkel.com\/?s={search_term_string}\"},\"query-input\":{\"@type\":\"PropertyValueSpecification\",\"valueRequired\":true,\"valueName\":\"search_term_string\"}}],\"inLanguage\":\"da-DK\"},{\"@type\":\"Organization\",\"@id\":\"https:\/\/wietkoopwinkel.com\/#organization\",\"name\":\"Wiet Koop Winkel\",\"url\":\"https:\/\/wietkoopwinkel.com\/\",\"logo\":{\"@type\":\"ImageObject\",\"inLanguage\":\"da-DK\",\"@id\":\"https:\/\/wietkoopwinkel.com\/#\/schema\/logo\/image\/\",\"url\":\"https:\/\/wietkoopwinkel.com\/wp-content\/uploads\/2023\/10\/logo.png\",\"contentUrl\":\"https:\/\/wietkoopwinkel.com\/wp-content\/uploads\/2023\/10\/logo.png\",\"width\":400,\"height\":120,\"caption\":\"Wiet Koop Winkel\"},\"image\":{\"@id\":\"https:\/\/wietkoopwinkel.com\/#\/schema\/logo\/image\/\"}}]}<\/script>\n<!-- \/ Yoast SEO plugin. -->","yoast_head_json":{"title":"Gelato 41 - Wiet Koop Winkel","robots":{"index":"index","follow":"follow","max-snippet":"max-snippet:-1","max-image-preview":"max-image-preview:large","max-video-preview":"max-video-preview:-1"},"canonical":"https:\/\/wietkoopwinkel.com\/da\/vare\/gelato-41\/","og_locale":"da_DK","og_type":"article","og_title":"Gelato 41 - Wiet Koop Winkel","og_description":"GELATO #41&#8217;S GENETISCHE ACHTERGROND: EEN COMBINATIE VAN TWEE CALI KLASSIEKERS Gelato #41 is een kruising van twee bekende Californische soorten: Sunset Sherbet en Thin Mint Cookies. Het is een van de belangrijkste Californische soorten die ooit zijn ontwikkeld en de basis voor veel hedendaagse hybride kruisingen. Deze soort, die Sherbinskis voor het eerst kweekte en...","og_url":"https:\/\/wietkoopwinkel.com\/da\/vare\/gelato-41\/","og_site_name":"Wiet Koop Winkel","article_modified_time":"2023-10-07T09:51:49+00:00","og_image":[{"width":960,"height":1280,"url":"https:\/\/wietkoopwinkel.com\/wp-content\/uploads\/2023\/09\/Gelato-41.jpg","type":"image\/jpeg"}],"twitter_card":"summary_large_image","twitter_misc":{"Estimeret l\u00e6setid":"2 minutter"},"schema":{"@context":"https:\/\/schema.org","@graph":[{"@type":"WebPage","@id":"https:\/\/wietkoopwinkel.com\/product\/gelato-41\/","url":"https:\/\/wietkoopwinkel.com\/product\/gelato-41\/","name":"Gelato 41 - Wiet Koop Winkel","isPartOf":{"@id":"https:\/\/wietkoopwinkel.com\/#website"},"primaryImageOfPage":{"@id":"https:\/\/wietkoopwinkel.com\/product\/gelato-41\/#primaryimage"},"image":{"@id":"https:\/\/wietkoopwinkel.com\/product\/gelato-41\/#primaryimage"},"thumbnailUrl":"https:\/\/wietkoopwinkel.com\/wp-content\/uploads\/2023\/09\/Gelato-41.jpg","datePublished":"2023-09-22T09:42:34+00:00","dateModified":"2023-10-07T09:51:49+00:00","breadcrumb":{"@id":"https:\/\/wietkoopwinkel.com\/product\/gelato-41\/#breadcrumb"},"inLanguage":"da-DK","potentialAction":[{"@type":"ReadAction","target":["https:\/\/wietkoopwinkel.com\/product\/gelato-41\/"]}]},{"@type":"ImageObject","inLanguage":"da-DK","@id":"https:\/\/wietkoopwinkel.com\/product\/gelato-41\/#primaryimage","url":"https:\/\/wietkoopwinkel.com\/wp-content\/uploads\/2023\/09\/Gelato-41.jpg","contentUrl":"https:\/\/wietkoopwinkel.com\/wp-content\/uploads\/2023\/09\/Gelato-41.jpg","width":960,"height":1280,"caption":"wiet kopen"},{"@type":"BreadcrumbList","@id":"https:\/\/wietkoopwinkel.com\/product\/gelato-41\/#breadcrumb","itemListElement":[{"@type":"ListItem","position":1,"name":"Home","item":"https:\/\/wietkoopwinkel.com\/"},{"@type":"ListItem","position":2,"name":"Winkel","item":"https:\/\/wietkoopwinkel.com\/winkel\/"},{"@type":"ListItem","position":3,"name":"Gelato 41"}]},{"@type":"WebSite","@id":"https:\/\/wietkoopwinkel.com\/#website","url":"https:\/\/wietkoopwinkel.com\/","name":"Wiet Koop Winkel","description":"My WordPress Blog","publisher":{"@id":"https:\/\/wietkoopwinkel.com\/#organization"},"potentialAction":[{"@type":"SearchAction","target":{"@type":"EntryPoint","urlTemplate":"https:\/\/wietkoopwinkel.com\/?s={search_term_string}"},"query-input":{"@type":"PropertyValueSpecification","valueRequired":true,"valueName":"search_term_string"}}],"inLanguage":"da-DK"},{"@type":"Organization","@id":"https:\/\/wietkoopwinkel.com\/#organization","name":"Wiet Koop Winkel","url":"https:\/\/wietkoopwinkel.com\/","logo":{"@type":"ImageObject","inLanguage":"da-DK","@id":"https:\/\/wietkoopwinkel.com\/#\/schema\/logo\/image\/","url":"https:\/\/wietkoopwinkel.com\/wp-content\/uploads\/2023\/10\/logo.png","contentUrl":"https:\/\/wietkoopwinkel.com\/wp-content\/uploads\/2023\/10\/logo.png","width":400,"height":120,"caption":"Wiet Koop Winkel"},"image":{"@id":"https:\/\/wietkoopwinkel.com\/#\/schema\/logo\/image\/"}}]}},"_links":{"self":[{"href":"https:\/\/wietkoopwinkel.com\/da\/wp-json\/wp\/v2\/product\/91","targetHints":{"allow":["GET"]}}],"collection":[{"href":"https:\/\/wietkoopwinkel.com\/da\/wp-json\/wp\/v2\/product"}],"about":[{"href":"https:\/\/wietkoopwinkel.com\/da\/wp-json\/wp\/v2\/types\/product"}],"replies":[{"embeddable":true,"href":"https:\/\/wietkoopwinkel.com\/da\/wp-json\/wp\/v2\/comments?post=91"}],"wp:featuredmedia":[{"embeddable":true,"href":"https:\/\/wietkoopwinkel.com\/da\/wp-json\/wp\/v2\/media\/1454"}],"wp:attachment":[{"href":"https:\/\/wietkoopwinkel.com\/da\/wp-json\/wp\/v2\/media?parent=91"}],"wp:term":[{"taxonomy":"product_cat","embeddable":true,"href":"https:\/\/wietkoopwinkel.com\/da\/wp-json\/wp\/v2\/product_cat?post=91"},{"taxonomy":"product_tag","embeddable":true,"href":"https:\/\/wietkoopwinkel.com\/da\/wp-json\/wp\/v2\/product_tag?post=91"}],"curies":[{"name":"wp","href":"https:\/\/api.w.org\/{rel}","templated":true}]}}