{"id":61,"date":"2023-09-22T09:01:28","date_gmt":"2023-09-22T09:01:28","guid":{"rendered":"https:\/\/nembutalhouse.com\/weed\/?post_type=product&#038;p=61"},"modified":"2023-10-07T09:53:27","modified_gmt":"2023-10-07T09:53:27","slug":"jack-herer","status":"publish","type":"product","link":"https:\/\/wietkoopwinkel.com\/da\/vare\/jack-herer\/","title":{"rendered":"Jack Herer"},"content":{"rendered":"<p>Cookies &amp; Cream er en mangfoldig cannabishybrid, der fremviser en p\u00e6nere blanding af smag og aromaer sammen med velafbalancerede effekter, s\u00e5 elskere af s\u00f8de og dekadente stammer skal passe p\u00e5. I denne artikel vil vi udforske Cookies &amp; Creams genetik, smag og v\u00e6kstkarakteristika samt dens opfattede effekter, fordele, foresl\u00e5ede doser og negative effekter.<\/p>\n<h2>Baggrund for genetikken i kiks og fl\u00f8de<\/h2>\n<p>Exotic Genetix, en ber\u00f8mt cannabisfor\u00e6dler i staten Washington, har udviklet cannabishybriden Cookies and Cream. Girl Scout Cookies og Starfighter blev krydset for at producere denne potente og smagfulde stamme, som har fanget hjerterne hos mange cannabiskendere.<\/p>\n<p>Girl Scout Cookies er kendt for sin s\u00f8de, men alligevel jordagtige smag, der minder om wienerbr\u00f8d. Den har vundet et v\u00e6ld af priser, herunder High Times Cannabis Cup. Den rene indica-stamme Starfighter har derimod en vidunderlig aroma og en afslappende fysisk virkning.<\/p>\n<p>Ved at arve de bedste egenskaber fra begge for\u00e6ldresorter producerede Cookies &amp; Cream en sort med en l\u00e6kker aroma og velafbalancerede effekter, hvilket gjorde den til en favorit blandt en r\u00e6kke cannabisfans.<\/p>\n<h3>LUGT, SMAG OG VIRKNING AF FL\u00d8DE OG KIKS<\/h3>\n<p>Cookies and Cream har, som navnet antyder, en s\u00f8d, cremet smag med spor af vanilje, n\u00f8dder og jord. Det skyldes en terpenprofil med limonen, caryophyllen og myrcen som hovedbestanddele. Stammens aroma er citronagtig p\u00e5 grund af limonen; den har en krydret, pebret smag takket v\u00e6re caryophyllen; og den har en beroligende effekt, hovedsageligt takket v\u00e6re myrcen.<\/p>\n<p>THC-indholdet i Cookies and Cream, som sp\u00e6nder fra 20% til 25%, g\u00f8r det til en relativt st\u00e6rk stamme. Rusen har forskellige effekter, herunder opl\u00f8ftende og beroligende effekter. Efter et par pust f\u00e5r man en intellektuel effekt, der \u00f8ger kreativiteten og forbedrer hum\u00f8ret, efterfulgt af en fysisk beroligende f\u00f8lelse, n\u00e5r man forts\u00e6tter med at bruge den. Denne stamme fungerer bedst i moderate doser som en snack; i st\u00f8rre m\u00e6ngder g\u00f8r den inducerede stenede f\u00f8lelse den til den ideelle godnatdrink.<\/p>\n<h3>FORDELE VED AT BRUGE FL\u00d8DE OG KIKS<\/h3>\n<p>Cookies and Cream menes at have en r\u00e6kke forskellige fordele, herunder stressreduktion, smertelindring, appetitstimulering og forbedret s\u00f8vn. Mens stammens smertestillende egenskaber kan v\u00e6re nyttige til at kontrollere kroniske smerter, kan dens beroligende virkninger hj\u00e6lpe med at reducere virkningen af stress og angst. Desuden kan Biscuits and Cream \u00f8ge appetitten, hvilket g\u00f8r den velegnet til folk, hvis medicinske tilstande har f\u00e5et dem til at miste appetitten.<\/p>","protected":false},"excerpt":{"rendered":"<p>Cookies &amp; Cream is een gevarieerde cannabishybride die een mooiere mix van smaken en geuren laat zien, samen met goed uitgebalanceerde effecten, dus liefhebbers van zoete en decadente soorten opgelet. In dit artikel zullen we de genetica, smaak en groei-eigenschappen van Cookies &amp; Cream onderzoeken, evenals de waargenomen effecten, voordelen, voorgestelde doseringen en negatieve effecten&#8230;.<\/p>","protected":false},"featured_media":371,"comment_status":"open","ping_status":"closed","template":"","meta":{"_kad_post_transparent":"default","_kad_post_title":"","_kad_post_layout":"default","_kad_post_sidebar_id":"","_kad_post_content_style":"default","_kad_post_vertical_padding":"default","_kad_post_feature":"","_kad_post_feature_position":"","_kad_post_header":false,"_kad_post_footer":false,"_joinchat":[]},"product_cat":[17],"product_tag":[],"class_list":["post-61","product","type-product","status-publish","has-post-thumbnail","hentry","product_cat-wiet","entry","content-bg","loop-entry"],"yoast_head":"<!-- This site is optimized with the Yoast SEO plugin v26.3 - https:\/\/yoast.com\/wordpress\/plugins\/seo\/ -->\n<title>Jack Herer - Wiet Koop Winkel<\/title>\n<meta name=\"robots\" content=\"index, follow, max-snippet:-1, max-image-preview:large, max-video-preview:-1\" \/>\n<link rel=\"canonical\" href=\"https:\/\/wietkoopwinkel.com\/da\/vare\/jack-herer\/\" \/>\n<meta property=\"og:locale\" content=\"da_DK\" \/>\n<meta property=\"og:type\" content=\"article\" \/>\n<meta property=\"og:title\" content=\"Jack Herer - Wiet Koop Winkel\" \/>\n<meta property=\"og:description\" content=\"Cookies &amp; Cream is een gevarieerde cannabishybride die een mooiere mix van smaken en geuren laat zien, samen met goed uitgebalanceerde effecten, dus liefhebbers van zoete en decadente soorten opgelet. In dit artikel zullen we de genetica, smaak en groei-eigenschappen van Cookies &amp; Cream onderzoeken, evenals de waargenomen effecten, voordelen, voorgestelde doseringen en negatieve effecten....\" \/>\n<meta property=\"og:url\" content=\"https:\/\/wietkoopwinkel.com\/da\/vare\/jack-herer\/\" \/>\n<meta property=\"og:site_name\" content=\"Wiet Koop Winkel\" \/>\n<meta property=\"article:modified_time\" content=\"2023-10-07T09:53:27+00:00\" \/>\n<meta property=\"og:image\" content=\"https:\/\/wietkoopwinkel.com\/wp-content\/uploads\/2023\/09\/Jack-Herer-1.jpg\" \/>\n\t<meta property=\"og:image:width\" content=\"960\" \/>\n\t<meta property=\"og:image:height\" content=\"1280\" \/>\n\t<meta property=\"og:image:type\" content=\"image\/jpeg\" \/>\n<meta name=\"twitter:card\" content=\"summary_large_image\" \/>\n<meta name=\"twitter:label1\" content=\"Estimeret l\u00e6setid\" \/>\n\t<meta name=\"twitter:data1\" content=\"2 minutter\" \/>\n<script type=\"application\/ld+json\" class=\"yoast-schema-graph\">{\"@context\":\"https:\/\/schema.org\",\"@graph\":[{\"@type\":\"WebPage\",\"@id\":\"https:\/\/wietkoopwinkel.com\/product\/jack-herer\/\",\"url\":\"https:\/\/wietkoopwinkel.com\/product\/jack-herer\/\",\"name\":\"Jack Herer - Wiet Koop Winkel\",\"isPartOf\":{\"@id\":\"https:\/\/wietkoopwinkel.com\/#website\"},\"primaryImageOfPage\":{\"@id\":\"https:\/\/wietkoopwinkel.com\/product\/jack-herer\/#primaryimage\"},\"image\":{\"@id\":\"https:\/\/wietkoopwinkel.com\/product\/jack-herer\/#primaryimage\"},\"thumbnailUrl\":\"https:\/\/wietkoopwinkel.com\/wp-content\/uploads\/2023\/09\/Jack-Herer-1.jpg\",\"datePublished\":\"2023-09-22T09:01:28+00:00\",\"dateModified\":\"2023-10-07T09:53:27+00:00\",\"breadcrumb\":{\"@id\":\"https:\/\/wietkoopwinkel.com\/product\/jack-herer\/#breadcrumb\"},\"inLanguage\":\"da-DK\",\"potentialAction\":[{\"@type\":\"ReadAction\",\"target\":[\"https:\/\/wietkoopwinkel.com\/product\/jack-herer\/\"]}]},{\"@type\":\"ImageObject\",\"inLanguage\":\"da-DK\",\"@id\":\"https:\/\/wietkoopwinkel.com\/product\/jack-herer\/#primaryimage\",\"url\":\"https:\/\/wietkoopwinkel.com\/wp-content\/uploads\/2023\/09\/Jack-Herer-1.jpg\",\"contentUrl\":\"https:\/\/wietkoopwinkel.com\/wp-content\/uploads\/2023\/09\/Jack-Herer-1.jpg\",\"width\":960,\"height\":1280,\"caption\":\"Jack Herer\"},{\"@type\":\"BreadcrumbList\",\"@id\":\"https:\/\/wietkoopwinkel.com\/product\/jack-herer\/#breadcrumb\",\"itemListElement\":[{\"@type\":\"ListItem\",\"position\":1,\"name\":\"Home\",\"item\":\"https:\/\/wietkoopwinkel.com\/\"},{\"@type\":\"ListItem\",\"position\":2,\"name\":\"Winkel\",\"item\":\"https:\/\/wietkoopwinkel.com\/winkel\/\"},{\"@type\":\"ListItem\",\"position\":3,\"name\":\"Jack Herer\"}]},{\"@type\":\"WebSite\",\"@id\":\"https:\/\/wietkoopwinkel.com\/#website\",\"url\":\"https:\/\/wietkoopwinkel.com\/\",\"name\":\"Wiet Koop Winkel\",\"description\":\"My WordPress Blog\",\"publisher\":{\"@id\":\"https:\/\/wietkoopwinkel.com\/#organization\"},\"potentialAction\":[{\"@type\":\"SearchAction\",\"target\":{\"@type\":\"EntryPoint\",\"urlTemplate\":\"https:\/\/wietkoopwinkel.com\/?s={search_term_string}\"},\"query-input\":{\"@type\":\"PropertyValueSpecification\",\"valueRequired\":true,\"valueName\":\"search_term_string\"}}],\"inLanguage\":\"da-DK\"},{\"@type\":\"Organization\",\"@id\":\"https:\/\/wietkoopwinkel.com\/#organization\",\"name\":\"Wiet Koop Winkel\",\"url\":\"https:\/\/wietkoopwinkel.com\/\",\"logo\":{\"@type\":\"ImageObject\",\"inLanguage\":\"da-DK\",\"@id\":\"https:\/\/wietkoopwinkel.com\/#\/schema\/logo\/image\/\",\"url\":\"https:\/\/wietkoopwinkel.com\/wp-content\/uploads\/2023\/10\/logo.png\",\"contentUrl\":\"https:\/\/wietkoopwinkel.com\/wp-content\/uploads\/2023\/10\/logo.png\",\"width\":400,\"height\":120,\"caption\":\"Wiet Koop Winkel\"},\"image\":{\"@id\":\"https:\/\/wietkoopwinkel.com\/#\/schema\/logo\/image\/\"}}]}<\/script>\n<!-- \/ Yoast SEO plugin. -->","yoast_head_json":{"title":"Jack Herer - Wiet Koop Winkel","robots":{"index":"index","follow":"follow","max-snippet":"max-snippet:-1","max-image-preview":"max-image-preview:large","max-video-preview":"max-video-preview:-1"},"canonical":"https:\/\/wietkoopwinkel.com\/da\/vare\/jack-herer\/","og_locale":"da_DK","og_type":"article","og_title":"Jack Herer - Wiet Koop Winkel","og_description":"Cookies &amp; Cream is een gevarieerde cannabishybride die een mooiere mix van smaken en geuren laat zien, samen met goed uitgebalanceerde effecten, dus liefhebbers van zoete en decadente soorten opgelet. In dit artikel zullen we de genetica, smaak en groei-eigenschappen van Cookies &amp; Cream onderzoeken, evenals de waargenomen effecten, voordelen, voorgestelde doseringen en negatieve effecten....","og_url":"https:\/\/wietkoopwinkel.com\/da\/vare\/jack-herer\/","og_site_name":"Wiet Koop Winkel","article_modified_time":"2023-10-07T09:53:27+00:00","og_image":[{"width":960,"height":1280,"url":"https:\/\/wietkoopwinkel.com\/wp-content\/uploads\/2023\/09\/Jack-Herer-1.jpg","type":"image\/jpeg"}],"twitter_card":"summary_large_image","twitter_misc":{"Estimeret l\u00e6setid":"2 minutter"},"schema":{"@context":"https:\/\/schema.org","@graph":[{"@type":"WebPage","@id":"https:\/\/wietkoopwinkel.com\/product\/jack-herer\/","url":"https:\/\/wietkoopwinkel.com\/product\/jack-herer\/","name":"Jack Herer - Wiet Koop Winkel","isPartOf":{"@id":"https:\/\/wietkoopwinkel.com\/#website"},"primaryImageOfPage":{"@id":"https:\/\/wietkoopwinkel.com\/product\/jack-herer\/#primaryimage"},"image":{"@id":"https:\/\/wietkoopwinkel.com\/product\/jack-herer\/#primaryimage"},"thumbnailUrl":"https:\/\/wietkoopwinkel.com\/wp-content\/uploads\/2023\/09\/Jack-Herer-1.jpg","datePublished":"2023-09-22T09:01:28+00:00","dateModified":"2023-10-07T09:53:27+00:00","breadcrumb":{"@id":"https:\/\/wietkoopwinkel.com\/product\/jack-herer\/#breadcrumb"},"inLanguage":"da-DK","potentialAction":[{"@type":"ReadAction","target":["https:\/\/wietkoopwinkel.com\/product\/jack-herer\/"]}]},{"@type":"ImageObject","inLanguage":"da-DK","@id":"https:\/\/wietkoopwinkel.com\/product\/jack-herer\/#primaryimage","url":"https:\/\/wietkoopwinkel.com\/wp-content\/uploads\/2023\/09\/Jack-Herer-1.jpg","contentUrl":"https:\/\/wietkoopwinkel.com\/wp-content\/uploads\/2023\/09\/Jack-Herer-1.jpg","width":960,"height":1280,"caption":"Jack Herer"},{"@type":"BreadcrumbList","@id":"https:\/\/wietkoopwinkel.com\/product\/jack-herer\/#breadcrumb","itemListElement":[{"@type":"ListItem","position":1,"name":"Home","item":"https:\/\/wietkoopwinkel.com\/"},{"@type":"ListItem","position":2,"name":"Winkel","item":"https:\/\/wietkoopwinkel.com\/winkel\/"},{"@type":"ListItem","position":3,"name":"Jack Herer"}]},{"@type":"WebSite","@id":"https:\/\/wietkoopwinkel.com\/#website","url":"https:\/\/wietkoopwinkel.com\/","name":"Wiet Koop Winkel","description":"My WordPress Blog","publisher":{"@id":"https:\/\/wietkoopwinkel.com\/#organization"},"potentialAction":[{"@type":"SearchAction","target":{"@type":"EntryPoint","urlTemplate":"https:\/\/wietkoopwinkel.com\/?s={search_term_string}"},"query-input":{"@type":"PropertyValueSpecification","valueRequired":true,"valueName":"search_term_string"}}],"inLanguage":"da-DK"},{"@type":"Organization","@id":"https:\/\/wietkoopwinkel.com\/#organization","name":"Wiet Koop Winkel","url":"https:\/\/wietkoopwinkel.com\/","logo":{"@type":"ImageObject","inLanguage":"da-DK","@id":"https:\/\/wietkoopwinkel.com\/#\/schema\/logo\/image\/","url":"https:\/\/wietkoopwinkel.com\/wp-content\/uploads\/2023\/10\/logo.png","contentUrl":"https:\/\/wietkoopwinkel.com\/wp-content\/uploads\/2023\/10\/logo.png","width":400,"height":120,"caption":"Wiet Koop Winkel"},"image":{"@id":"https:\/\/wietkoopwinkel.com\/#\/schema\/logo\/image\/"}}]}},"_links":{"self":[{"href":"https:\/\/wietkoopwinkel.com\/da\/wp-json\/wp\/v2\/product\/61","targetHints":{"allow":["GET"]}}],"collection":[{"href":"https:\/\/wietkoopwinkel.com\/da\/wp-json\/wp\/v2\/product"}],"about":[{"href":"https:\/\/wietkoopwinkel.com\/da\/wp-json\/wp\/v2\/types\/product"}],"replies":[{"embeddable":true,"href":"https:\/\/wietkoopwinkel.com\/da\/wp-json\/wp\/v2\/comments?post=61"}],"wp:featuredmedia":[{"embeddable":true,"href":"https:\/\/wietkoopwinkel.com\/da\/wp-json\/wp\/v2\/media\/371"}],"wp:attachment":[{"href":"https:\/\/wietkoopwinkel.com\/da\/wp-json\/wp\/v2\/media?parent=61"}],"wp:term":[{"taxonomy":"product_cat","embeddable":true,"href":"https:\/\/wietkoopwinkel.com\/da\/wp-json\/wp\/v2\/product_cat?post=61"},{"taxonomy":"product_tag","embeddable":true,"href":"https:\/\/wietkoopwinkel.com\/da\/wp-json\/wp\/v2\/product_tag?post=61"}],"curies":[{"name":"wp","href":"https:\/\/api.w.org\/{rel}","templated":true}]}}