{"id":55,"date":"2023-09-22T08:56:42","date_gmt":"2023-09-22T08:56:42","guid":{"rendered":"https:\/\/nembutalhouse.com\/weed\/?post_type=product&#038;p=55"},"modified":"2023-10-07T09:57:08","modified_gmt":"2023-10-07T09:57:08","slug":"red-velvet","status":"publish","type":"product","link":"https:\/\/wietkoopwinkel.com\/da\/vare\/red-velvet\/","title":{"rendered":"R\u00f8d fl\u00f8jl"},"content":{"rendered":"<p>Denne stammeanmeldelse er for Red Velvet Cake, ogs\u00e5 kendt som Red Velvet Kush, fra Detroit Provision Co. De er beliggende i Detroit, Michigan. Jeg har aldrig bes\u00f8gt dette forsyningscenter f\u00f8r. Efter tidligere kun at have indtaget stammens koncentrat, besluttede jeg mig for at pr\u00f8ve Red Velvet-sorten. Det er en hybrid, som formodentlig har en st\u00e6rkere Indica-bias.<\/p>\n<p>De andre sorter, der var tilg\u00e6ngelige i forsyningscentret, var alle ret frostklare og s\u00e5 ud til at v\u00e6re i god stand. Jeg valgte at tage denne sort i kombination med en anden sort fra \u00f8verste hylde, som de havde til r\u00e5dighed, givet mine muligheder. Jeg fik at vide, at Cherry Pie var den eneste genetiske for\u00e6lder. De vil snart blive genstand for en gennemgang af facilitetscentret fra mig!<\/p>\n<h2>R\u00d8D FL\u00d8JL KUSH AROMA:<\/h2>\n<p>En s\u00f8d duft, n\u00e5r man \u00e5bner beholderen. Det var bare en behagelig duft, som jeg ville have lyst til at dufte hele dagen. Hvis de havde en parfume med denne duft, ville jeg ikke have noget imod at g\u00e5 med den hele dagen, hver dag.<\/p>\n<h3>R\u00d8DT FL\u00d8JLSLOOK:<\/h3>\n<p>Red Velvet Kush s\u00e5 fantastisk ud. Knopperne var ekstremt frostklare og kun d\u00e6kket af trichomer. Det lignede slud med alle de THC-krystaller. Knoppen var helt lilla med sm\u00e5 orange h\u00e5r omkring den. Knoppen var lidt lysegr\u00f8n, men den var mest d\u00e6kket af lilla.<\/p>","protected":false},"excerpt":{"rendered":"<p>Deze soortrecensie is voor Red Velvet Cake, ook wel bekend als Red Velvet Kush, van Detroit Provision Co. Ze bevinden zich in Detroit, Michigan. Ik heb dit bevoorradingscentrum nog nooit eerder bezocht. Omdat ik voorheen alleen het concentraat van de soort had geconsumeerd, besloot ik de Red Velvet-vari\u00ebteit te proberen. Het is een hybride die&#8230;<\/p>","protected":false},"featured_media":363,"comment_status":"open","ping_status":"closed","template":"","meta":{"_kad_post_transparent":"default","_kad_post_title":"","_kad_post_layout":"default","_kad_post_sidebar_id":"","_kad_post_content_style":"default","_kad_post_vertical_padding":"default","_kad_post_feature":"","_kad_post_feature_position":"","_kad_post_header":false,"_kad_post_footer":false,"_joinchat":[]},"product_cat":[17],"product_tag":[],"class_list":["post-55","product","type-product","status-publish","has-post-thumbnail","hentry","product_cat-wiet","entry","content-bg","loop-entry"],"yoast_head":"<!-- This site is optimized with the Yoast SEO plugin v26.3 - https:\/\/yoast.com\/wordpress\/plugins\/seo\/ -->\n<title>Red Velvet - Wiet Koop Winkel<\/title>\n<meta name=\"robots\" content=\"index, follow, max-snippet:-1, max-image-preview:large, max-video-preview:-1\" \/>\n<link rel=\"canonical\" href=\"https:\/\/wietkoopwinkel.com\/da\/vare\/red-velvet\/\" \/>\n<meta property=\"og:locale\" content=\"da_DK\" \/>\n<meta property=\"og:type\" content=\"article\" \/>\n<meta property=\"og:title\" content=\"Red Velvet - Wiet Koop Winkel\" \/>\n<meta property=\"og:description\" content=\"Deze soortrecensie is voor Red Velvet Cake, ook wel bekend als Red Velvet Kush, van Detroit Provision Co. Ze bevinden zich in Detroit, Michigan. Ik heb dit bevoorradingscentrum nog nooit eerder bezocht. Omdat ik voorheen alleen het concentraat van de soort had geconsumeerd, besloot ik de Red Velvet-vari\u00ebteit te proberen. Het is een hybride die...\" \/>\n<meta property=\"og:url\" content=\"https:\/\/wietkoopwinkel.com\/da\/vare\/red-velvet\/\" \/>\n<meta property=\"og:site_name\" content=\"Wiet Koop Winkel\" \/>\n<meta property=\"article:modified_time\" content=\"2023-10-07T09:57:08+00:00\" \/>\n<meta property=\"og:image\" content=\"https:\/\/wietkoopwinkel.com\/wp-content\/uploads\/2023\/09\/Red-Velvet.jpg\" \/>\n\t<meta property=\"og:image:width\" content=\"960\" \/>\n\t<meta property=\"og:image:height\" content=\"1280\" \/>\n\t<meta property=\"og:image:type\" content=\"image\/jpeg\" \/>\n<meta name=\"twitter:card\" content=\"summary_large_image\" \/>\n<meta name=\"twitter:label1\" content=\"Estimeret l\u00e6setid\" \/>\n\t<meta name=\"twitter:data1\" content=\"1 minut\" \/>\n<script type=\"application\/ld+json\" class=\"yoast-schema-graph\">{\"@context\":\"https:\/\/schema.org\",\"@graph\":[{\"@type\":\"WebPage\",\"@id\":\"https:\/\/wietkoopwinkel.com\/product\/red-velvet\/\",\"url\":\"https:\/\/wietkoopwinkel.com\/product\/red-velvet\/\",\"name\":\"Red Velvet - Wiet Koop Winkel\",\"isPartOf\":{\"@id\":\"https:\/\/wietkoopwinkel.com\/#website\"},\"primaryImageOfPage\":{\"@id\":\"https:\/\/wietkoopwinkel.com\/product\/red-velvet\/#primaryimage\"},\"image\":{\"@id\":\"https:\/\/wietkoopwinkel.com\/product\/red-velvet\/#primaryimage\"},\"thumbnailUrl\":\"https:\/\/wietkoopwinkel.com\/wp-content\/uploads\/2023\/09\/Red-Velvet.jpg\",\"datePublished\":\"2023-09-22T08:56:42+00:00\",\"dateModified\":\"2023-10-07T09:57:08+00:00\",\"breadcrumb\":{\"@id\":\"https:\/\/wietkoopwinkel.com\/product\/red-velvet\/#breadcrumb\"},\"inLanguage\":\"da-DK\",\"potentialAction\":[{\"@type\":\"ReadAction\",\"target\":[\"https:\/\/wietkoopwinkel.com\/product\/red-velvet\/\"]}]},{\"@type\":\"ImageObject\",\"inLanguage\":\"da-DK\",\"@id\":\"https:\/\/wietkoopwinkel.com\/product\/red-velvet\/#primaryimage\",\"url\":\"https:\/\/wietkoopwinkel.com\/wp-content\/uploads\/2023\/09\/Red-Velvet.jpg\",\"contentUrl\":\"https:\/\/wietkoopwinkel.com\/wp-content\/uploads\/2023\/09\/Red-Velvet.jpg\",\"width\":960,\"height\":1280,\"caption\":\"Red Velvet\"},{\"@type\":\"BreadcrumbList\",\"@id\":\"https:\/\/wietkoopwinkel.com\/product\/red-velvet\/#breadcrumb\",\"itemListElement\":[{\"@type\":\"ListItem\",\"position\":1,\"name\":\"Home\",\"item\":\"https:\/\/wietkoopwinkel.com\/\"},{\"@type\":\"ListItem\",\"position\":2,\"name\":\"Winkel\",\"item\":\"https:\/\/wietkoopwinkel.com\/winkel\/\"},{\"@type\":\"ListItem\",\"position\":3,\"name\":\"Red Velvet\"}]},{\"@type\":\"WebSite\",\"@id\":\"https:\/\/wietkoopwinkel.com\/#website\",\"url\":\"https:\/\/wietkoopwinkel.com\/\",\"name\":\"Wiet Koop Winkel\",\"description\":\"My WordPress Blog\",\"publisher\":{\"@id\":\"https:\/\/wietkoopwinkel.com\/#organization\"},\"potentialAction\":[{\"@type\":\"SearchAction\",\"target\":{\"@type\":\"EntryPoint\",\"urlTemplate\":\"https:\/\/wietkoopwinkel.com\/?s={search_term_string}\"},\"query-input\":{\"@type\":\"PropertyValueSpecification\",\"valueRequired\":true,\"valueName\":\"search_term_string\"}}],\"inLanguage\":\"da-DK\"},{\"@type\":\"Organization\",\"@id\":\"https:\/\/wietkoopwinkel.com\/#organization\",\"name\":\"Wiet Koop Winkel\",\"url\":\"https:\/\/wietkoopwinkel.com\/\",\"logo\":{\"@type\":\"ImageObject\",\"inLanguage\":\"da-DK\",\"@id\":\"https:\/\/wietkoopwinkel.com\/#\/schema\/logo\/image\/\",\"url\":\"https:\/\/wietkoopwinkel.com\/wp-content\/uploads\/2023\/10\/logo.png\",\"contentUrl\":\"https:\/\/wietkoopwinkel.com\/wp-content\/uploads\/2023\/10\/logo.png\",\"width\":400,\"height\":120,\"caption\":\"Wiet Koop Winkel\"},\"image\":{\"@id\":\"https:\/\/wietkoopwinkel.com\/#\/schema\/logo\/image\/\"}}]}<\/script>\n<!-- \/ Yoast SEO plugin. -->","yoast_head_json":{"title":"Red Velvet - Wiet Koop Winkel","robots":{"index":"index","follow":"follow","max-snippet":"max-snippet:-1","max-image-preview":"max-image-preview:large","max-video-preview":"max-video-preview:-1"},"canonical":"https:\/\/wietkoopwinkel.com\/da\/vare\/red-velvet\/","og_locale":"da_DK","og_type":"article","og_title":"Red Velvet - Wiet Koop Winkel","og_description":"Deze soortrecensie is voor Red Velvet Cake, ook wel bekend als Red Velvet Kush, van Detroit Provision Co. Ze bevinden zich in Detroit, Michigan. Ik heb dit bevoorradingscentrum nog nooit eerder bezocht. Omdat ik voorheen alleen het concentraat van de soort had geconsumeerd, besloot ik de Red Velvet-vari\u00ebteit te proberen. Het is een hybride die...","og_url":"https:\/\/wietkoopwinkel.com\/da\/vare\/red-velvet\/","og_site_name":"Wiet Koop Winkel","article_modified_time":"2023-10-07T09:57:08+00:00","og_image":[{"width":960,"height":1280,"url":"https:\/\/wietkoopwinkel.com\/wp-content\/uploads\/2023\/09\/Red-Velvet.jpg","type":"image\/jpeg"}],"twitter_card":"summary_large_image","twitter_misc":{"Estimeret l\u00e6setid":"1 minut"},"schema":{"@context":"https:\/\/schema.org","@graph":[{"@type":"WebPage","@id":"https:\/\/wietkoopwinkel.com\/product\/red-velvet\/","url":"https:\/\/wietkoopwinkel.com\/product\/red-velvet\/","name":"Red Velvet - Wiet Koop Winkel","isPartOf":{"@id":"https:\/\/wietkoopwinkel.com\/#website"},"primaryImageOfPage":{"@id":"https:\/\/wietkoopwinkel.com\/product\/red-velvet\/#primaryimage"},"image":{"@id":"https:\/\/wietkoopwinkel.com\/product\/red-velvet\/#primaryimage"},"thumbnailUrl":"https:\/\/wietkoopwinkel.com\/wp-content\/uploads\/2023\/09\/Red-Velvet.jpg","datePublished":"2023-09-22T08:56:42+00:00","dateModified":"2023-10-07T09:57:08+00:00","breadcrumb":{"@id":"https:\/\/wietkoopwinkel.com\/product\/red-velvet\/#breadcrumb"},"inLanguage":"da-DK","potentialAction":[{"@type":"ReadAction","target":["https:\/\/wietkoopwinkel.com\/product\/red-velvet\/"]}]},{"@type":"ImageObject","inLanguage":"da-DK","@id":"https:\/\/wietkoopwinkel.com\/product\/red-velvet\/#primaryimage","url":"https:\/\/wietkoopwinkel.com\/wp-content\/uploads\/2023\/09\/Red-Velvet.jpg","contentUrl":"https:\/\/wietkoopwinkel.com\/wp-content\/uploads\/2023\/09\/Red-Velvet.jpg","width":960,"height":1280,"caption":"Red Velvet"},{"@type":"BreadcrumbList","@id":"https:\/\/wietkoopwinkel.com\/product\/red-velvet\/#breadcrumb","itemListElement":[{"@type":"ListItem","position":1,"name":"Home","item":"https:\/\/wietkoopwinkel.com\/"},{"@type":"ListItem","position":2,"name":"Winkel","item":"https:\/\/wietkoopwinkel.com\/winkel\/"},{"@type":"ListItem","position":3,"name":"Red Velvet"}]},{"@type":"WebSite","@id":"https:\/\/wietkoopwinkel.com\/#website","url":"https:\/\/wietkoopwinkel.com\/","name":"Wiet Koop Winkel","description":"My WordPress Blog","publisher":{"@id":"https:\/\/wietkoopwinkel.com\/#organization"},"potentialAction":[{"@type":"SearchAction","target":{"@type":"EntryPoint","urlTemplate":"https:\/\/wietkoopwinkel.com\/?s={search_term_string}"},"query-input":{"@type":"PropertyValueSpecification","valueRequired":true,"valueName":"search_term_string"}}],"inLanguage":"da-DK"},{"@type":"Organization","@id":"https:\/\/wietkoopwinkel.com\/#organization","name":"Wiet Koop Winkel","url":"https:\/\/wietkoopwinkel.com\/","logo":{"@type":"ImageObject","inLanguage":"da-DK","@id":"https:\/\/wietkoopwinkel.com\/#\/schema\/logo\/image\/","url":"https:\/\/wietkoopwinkel.com\/wp-content\/uploads\/2023\/10\/logo.png","contentUrl":"https:\/\/wietkoopwinkel.com\/wp-content\/uploads\/2023\/10\/logo.png","width":400,"height":120,"caption":"Wiet Koop Winkel"},"image":{"@id":"https:\/\/wietkoopwinkel.com\/#\/schema\/logo\/image\/"}}]}},"_links":{"self":[{"href":"https:\/\/wietkoopwinkel.com\/da\/wp-json\/wp\/v2\/product\/55","targetHints":{"allow":["GET"]}}],"collection":[{"href":"https:\/\/wietkoopwinkel.com\/da\/wp-json\/wp\/v2\/product"}],"about":[{"href":"https:\/\/wietkoopwinkel.com\/da\/wp-json\/wp\/v2\/types\/product"}],"replies":[{"embeddable":true,"href":"https:\/\/wietkoopwinkel.com\/da\/wp-json\/wp\/v2\/comments?post=55"}],"wp:featuredmedia":[{"embeddable":true,"href":"https:\/\/wietkoopwinkel.com\/da\/wp-json\/wp\/v2\/media\/363"}],"wp:attachment":[{"href":"https:\/\/wietkoopwinkel.com\/da\/wp-json\/wp\/v2\/media?parent=55"}],"wp:term":[{"taxonomy":"product_cat","embeddable":true,"href":"https:\/\/wietkoopwinkel.com\/da\/wp-json\/wp\/v2\/product_cat?post=55"},{"taxonomy":"product_tag","embeddable":true,"href":"https:\/\/wietkoopwinkel.com\/da\/wp-json\/wp\/v2\/product_tag?post=55"}],"curies":[{"name":"wp","href":"https:\/\/api.w.org\/{rel}","templated":true}]}}