{"id":54,"date":"2023-09-22T08:56:41","date_gmt":"2023-09-22T08:56:41","guid":{"rendered":"https:\/\/nembutalhouse.com\/weed\/?post_type=product&#038;p=54"},"modified":"2023-10-07T09:59:52","modified_gmt":"2023-10-07T09:59:52","slug":"london-pound-cake","status":"publish","type":"product","link":"https:\/\/wietkoopwinkel.com\/da\/vare\/london-pound-cake\/","title":{"rendered":"London Pound Cake"},"content":{"rendered":"<p>Denne stamme vil sandsynligvis forbedre dit hum\u00f8r ved at fremkalde en kortvarig b\u00f8lge af kreativitet og lykke, og de beroligende virkninger vil gradvist gennemtr\u00e6nge hele din krop. Problemet er, at mange brugere oplever, at s\u00e5 snart de f\u00f8ler en st\u00e6rk trang til at v\u00e6re kreative, s\u00e6tter de beroligende effekter hurtigt ind, hvilket g\u00f8r det sv\u00e6rt at forts\u00e6tte med deres kreative projekter.<\/p>\n<p>G\u00f8r din mad klar, og pr\u00f8v denne l\u00e6kre stamme; Apple Fritter giver potente og langvarige effekter. Pas p\u00e5 bivirkninger som t\u00f8rst og mundt\u00f8rhed.<\/p>\n<h2>DEN GENETISKE BAGGRUND FOR LONDON POUND CAKE: HALVHEMMELIG OPRINDELSE<\/h2>\n<p>London Pound Cake er en relativt ny sort, som hurtigt er blevet velkendt, is\u00e6r blandt s\u00f8de tandl\u00e6ger. Det er uklart, hvilken kraftig indica, der er brugt til at lave London Pound Cake, men det menes at v\u00e6re en f\u00e6notype af den ber\u00f8mte Girl Scout Cookies-stamme. Hun blev skabt af den Californien-baserede opdr\u00e6tter Cookies Fam, som ogs\u00e5 er kendt for at skabe andre velkendte sorter som Runtz og Gelato.<\/p>\n<h3>VOKSEN SHERBET<\/h3>\n<p>Den f\u00f8rn\u00e6vnte uidentificerede indica-stamme blev krydset med Sunset Sherbet for at producere London Pound Cake. Sunset Sherbet er en hybridsort, der nedstammer fra den ber\u00f8mte OG Kush og blev skabt ved at krydse Pink Panties med Girl Scout Cookies.<\/p>\n<p>Med undertoner af mynte og citrus er denne stamme kendt for sin s\u00f8de og frugtagtige smag. Den alsidige duft viser en blanding af jordagtige, s\u00f8de og krydrede komponenter. Sunset Sherbet giver en beroligende og energisk rus, som menes at lindre sp\u00e6ndinger i krop og sind. P\u00e5 grund af dens afbalancerede effekter foretr\u00e6kker b\u00e5de rekreative og medicinske brugere den. Sunset Sherbets h\u00f8je THC-koncentration, som kan n\u00e5 24%, er ogs\u00e5 til dens smag. Det bliver s\u00e5ledes en potent stamme, der b\u00f8r indtages med m\u00e5de af dem med lavere toleranceniveauer.<\/p>","protected":false},"excerpt":{"rendered":"<p>Deze soort zal waarschijnlijk je humeur verbeteren door een korte stroom van creativiteit en geluk te veroorzaken, en de kalmerende effecten zullen geleidelijk je hele lichaam doordringen. Het probleem is dat veel gebruikers ontdekken dat zodra ze een sterke drang voelen om creatief te zijn, de kalmerende effecten snel optreden, waardoor het moeilijk wordt om&#8230;<\/p>","protected":false},"featured_media":362,"comment_status":"open","ping_status":"closed","template":"","meta":{"_kad_post_transparent":"default","_kad_post_title":"","_kad_post_layout":"default","_kad_post_sidebar_id":"","_kad_post_content_style":"default","_kad_post_vertical_padding":"default","_kad_post_feature":"","_kad_post_feature_position":"","_kad_post_header":false,"_kad_post_footer":false,"_joinchat":[]},"product_cat":[17],"product_tag":[],"class_list":["post-54","product","type-product","status-publish","has-post-thumbnail","hentry","product_cat-wiet","entry","content-bg","loop-entry"],"yoast_head":"<!-- This site is optimized with the Yoast SEO plugin v26.3 - https:\/\/yoast.com\/wordpress\/plugins\/seo\/ -->\n<title>London Pound Cake - Wiet Koop Winkel<\/title>\n<meta name=\"robots\" content=\"index, follow, max-snippet:-1, max-image-preview:large, max-video-preview:-1\" \/>\n<link rel=\"canonical\" href=\"https:\/\/wietkoopwinkel.com\/da\/vare\/london-pound-cake\/\" \/>\n<meta property=\"og:locale\" content=\"da_DK\" \/>\n<meta property=\"og:type\" content=\"article\" \/>\n<meta property=\"og:title\" content=\"London Pound Cake - Wiet Koop Winkel\" \/>\n<meta property=\"og:description\" content=\"Deze soort zal waarschijnlijk je humeur verbeteren door een korte stroom van creativiteit en geluk te veroorzaken, en de kalmerende effecten zullen geleidelijk je hele lichaam doordringen. Het probleem is dat veel gebruikers ontdekken dat zodra ze een sterke drang voelen om creatief te zijn, de kalmerende effecten snel optreden, waardoor het moeilijk wordt om...\" \/>\n<meta property=\"og:url\" content=\"https:\/\/wietkoopwinkel.com\/da\/vare\/london-pound-cake\/\" \/>\n<meta property=\"og:site_name\" content=\"Wiet Koop Winkel\" \/>\n<meta property=\"article:modified_time\" content=\"2023-10-07T09:59:52+00:00\" \/>\n<meta property=\"og:image\" content=\"https:\/\/wietkoopwinkel.com\/wp-content\/uploads\/2023\/09\/London-Pound-Cake.jpg\" \/>\n\t<meta property=\"og:image:width\" content=\"960\" \/>\n\t<meta property=\"og:image:height\" content=\"1280\" \/>\n\t<meta property=\"og:image:type\" content=\"image\/jpeg\" \/>\n<meta name=\"twitter:card\" content=\"summary_large_image\" \/>\n<meta name=\"twitter:label1\" content=\"Estimeret l\u00e6setid\" \/>\n\t<meta name=\"twitter:data1\" content=\"2 minutter\" \/>\n<script type=\"application\/ld+json\" class=\"yoast-schema-graph\">{\"@context\":\"https:\/\/schema.org\",\"@graph\":[{\"@type\":\"WebPage\",\"@id\":\"https:\/\/wietkoopwinkel.com\/product\/london-pound-cake\/\",\"url\":\"https:\/\/wietkoopwinkel.com\/product\/london-pound-cake\/\",\"name\":\"London Pound Cake - Wiet Koop Winkel\",\"isPartOf\":{\"@id\":\"https:\/\/wietkoopwinkel.com\/#website\"},\"primaryImageOfPage\":{\"@id\":\"https:\/\/wietkoopwinkel.com\/product\/london-pound-cake\/#primaryimage\"},\"image\":{\"@id\":\"https:\/\/wietkoopwinkel.com\/product\/london-pound-cake\/#primaryimage\"},\"thumbnailUrl\":\"https:\/\/wietkoopwinkel.com\/wp-content\/uploads\/2023\/09\/London-Pound-Cake.jpg\",\"datePublished\":\"2023-09-22T08:56:41+00:00\",\"dateModified\":\"2023-10-07T09:59:52+00:00\",\"breadcrumb\":{\"@id\":\"https:\/\/wietkoopwinkel.com\/product\/london-pound-cake\/#breadcrumb\"},\"inLanguage\":\"da-DK\",\"potentialAction\":[{\"@type\":\"ReadAction\",\"target\":[\"https:\/\/wietkoopwinkel.com\/product\/london-pound-cake\/\"]}]},{\"@type\":\"ImageObject\",\"inLanguage\":\"da-DK\",\"@id\":\"https:\/\/wietkoopwinkel.com\/product\/london-pound-cake\/#primaryimage\",\"url\":\"https:\/\/wietkoopwinkel.com\/wp-content\/uploads\/2023\/09\/London-Pound-Cake.jpg\",\"contentUrl\":\"https:\/\/wietkoopwinkel.com\/wp-content\/uploads\/2023\/09\/London-Pound-Cake.jpg\",\"width\":960,\"height\":1280,\"caption\":\"London Pound Cake\"},{\"@type\":\"BreadcrumbList\",\"@id\":\"https:\/\/wietkoopwinkel.com\/product\/london-pound-cake\/#breadcrumb\",\"itemListElement\":[{\"@type\":\"ListItem\",\"position\":1,\"name\":\"Home\",\"item\":\"https:\/\/wietkoopwinkel.com\/\"},{\"@type\":\"ListItem\",\"position\":2,\"name\":\"Winkel\",\"item\":\"https:\/\/wietkoopwinkel.com\/winkel\/\"},{\"@type\":\"ListItem\",\"position\":3,\"name\":\"London Pound Cake\"}]},{\"@type\":\"WebSite\",\"@id\":\"https:\/\/wietkoopwinkel.com\/#website\",\"url\":\"https:\/\/wietkoopwinkel.com\/\",\"name\":\"Wiet Koop Winkel\",\"description\":\"My WordPress Blog\",\"publisher\":{\"@id\":\"https:\/\/wietkoopwinkel.com\/#organization\"},\"potentialAction\":[{\"@type\":\"SearchAction\",\"target\":{\"@type\":\"EntryPoint\",\"urlTemplate\":\"https:\/\/wietkoopwinkel.com\/?s={search_term_string}\"},\"query-input\":{\"@type\":\"PropertyValueSpecification\",\"valueRequired\":true,\"valueName\":\"search_term_string\"}}],\"inLanguage\":\"da-DK\"},{\"@type\":\"Organization\",\"@id\":\"https:\/\/wietkoopwinkel.com\/#organization\",\"name\":\"Wiet Koop Winkel\",\"url\":\"https:\/\/wietkoopwinkel.com\/\",\"logo\":{\"@type\":\"ImageObject\",\"inLanguage\":\"da-DK\",\"@id\":\"https:\/\/wietkoopwinkel.com\/#\/schema\/logo\/image\/\",\"url\":\"https:\/\/wietkoopwinkel.com\/wp-content\/uploads\/2023\/10\/logo.png\",\"contentUrl\":\"https:\/\/wietkoopwinkel.com\/wp-content\/uploads\/2023\/10\/logo.png\",\"width\":400,\"height\":120,\"caption\":\"Wiet Koop Winkel\"},\"image\":{\"@id\":\"https:\/\/wietkoopwinkel.com\/#\/schema\/logo\/image\/\"}}]}<\/script>\n<!-- \/ Yoast SEO plugin. -->","yoast_head_json":{"title":"London Pound Cake - Wiet Koop Winkel","robots":{"index":"index","follow":"follow","max-snippet":"max-snippet:-1","max-image-preview":"max-image-preview:large","max-video-preview":"max-video-preview:-1"},"canonical":"https:\/\/wietkoopwinkel.com\/da\/vare\/london-pound-cake\/","og_locale":"da_DK","og_type":"article","og_title":"London Pound Cake - Wiet Koop Winkel","og_description":"Deze soort zal waarschijnlijk je humeur verbeteren door een korte stroom van creativiteit en geluk te veroorzaken, en de kalmerende effecten zullen geleidelijk je hele lichaam doordringen. Het probleem is dat veel gebruikers ontdekken dat zodra ze een sterke drang voelen om creatief te zijn, de kalmerende effecten snel optreden, waardoor het moeilijk wordt om...","og_url":"https:\/\/wietkoopwinkel.com\/da\/vare\/london-pound-cake\/","og_site_name":"Wiet Koop Winkel","article_modified_time":"2023-10-07T09:59:52+00:00","og_image":[{"width":960,"height":1280,"url":"https:\/\/wietkoopwinkel.com\/wp-content\/uploads\/2023\/09\/London-Pound-Cake.jpg","type":"image\/jpeg"}],"twitter_card":"summary_large_image","twitter_misc":{"Estimeret l\u00e6setid":"2 minutter"},"schema":{"@context":"https:\/\/schema.org","@graph":[{"@type":"WebPage","@id":"https:\/\/wietkoopwinkel.com\/product\/london-pound-cake\/","url":"https:\/\/wietkoopwinkel.com\/product\/london-pound-cake\/","name":"London Pound Cake - Wiet Koop Winkel","isPartOf":{"@id":"https:\/\/wietkoopwinkel.com\/#website"},"primaryImageOfPage":{"@id":"https:\/\/wietkoopwinkel.com\/product\/london-pound-cake\/#primaryimage"},"image":{"@id":"https:\/\/wietkoopwinkel.com\/product\/london-pound-cake\/#primaryimage"},"thumbnailUrl":"https:\/\/wietkoopwinkel.com\/wp-content\/uploads\/2023\/09\/London-Pound-Cake.jpg","datePublished":"2023-09-22T08:56:41+00:00","dateModified":"2023-10-07T09:59:52+00:00","breadcrumb":{"@id":"https:\/\/wietkoopwinkel.com\/product\/london-pound-cake\/#breadcrumb"},"inLanguage":"da-DK","potentialAction":[{"@type":"ReadAction","target":["https:\/\/wietkoopwinkel.com\/product\/london-pound-cake\/"]}]},{"@type":"ImageObject","inLanguage":"da-DK","@id":"https:\/\/wietkoopwinkel.com\/product\/london-pound-cake\/#primaryimage","url":"https:\/\/wietkoopwinkel.com\/wp-content\/uploads\/2023\/09\/London-Pound-Cake.jpg","contentUrl":"https:\/\/wietkoopwinkel.com\/wp-content\/uploads\/2023\/09\/London-Pound-Cake.jpg","width":960,"height":1280,"caption":"London Pound Cake"},{"@type":"BreadcrumbList","@id":"https:\/\/wietkoopwinkel.com\/product\/london-pound-cake\/#breadcrumb","itemListElement":[{"@type":"ListItem","position":1,"name":"Home","item":"https:\/\/wietkoopwinkel.com\/"},{"@type":"ListItem","position":2,"name":"Winkel","item":"https:\/\/wietkoopwinkel.com\/winkel\/"},{"@type":"ListItem","position":3,"name":"London Pound Cake"}]},{"@type":"WebSite","@id":"https:\/\/wietkoopwinkel.com\/#website","url":"https:\/\/wietkoopwinkel.com\/","name":"Wiet Koop Winkel","description":"My WordPress Blog","publisher":{"@id":"https:\/\/wietkoopwinkel.com\/#organization"},"potentialAction":[{"@type":"SearchAction","target":{"@type":"EntryPoint","urlTemplate":"https:\/\/wietkoopwinkel.com\/?s={search_term_string}"},"query-input":{"@type":"PropertyValueSpecification","valueRequired":true,"valueName":"search_term_string"}}],"inLanguage":"da-DK"},{"@type":"Organization","@id":"https:\/\/wietkoopwinkel.com\/#organization","name":"Wiet Koop Winkel","url":"https:\/\/wietkoopwinkel.com\/","logo":{"@type":"ImageObject","inLanguage":"da-DK","@id":"https:\/\/wietkoopwinkel.com\/#\/schema\/logo\/image\/","url":"https:\/\/wietkoopwinkel.com\/wp-content\/uploads\/2023\/10\/logo.png","contentUrl":"https:\/\/wietkoopwinkel.com\/wp-content\/uploads\/2023\/10\/logo.png","width":400,"height":120,"caption":"Wiet Koop Winkel"},"image":{"@id":"https:\/\/wietkoopwinkel.com\/#\/schema\/logo\/image\/"}}]}},"_links":{"self":[{"href":"https:\/\/wietkoopwinkel.com\/da\/wp-json\/wp\/v2\/product\/54","targetHints":{"allow":["GET"]}}],"collection":[{"href":"https:\/\/wietkoopwinkel.com\/da\/wp-json\/wp\/v2\/product"}],"about":[{"href":"https:\/\/wietkoopwinkel.com\/da\/wp-json\/wp\/v2\/types\/product"}],"replies":[{"embeddable":true,"href":"https:\/\/wietkoopwinkel.com\/da\/wp-json\/wp\/v2\/comments?post=54"}],"wp:featuredmedia":[{"embeddable":true,"href":"https:\/\/wietkoopwinkel.com\/da\/wp-json\/wp\/v2\/media\/362"}],"wp:attachment":[{"href":"https:\/\/wietkoopwinkel.com\/da\/wp-json\/wp\/v2\/media?parent=54"}],"wp:term":[{"taxonomy":"product_cat","embeddable":true,"href":"https:\/\/wietkoopwinkel.com\/da\/wp-json\/wp\/v2\/product_cat?post=54"},{"taxonomy":"product_tag","embeddable":true,"href":"https:\/\/wietkoopwinkel.com\/da\/wp-json\/wp\/v2\/product_tag?post=54"}],"curies":[{"name":"wp","href":"https:\/\/api.w.org\/{rel}","templated":true}]}}