{"id":1389,"date":"2023-09-30T10:46:40","date_gmt":"2023-09-30T10:46:40","guid":{"rendered":"https:\/\/nembutalhouse.com\/weed\/?post_type=product&#038;p=1389"},"modified":"2023-10-07T09:04:33","modified_gmt":"2023-10-07T09:04:33","slug":"skywalker-og-cannabis-oil","status":"publish","type":"product","link":"https:\/\/wietkoopwinkel.com\/da\/vare\/skywalker-og-cannabis-oil\/","title":{"rendered":"Skywalker OG cannabisolie"},"content":{"rendered":"<p>Skywalker OG-blomsten fik dette navn fra de oprindelige opdr\u00e6ttere af for\u00e6ldresorterne. Skywalker OG blev produceret ved at krydse OG Kush, en velkendt, beroligende cannabisstamme, med Skywalker, en Indica-dominerende hybrid. Hun blev avlet med en ukendt CBD-rig blomst for at skabe en stamme, der er CBD-dominerende.<\/p>\n<p>Den st\u00e6rke Indica-blomst kendt som Skywalker blev skabt af avlere, der blandede Mazar og Blueberry. Takket v\u00e6re denne kombination har Skywalker nu en unik bl\u00e5b\u00e6rduft. Skywalker-blomsten drager fordel af de afslappende og rolige egenskaber ved Mazar-blomsten, som er kendt for sin hurtige udvikling og modning.<\/p>\n<p>Et af de mest varige og velkendte navne inden for marihuana er OG Kush. I 1990'erne skabte en person ved navn \"Bubba\" OG Kush i Florida og bragte den til Los Angeles. Senere udviklede han den ber\u00f8mte Bubba Kush-sort. Den meget klamme, traditionelle cannabisaroma, der kendetegner OG Kush, er en blanding af frugtagtig, krydret og diesellignende smag og lugt.<\/p>\n<h2>CBD-SORTEN SKYWALKER OG<\/h2>\n<p>De hundredvis af forskellige cannabisstammer, der findes i dag, har karakteristiske aromaer og smage takket v\u00e6re terpener. Terpener findes ogs\u00e5 i en r\u00e6kke forskellige planter, b\u00e5de spiselige og ikke-spiselige. For at forst\u00e5, hvor Skywalker OG's kongelige aroma kommer fra, skal vi se n\u00e6rmere p\u00e5 de vigtigste terpener.<\/p>\n<h3>BISABOLOL<\/h3>\n<p>Den mest almindelige kilde til det milde, blomsteragtige terpen bisabolol er kamille. De cannabisstammer, der besidder denne s\u00e6rlige terpen, drager fordel af bisabolols mange medicinske egenskaber ud over dens s\u00f8de duft. Det siges at v\u00e6re smertestillende, antiinflammatorisk og antioxidant.<\/p>","protected":false},"excerpt":{"rendered":"<p>De Skywalker OG-bloem kreeg die naam van de oorspronkelijke veredelaars van de oudersoorten. Skywalker OG werd geproduceerd door OG Kush, een bekende, kalmerende cannabissoort, te kruisen met Skywalker, een Indica-dominante hybride. Ze werd gekweekt met een onbekende CBD-rijke bloem om een ras te cre\u00ebren dat CBD-dominant is. De sterke Indica-bloem, bekend als Skywalker, is gemaakt&#8230;<\/p>","protected":false},"featured_media":1409,"comment_status":"open","ping_status":"closed","template":"","meta":{"_kad_post_transparent":"default","_kad_post_title":"","_kad_post_layout":"default","_kad_post_sidebar_id":"","_kad_post_content_style":"default","_kad_post_vertical_padding":"default","_kad_post_feature":"","_kad_post_feature_position":"","_kad_post_header":false,"_kad_post_footer":false,"_joinchat":[]},"product_cat":[30],"product_tag":[],"class_list":["post-1389","product","type-product","status-publish","has-post-thumbnail","hentry","product_cat-cannabis-thc-olie","entry","content-bg","loop-entry"],"yoast_head":"<!-- This site is optimized with the Yoast SEO plugin v26.3 - https:\/\/yoast.com\/wordpress\/plugins\/seo\/ -->\n<title>Skywalker OG Cannabis Oil - Wiet Koop Winkel<\/title>\n<meta name=\"robots\" content=\"index, follow, max-snippet:-1, max-image-preview:large, max-video-preview:-1\" \/>\n<link rel=\"canonical\" href=\"https:\/\/wietkoopwinkel.com\/da\/vare\/skywalker-og-cannabis-oil\/\" \/>\n<meta property=\"og:locale\" content=\"da_DK\" \/>\n<meta property=\"og:type\" content=\"article\" \/>\n<meta property=\"og:title\" content=\"Skywalker OG Cannabis Oil - Wiet Koop Winkel\" \/>\n<meta property=\"og:description\" content=\"De Skywalker OG-bloem kreeg die naam van de oorspronkelijke veredelaars van de oudersoorten. Skywalker OG werd geproduceerd door OG Kush, een bekende, kalmerende cannabissoort, te kruisen met Skywalker, een Indica-dominante hybride. Ze werd gekweekt met een onbekende CBD-rijke bloem om een ras te cre\u00ebren dat CBD-dominant is. De sterke Indica-bloem, bekend als Skywalker, is gemaakt...\" \/>\n<meta property=\"og:url\" content=\"https:\/\/wietkoopwinkel.com\/da\/vare\/skywalker-og-cannabis-oil\/\" \/>\n<meta property=\"og:site_name\" content=\"Wiet Koop Winkel\" \/>\n<meta property=\"article:modified_time\" content=\"2023-10-07T09:04:33+00:00\" \/>\n<meta property=\"og:image\" content=\"https:\/\/wietkoopwinkel.com\/wp-content\/uploads\/2023\/09\/Skywalker-OG-Cannabis-Oil.jpg\" \/>\n\t<meta property=\"og:image:width\" content=\"600\" \/>\n\t<meta property=\"og:image:height\" content=\"600\" \/>\n\t<meta property=\"og:image:type\" content=\"image\/jpeg\" \/>\n<meta name=\"twitter:card\" content=\"summary_large_image\" \/>\n<meta name=\"twitter:label1\" content=\"Estimeret l\u00e6setid\" \/>\n\t<meta name=\"twitter:data1\" content=\"2 minutter\" \/>\n<script type=\"application\/ld+json\" class=\"yoast-schema-graph\">{\"@context\":\"https:\/\/schema.org\",\"@graph\":[{\"@type\":\"WebPage\",\"@id\":\"https:\/\/wietkoopwinkel.com\/product\/skywalker-og-cannabis-oil\/\",\"url\":\"https:\/\/wietkoopwinkel.com\/product\/skywalker-og-cannabis-oil\/\",\"name\":\"Skywalker OG Cannabis Oil - Wiet Koop Winkel\",\"isPartOf\":{\"@id\":\"https:\/\/wietkoopwinkel.com\/#website\"},\"primaryImageOfPage\":{\"@id\":\"https:\/\/wietkoopwinkel.com\/product\/skywalker-og-cannabis-oil\/#primaryimage\"},\"image\":{\"@id\":\"https:\/\/wietkoopwinkel.com\/product\/skywalker-og-cannabis-oil\/#primaryimage\"},\"thumbnailUrl\":\"https:\/\/wietkoopwinkel.com\/wp-content\/uploads\/2023\/09\/Skywalker-OG-Cannabis-Oil.jpg\",\"datePublished\":\"2023-09-30T10:46:40+00:00\",\"dateModified\":\"2023-10-07T09:04:33+00:00\",\"breadcrumb\":{\"@id\":\"https:\/\/wietkoopwinkel.com\/product\/skywalker-og-cannabis-oil\/#breadcrumb\"},\"inLanguage\":\"da-DK\",\"potentialAction\":[{\"@type\":\"ReadAction\",\"target\":[\"https:\/\/wietkoopwinkel.com\/product\/skywalker-og-cannabis-oil\/\"]}]},{\"@type\":\"ImageObject\",\"inLanguage\":\"da-DK\",\"@id\":\"https:\/\/wietkoopwinkel.com\/product\/skywalker-og-cannabis-oil\/#primaryimage\",\"url\":\"https:\/\/wietkoopwinkel.com\/wp-content\/uploads\/2023\/09\/Skywalker-OG-Cannabis-Oil.jpg\",\"contentUrl\":\"https:\/\/wietkoopwinkel.com\/wp-content\/uploads\/2023\/09\/Skywalker-OG-Cannabis-Oil.jpg\",\"width\":600,\"height\":600,\"caption\":\"Skywalker-OG-Cannabis-Oil\"},{\"@type\":\"BreadcrumbList\",\"@id\":\"https:\/\/wietkoopwinkel.com\/product\/skywalker-og-cannabis-oil\/#breadcrumb\",\"itemListElement\":[{\"@type\":\"ListItem\",\"position\":1,\"name\":\"Home\",\"item\":\"https:\/\/wietkoopwinkel.com\/\"},{\"@type\":\"ListItem\",\"position\":2,\"name\":\"Winkel\",\"item\":\"https:\/\/wietkoopwinkel.com\/winkel\/\"},{\"@type\":\"ListItem\",\"position\":3,\"name\":\"Skywalker OG Cannabis Oil\"}]},{\"@type\":\"WebSite\",\"@id\":\"https:\/\/wietkoopwinkel.com\/#website\",\"url\":\"https:\/\/wietkoopwinkel.com\/\",\"name\":\"Wiet Koop Winkel\",\"description\":\"My WordPress Blog\",\"publisher\":{\"@id\":\"https:\/\/wietkoopwinkel.com\/#organization\"},\"potentialAction\":[{\"@type\":\"SearchAction\",\"target\":{\"@type\":\"EntryPoint\",\"urlTemplate\":\"https:\/\/wietkoopwinkel.com\/?s={search_term_string}\"},\"query-input\":{\"@type\":\"PropertyValueSpecification\",\"valueRequired\":true,\"valueName\":\"search_term_string\"}}],\"inLanguage\":\"da-DK\"},{\"@type\":\"Organization\",\"@id\":\"https:\/\/wietkoopwinkel.com\/#organization\",\"name\":\"Wiet Koop Winkel\",\"url\":\"https:\/\/wietkoopwinkel.com\/\",\"logo\":{\"@type\":\"ImageObject\",\"inLanguage\":\"da-DK\",\"@id\":\"https:\/\/wietkoopwinkel.com\/#\/schema\/logo\/image\/\",\"url\":\"https:\/\/wietkoopwinkel.com\/wp-content\/uploads\/2023\/10\/logo.png\",\"contentUrl\":\"https:\/\/wietkoopwinkel.com\/wp-content\/uploads\/2023\/10\/logo.png\",\"width\":400,\"height\":120,\"caption\":\"Wiet Koop Winkel\"},\"image\":{\"@id\":\"https:\/\/wietkoopwinkel.com\/#\/schema\/logo\/image\/\"}}]}<\/script>\n<!-- \/ Yoast SEO plugin. -->","yoast_head_json":{"title":"Skywalker OG Cannabis Oil - Wiet Koop Winkel","robots":{"index":"index","follow":"follow","max-snippet":"max-snippet:-1","max-image-preview":"max-image-preview:large","max-video-preview":"max-video-preview:-1"},"canonical":"https:\/\/wietkoopwinkel.com\/da\/vare\/skywalker-og-cannabis-oil\/","og_locale":"da_DK","og_type":"article","og_title":"Skywalker OG Cannabis Oil - Wiet Koop Winkel","og_description":"De Skywalker OG-bloem kreeg die naam van de oorspronkelijke veredelaars van de oudersoorten. Skywalker OG werd geproduceerd door OG Kush, een bekende, kalmerende cannabissoort, te kruisen met Skywalker, een Indica-dominante hybride. Ze werd gekweekt met een onbekende CBD-rijke bloem om een ras te cre\u00ebren dat CBD-dominant is. De sterke Indica-bloem, bekend als Skywalker, is gemaakt...","og_url":"https:\/\/wietkoopwinkel.com\/da\/vare\/skywalker-og-cannabis-oil\/","og_site_name":"Wiet Koop Winkel","article_modified_time":"2023-10-07T09:04:33+00:00","og_image":[{"width":600,"height":600,"url":"https:\/\/wietkoopwinkel.com\/wp-content\/uploads\/2023\/09\/Skywalker-OG-Cannabis-Oil.jpg","type":"image\/jpeg"}],"twitter_card":"summary_large_image","twitter_misc":{"Estimeret l\u00e6setid":"2 minutter"},"schema":{"@context":"https:\/\/schema.org","@graph":[{"@type":"WebPage","@id":"https:\/\/wietkoopwinkel.com\/product\/skywalker-og-cannabis-oil\/","url":"https:\/\/wietkoopwinkel.com\/product\/skywalker-og-cannabis-oil\/","name":"Skywalker OG Cannabis Oil - Wiet Koop Winkel","isPartOf":{"@id":"https:\/\/wietkoopwinkel.com\/#website"},"primaryImageOfPage":{"@id":"https:\/\/wietkoopwinkel.com\/product\/skywalker-og-cannabis-oil\/#primaryimage"},"image":{"@id":"https:\/\/wietkoopwinkel.com\/product\/skywalker-og-cannabis-oil\/#primaryimage"},"thumbnailUrl":"https:\/\/wietkoopwinkel.com\/wp-content\/uploads\/2023\/09\/Skywalker-OG-Cannabis-Oil.jpg","datePublished":"2023-09-30T10:46:40+00:00","dateModified":"2023-10-07T09:04:33+00:00","breadcrumb":{"@id":"https:\/\/wietkoopwinkel.com\/product\/skywalker-og-cannabis-oil\/#breadcrumb"},"inLanguage":"da-DK","potentialAction":[{"@type":"ReadAction","target":["https:\/\/wietkoopwinkel.com\/product\/skywalker-og-cannabis-oil\/"]}]},{"@type":"ImageObject","inLanguage":"da-DK","@id":"https:\/\/wietkoopwinkel.com\/product\/skywalker-og-cannabis-oil\/#primaryimage","url":"https:\/\/wietkoopwinkel.com\/wp-content\/uploads\/2023\/09\/Skywalker-OG-Cannabis-Oil.jpg","contentUrl":"https:\/\/wietkoopwinkel.com\/wp-content\/uploads\/2023\/09\/Skywalker-OG-Cannabis-Oil.jpg","width":600,"height":600,"caption":"Skywalker-OG-Cannabis-Oil"},{"@type":"BreadcrumbList","@id":"https:\/\/wietkoopwinkel.com\/product\/skywalker-og-cannabis-oil\/#breadcrumb","itemListElement":[{"@type":"ListItem","position":1,"name":"Home","item":"https:\/\/wietkoopwinkel.com\/"},{"@type":"ListItem","position":2,"name":"Winkel","item":"https:\/\/wietkoopwinkel.com\/winkel\/"},{"@type":"ListItem","position":3,"name":"Skywalker OG Cannabis Oil"}]},{"@type":"WebSite","@id":"https:\/\/wietkoopwinkel.com\/#website","url":"https:\/\/wietkoopwinkel.com\/","name":"Wiet Koop Winkel","description":"My WordPress Blog","publisher":{"@id":"https:\/\/wietkoopwinkel.com\/#organization"},"potentialAction":[{"@type":"SearchAction","target":{"@type":"EntryPoint","urlTemplate":"https:\/\/wietkoopwinkel.com\/?s={search_term_string}"},"query-input":{"@type":"PropertyValueSpecification","valueRequired":true,"valueName":"search_term_string"}}],"inLanguage":"da-DK"},{"@type":"Organization","@id":"https:\/\/wietkoopwinkel.com\/#organization","name":"Wiet Koop Winkel","url":"https:\/\/wietkoopwinkel.com\/","logo":{"@type":"ImageObject","inLanguage":"da-DK","@id":"https:\/\/wietkoopwinkel.com\/#\/schema\/logo\/image\/","url":"https:\/\/wietkoopwinkel.com\/wp-content\/uploads\/2023\/10\/logo.png","contentUrl":"https:\/\/wietkoopwinkel.com\/wp-content\/uploads\/2023\/10\/logo.png","width":400,"height":120,"caption":"Wiet Koop Winkel"},"image":{"@id":"https:\/\/wietkoopwinkel.com\/#\/schema\/logo\/image\/"}}]}},"_links":{"self":[{"href":"https:\/\/wietkoopwinkel.com\/da\/wp-json\/wp\/v2\/product\/1389","targetHints":{"allow":["GET"]}}],"collection":[{"href":"https:\/\/wietkoopwinkel.com\/da\/wp-json\/wp\/v2\/product"}],"about":[{"href":"https:\/\/wietkoopwinkel.com\/da\/wp-json\/wp\/v2\/types\/product"}],"replies":[{"embeddable":true,"href":"https:\/\/wietkoopwinkel.com\/da\/wp-json\/wp\/v2\/comments?post=1389"}],"wp:featuredmedia":[{"embeddable":true,"href":"https:\/\/wietkoopwinkel.com\/da\/wp-json\/wp\/v2\/media\/1409"}],"wp:attachment":[{"href":"https:\/\/wietkoopwinkel.com\/da\/wp-json\/wp\/v2\/media?parent=1389"}],"wp:term":[{"taxonomy":"product_cat","embeddable":true,"href":"https:\/\/wietkoopwinkel.com\/da\/wp-json\/wp\/v2\/product_cat?post=1389"},{"taxonomy":"product_tag","embeddable":true,"href":"https:\/\/wietkoopwinkel.com\/da\/wp-json\/wp\/v2\/product_tag?post=1389"}],"curies":[{"name":"wp","href":"https:\/\/api.w.org\/{rel}","templated":true}]}}