{"id":1388,"date":"2023-09-30T10:46:38","date_gmt":"2023-09-30T10:46:38","guid":{"rendered":"https:\/\/nembutalhouse.com\/weed\/?post_type=product&#038;p=1388"},"modified":"2023-10-07T09:06:51","modified_gmt":"2023-10-07T09:06:51","slug":"og-kush-cannabis-oil","status":"publish","type":"product","link":"https:\/\/wietkoopwinkel.com\/da\/vare\/og-kush-cannabis-oil\/","title":{"rendered":"OG Kush cannabisolie"},"content":{"rendered":"<p>I starten af 1990'erne blev OG Kush-sorten, ogs\u00e5 kendt som Premium OG Kush, udviklet i Florida. Skaberen af OG Kush forbliver et mysterium. Cannabismarkedet h\u00e6vder, at dens genetik stammer fra velkendte sorter som Chemdawg, Lemon Thai eller Old World Paki Kush, som muligvis er blevet krydset for at skabe denne plante.<\/p>\n<p>Denne plante er kendt for sin karakteristiske terpenprofil, som giver den en kraftig citronduft. Den anses af mange for at v\u00e6re en af de mest opl\u00f8ftende cannabissorter, der findes. If\u00f8lge OG Kushs effekter kan disse tilstande, s\u00e5vel som kronisk ubehag, h\u00e5ndteres. Sult er en anden fremtr\u00e6dende bivirkning, if\u00f8lge OG Kush.<\/p>\n<h2>Kan forbedre kakeksi og appetitl\u00f8shed for\u00e5rsaget af kr\u00e6ft eller AIDS\/HIV.<\/h2>\n<p>OG Kush er en indica-domineret sort. De fleste planter har et forhold p\u00e5 55% indica til 45% sativa, selvom der kan v\u00e6re sm\u00e5 variationer afh\u00e6ngigt af hybriden. OG Kush har et h\u00f8jt THC-indhold p\u00e5 omkring 26% og noget CBD.<\/p>\n<p>Fordi den foretr\u00e6kker masser af frihed til at vokse udend\u00f8rs frem for at v\u00e6re begr\u00e6nset til en vindueskarm, anbefales denne plante til erfarne avlere.<\/p>","protected":false},"excerpt":{"rendered":"<p>Begin jaren negentig werd in Florida de soort OG Kush ontwikkeld, ook wel bekend als Premium OG Kush. Wie OG Kush heeft gemaakt, is een mysterie. Op de cannabismarkt wordt beweerd dat de genetica afkomstig is van bekende soorten (cultivars) zoals Chemdawg, Lemon Thai of Old World Paki Kush, die mogelijk zijn gekruist om deze&#8230;<\/p>","protected":false},"featured_media":1408,"comment_status":"open","ping_status":"closed","template":"","meta":{"_kad_post_transparent":"default","_kad_post_title":"","_kad_post_layout":"default","_kad_post_sidebar_id":"","_kad_post_content_style":"default","_kad_post_vertical_padding":"default","_kad_post_feature":"","_kad_post_feature_position":"","_kad_post_header":false,"_kad_post_footer":false,"_joinchat":[]},"product_cat":[30],"product_tag":[],"class_list":["post-1388","product","type-product","status-publish","has-post-thumbnail","hentry","product_cat-cannabis-thc-olie","entry","content-bg","loop-entry"],"yoast_head":"<!-- This site is optimized with the Yoast SEO plugin v26.3 - https:\/\/yoast.com\/wordpress\/plugins\/seo\/ -->\n<title>OG Kush Cannabis Oil - Wiet Koop Winkel<\/title>\n<meta name=\"robots\" content=\"index, follow, max-snippet:-1, max-image-preview:large, max-video-preview:-1\" \/>\n<link rel=\"canonical\" href=\"https:\/\/wietkoopwinkel.com\/da\/vare\/og-kush-cannabis-oil\/\" \/>\n<meta property=\"og:locale\" content=\"da_DK\" \/>\n<meta property=\"og:type\" content=\"article\" \/>\n<meta property=\"og:title\" content=\"OG Kush Cannabis Oil - Wiet Koop Winkel\" \/>\n<meta property=\"og:description\" content=\"Begin jaren negentig werd in Florida de soort OG Kush ontwikkeld, ook wel bekend als Premium OG Kush. Wie OG Kush heeft gemaakt, is een mysterie. Op de cannabismarkt wordt beweerd dat de genetica afkomstig is van bekende soorten (cultivars) zoals Chemdawg, Lemon Thai of Old World Paki Kush, die mogelijk zijn gekruist om deze...\" \/>\n<meta property=\"og:url\" content=\"https:\/\/wietkoopwinkel.com\/da\/vare\/og-kush-cannabis-oil\/\" \/>\n<meta property=\"og:site_name\" content=\"Wiet Koop Winkel\" \/>\n<meta property=\"article:modified_time\" content=\"2023-10-07T09:06:51+00:00\" \/>\n<meta property=\"og:image\" content=\"https:\/\/wietkoopwinkel.com\/wp-content\/uploads\/2023\/09\/OG-Kush-Cannabisolja.jpg\" \/>\n\t<meta property=\"og:image:width\" content=\"600\" \/>\n\t<meta property=\"og:image:height\" content=\"600\" \/>\n\t<meta property=\"og:image:type\" content=\"image\/jpeg\" \/>\n<meta name=\"twitter:card\" content=\"summary_large_image\" \/>\n<meta name=\"twitter:label1\" content=\"Estimeret l\u00e6setid\" \/>\n\t<meta name=\"twitter:data1\" content=\"1 minut\" \/>\n<script type=\"application\/ld+json\" class=\"yoast-schema-graph\">{\"@context\":\"https:\/\/schema.org\",\"@graph\":[{\"@type\":\"WebPage\",\"@id\":\"https:\/\/wietkoopwinkel.com\/product\/og-kush-cannabis-oil\/\",\"url\":\"https:\/\/wietkoopwinkel.com\/product\/og-kush-cannabis-oil\/\",\"name\":\"OG Kush Cannabis Oil - Wiet Koop Winkel\",\"isPartOf\":{\"@id\":\"https:\/\/wietkoopwinkel.com\/#website\"},\"primaryImageOfPage\":{\"@id\":\"https:\/\/wietkoopwinkel.com\/product\/og-kush-cannabis-oil\/#primaryimage\"},\"image\":{\"@id\":\"https:\/\/wietkoopwinkel.com\/product\/og-kush-cannabis-oil\/#primaryimage\"},\"thumbnailUrl\":\"https:\/\/wietkoopwinkel.com\/wp-content\/uploads\/2023\/09\/OG-Kush-Cannabisolja.jpg\",\"datePublished\":\"2023-09-30T10:46:38+00:00\",\"dateModified\":\"2023-10-07T09:06:51+00:00\",\"breadcrumb\":{\"@id\":\"https:\/\/wietkoopwinkel.com\/product\/og-kush-cannabis-oil\/#breadcrumb\"},\"inLanguage\":\"da-DK\",\"potentialAction\":[{\"@type\":\"ReadAction\",\"target\":[\"https:\/\/wietkoopwinkel.com\/product\/og-kush-cannabis-oil\/\"]}]},{\"@type\":\"ImageObject\",\"inLanguage\":\"da-DK\",\"@id\":\"https:\/\/wietkoopwinkel.com\/product\/og-kush-cannabis-oil\/#primaryimage\",\"url\":\"https:\/\/wietkoopwinkel.com\/wp-content\/uploads\/2023\/09\/OG-Kush-Cannabisolja.jpg\",\"contentUrl\":\"https:\/\/wietkoopwinkel.com\/wp-content\/uploads\/2023\/09\/OG-Kush-Cannabisolja.jpg\",\"width\":600,\"height\":600,\"caption\":\"OG-Kush-Cannabisolja\"},{\"@type\":\"BreadcrumbList\",\"@id\":\"https:\/\/wietkoopwinkel.com\/product\/og-kush-cannabis-oil\/#breadcrumb\",\"itemListElement\":[{\"@type\":\"ListItem\",\"position\":1,\"name\":\"Home\",\"item\":\"https:\/\/wietkoopwinkel.com\/\"},{\"@type\":\"ListItem\",\"position\":2,\"name\":\"Winkel\",\"item\":\"https:\/\/wietkoopwinkel.com\/winkel\/\"},{\"@type\":\"ListItem\",\"position\":3,\"name\":\"OG Kush Cannabis Oil\"}]},{\"@type\":\"WebSite\",\"@id\":\"https:\/\/wietkoopwinkel.com\/#website\",\"url\":\"https:\/\/wietkoopwinkel.com\/\",\"name\":\"Wiet Koop Winkel\",\"description\":\"My WordPress Blog\",\"publisher\":{\"@id\":\"https:\/\/wietkoopwinkel.com\/#organization\"},\"potentialAction\":[{\"@type\":\"SearchAction\",\"target\":{\"@type\":\"EntryPoint\",\"urlTemplate\":\"https:\/\/wietkoopwinkel.com\/?s={search_term_string}\"},\"query-input\":{\"@type\":\"PropertyValueSpecification\",\"valueRequired\":true,\"valueName\":\"search_term_string\"}}],\"inLanguage\":\"da-DK\"},{\"@type\":\"Organization\",\"@id\":\"https:\/\/wietkoopwinkel.com\/#organization\",\"name\":\"Wiet Koop Winkel\",\"url\":\"https:\/\/wietkoopwinkel.com\/\",\"logo\":{\"@type\":\"ImageObject\",\"inLanguage\":\"da-DK\",\"@id\":\"https:\/\/wietkoopwinkel.com\/#\/schema\/logo\/image\/\",\"url\":\"https:\/\/wietkoopwinkel.com\/wp-content\/uploads\/2023\/10\/logo.png\",\"contentUrl\":\"https:\/\/wietkoopwinkel.com\/wp-content\/uploads\/2023\/10\/logo.png\",\"width\":400,\"height\":120,\"caption\":\"Wiet Koop Winkel\"},\"image\":{\"@id\":\"https:\/\/wietkoopwinkel.com\/#\/schema\/logo\/image\/\"}}]}<\/script>\n<!-- \/ Yoast SEO plugin. -->","yoast_head_json":{"title":"OG Kush Cannabis Oil - Wiet Koop Winkel","robots":{"index":"index","follow":"follow","max-snippet":"max-snippet:-1","max-image-preview":"max-image-preview:large","max-video-preview":"max-video-preview:-1"},"canonical":"https:\/\/wietkoopwinkel.com\/da\/vare\/og-kush-cannabis-oil\/","og_locale":"da_DK","og_type":"article","og_title":"OG Kush Cannabis Oil - Wiet Koop Winkel","og_description":"Begin jaren negentig werd in Florida de soort OG Kush ontwikkeld, ook wel bekend als Premium OG Kush. Wie OG Kush heeft gemaakt, is een mysterie. Op de cannabismarkt wordt beweerd dat de genetica afkomstig is van bekende soorten (cultivars) zoals Chemdawg, Lemon Thai of Old World Paki Kush, die mogelijk zijn gekruist om deze...","og_url":"https:\/\/wietkoopwinkel.com\/da\/vare\/og-kush-cannabis-oil\/","og_site_name":"Wiet Koop Winkel","article_modified_time":"2023-10-07T09:06:51+00:00","og_image":[{"width":600,"height":600,"url":"https:\/\/wietkoopwinkel.com\/wp-content\/uploads\/2023\/09\/OG-Kush-Cannabisolja.jpg","type":"image\/jpeg"}],"twitter_card":"summary_large_image","twitter_misc":{"Estimeret l\u00e6setid":"1 minut"},"schema":{"@context":"https:\/\/schema.org","@graph":[{"@type":"WebPage","@id":"https:\/\/wietkoopwinkel.com\/product\/og-kush-cannabis-oil\/","url":"https:\/\/wietkoopwinkel.com\/product\/og-kush-cannabis-oil\/","name":"OG Kush Cannabis Oil - Wiet Koop Winkel","isPartOf":{"@id":"https:\/\/wietkoopwinkel.com\/#website"},"primaryImageOfPage":{"@id":"https:\/\/wietkoopwinkel.com\/product\/og-kush-cannabis-oil\/#primaryimage"},"image":{"@id":"https:\/\/wietkoopwinkel.com\/product\/og-kush-cannabis-oil\/#primaryimage"},"thumbnailUrl":"https:\/\/wietkoopwinkel.com\/wp-content\/uploads\/2023\/09\/OG-Kush-Cannabisolja.jpg","datePublished":"2023-09-30T10:46:38+00:00","dateModified":"2023-10-07T09:06:51+00:00","breadcrumb":{"@id":"https:\/\/wietkoopwinkel.com\/product\/og-kush-cannabis-oil\/#breadcrumb"},"inLanguage":"da-DK","potentialAction":[{"@type":"ReadAction","target":["https:\/\/wietkoopwinkel.com\/product\/og-kush-cannabis-oil\/"]}]},{"@type":"ImageObject","inLanguage":"da-DK","@id":"https:\/\/wietkoopwinkel.com\/product\/og-kush-cannabis-oil\/#primaryimage","url":"https:\/\/wietkoopwinkel.com\/wp-content\/uploads\/2023\/09\/OG-Kush-Cannabisolja.jpg","contentUrl":"https:\/\/wietkoopwinkel.com\/wp-content\/uploads\/2023\/09\/OG-Kush-Cannabisolja.jpg","width":600,"height":600,"caption":"OG-Kush-Cannabisolja"},{"@type":"BreadcrumbList","@id":"https:\/\/wietkoopwinkel.com\/product\/og-kush-cannabis-oil\/#breadcrumb","itemListElement":[{"@type":"ListItem","position":1,"name":"Home","item":"https:\/\/wietkoopwinkel.com\/"},{"@type":"ListItem","position":2,"name":"Winkel","item":"https:\/\/wietkoopwinkel.com\/winkel\/"},{"@type":"ListItem","position":3,"name":"OG Kush Cannabis Oil"}]},{"@type":"WebSite","@id":"https:\/\/wietkoopwinkel.com\/#website","url":"https:\/\/wietkoopwinkel.com\/","name":"Wiet Koop Winkel","description":"My WordPress Blog","publisher":{"@id":"https:\/\/wietkoopwinkel.com\/#organization"},"potentialAction":[{"@type":"SearchAction","target":{"@type":"EntryPoint","urlTemplate":"https:\/\/wietkoopwinkel.com\/?s={search_term_string}"},"query-input":{"@type":"PropertyValueSpecification","valueRequired":true,"valueName":"search_term_string"}}],"inLanguage":"da-DK"},{"@type":"Organization","@id":"https:\/\/wietkoopwinkel.com\/#organization","name":"Wiet Koop Winkel","url":"https:\/\/wietkoopwinkel.com\/","logo":{"@type":"ImageObject","inLanguage":"da-DK","@id":"https:\/\/wietkoopwinkel.com\/#\/schema\/logo\/image\/","url":"https:\/\/wietkoopwinkel.com\/wp-content\/uploads\/2023\/10\/logo.png","contentUrl":"https:\/\/wietkoopwinkel.com\/wp-content\/uploads\/2023\/10\/logo.png","width":400,"height":120,"caption":"Wiet Koop Winkel"},"image":{"@id":"https:\/\/wietkoopwinkel.com\/#\/schema\/logo\/image\/"}}]}},"_links":{"self":[{"href":"https:\/\/wietkoopwinkel.com\/da\/wp-json\/wp\/v2\/product\/1388","targetHints":{"allow":["GET"]}}],"collection":[{"href":"https:\/\/wietkoopwinkel.com\/da\/wp-json\/wp\/v2\/product"}],"about":[{"href":"https:\/\/wietkoopwinkel.com\/da\/wp-json\/wp\/v2\/types\/product"}],"replies":[{"embeddable":true,"href":"https:\/\/wietkoopwinkel.com\/da\/wp-json\/wp\/v2\/comments?post=1388"}],"wp:featuredmedia":[{"embeddable":true,"href":"https:\/\/wietkoopwinkel.com\/da\/wp-json\/wp\/v2\/media\/1408"}],"wp:attachment":[{"href":"https:\/\/wietkoopwinkel.com\/da\/wp-json\/wp\/v2\/media?parent=1388"}],"wp:term":[{"taxonomy":"product_cat","embeddable":true,"href":"https:\/\/wietkoopwinkel.com\/da\/wp-json\/wp\/v2\/product_cat?post=1388"},{"taxonomy":"product_tag","embeddable":true,"href":"https:\/\/wietkoopwinkel.com\/da\/wp-json\/wp\/v2\/product_tag?post=1388"}],"curies":[{"name":"wp","href":"https:\/\/api.w.org\/{rel}","templated":true}]}}