{"id":1369,"date":"2023-09-30T10:33:33","date_gmt":"2023-09-30T10:33:33","guid":{"rendered":"https:\/\/nembutalhouse.com\/weed\/?post_type=product&#038;p=1369"},"modified":"2024-01-03T11:22:03","modified_gmt":"2024-01-03T11:22:03","slug":"tangie-hash","status":"publish","type":"product","link":"https:\/\/wietkoopwinkel.com\/da\/vare\/tangie-hash\/","title":{"rendered":"Tangie Hash"},"content":{"rendered":"<p>Tangie Hash er en popul\u00e6r Sativa-stamme, der giver st\u00e6rke rusoplevelser og vidunderlige oplevelser. Siden midten af 1990'erne er marihuana kendt som Tangie blevet udviklet fra den ber\u00f8mte Tangerine Dream-stamme. En smule Tangerine Dream-cannabis blev kombineret af Space Farms med den l\u00e6kre og klamme Skunk #1-stamme for at producere en fantastisk Sativa, der er ulig nogen anden! Tangie-hash giver dig et cerebralt boost og et energirush, der minder om en kop kaffe, men denne rus vil v\u00e6re helt vibrationsfri! Tangie Bubble-hash nydes bedst med en ven eller to, da denne vidunderlige stamme genererer glade f\u00f8lelser, der b\u00f8r deles! Tangie-cannabis har smukke mintgr\u00f8nne knopper med snoninger af m\u00f8rke orange h\u00e5r. Tangie marihuana er d\u00e6kket af et smukt lag af krystallinske trichomer.<\/p>\n<h2>Mest effektive anvendelse<\/h2>\n<p>Tangie Bubble Hash er den bedste sort til brug om morgenen og i dagtimerne. Dens traditionelle Sativa-blomsteffekter er ideelle til at holde sig v\u00e5gen og opm\u00e6rksom, mens man arbejder p\u00e5 en opgave. Tangie Bubble Hash giver en kraftig rus, men den g\u00f8r dig ikke svimmel. Efter dit f\u00f8rste hiv begynder en b\u00f8lge af opl\u00f8ftende energi at str\u00f8mme gennem din krop! Denne vibe vil snart forsvinde, og du vil v\u00e6re omgivet af en beslutsom og fokuseret tankegang. Tangie er kendt for at fremme kreativiteten og s\u00e6tte gang i ideerne. Hvis du vil slippe af med udmattelse og depression, s\u00e5 pr\u00f8v Tangie Bubble Hash. Som tidligere n\u00e6vnt anbefaler vi, at du deler Tangie marihuana med en ven, s\u00e5 alle kan opleve dens utroligt opl\u00f8ftende og behagelige effekter. Fnisene vil uden tvivl f\u00f8lge.<\/p>\n<h3>Smag<\/h3>\n<p>Tangie Bubble Hash er en velsmagende og underholdende marihuanasort! Citrus, mandarin og et strejf af diesel danser sammen for at producere en smagskombination, der ikke kan matches af nogen anden. Sortens citrusundertoner og salte smag springer straks ind p\u00e5 din tunge og hjerne ved din f\u00f8rste smag. Den l\u00e6kre mandarinsmag begynder at pirre dine smagsl\u00f8g, efterh\u00e5nden som du tager mere luft ind. Rygningen slutter med en klam, men let dieselagtig smag. Den syrlige citrus- og frugtsmag opvejes af dieselsmagen, s\u00e5 de tre smage kombineres harmonisk.<\/p>","protected":false},"excerpt":{"rendered":"<p>Tangie Hash is een populaire Sativa-soort die sterke highs en prachtige ervaringen biedt. Sinds het midden van de jaren negentig is marihuana, bekend als Tangie, ontwikkeld uit de bekende Tangerine Dream-soort. Een beetje Tangerine Dream-cannabis werd door Space Farms gecombineerd met de heerlijke en vochtige Skunk #1-soort om een geweldige Sativa te produceren die anders&#8230;<\/p>","protected":false},"featured_media":1474,"comment_status":"open","ping_status":"closed","template":"","meta":{"_kad_post_transparent":"default","_kad_post_title":"","_kad_post_layout":"default","_kad_post_sidebar_id":"","_kad_post_content_style":"default","_kad_post_vertical_padding":"default","_kad_post_feature":"","_kad_post_feature_position":"","_kad_post_header":false,"_kad_post_footer":false,"_joinchat":[]},"product_cat":[31],"product_tag":[],"class_list":["post-1369","product","type-product","status-publish","has-post-thumbnail","hentry","product_cat-hasj","entry","content-bg","loop-entry"],"yoast_head":"<!-- This site is optimized with the Yoast SEO plugin v26.3 - https:\/\/yoast.com\/wordpress\/plugins\/seo\/ -->\n<title>Tangie Hash - Wiet Koop Winkel<\/title>\n<meta name=\"robots\" content=\"index, follow, max-snippet:-1, max-image-preview:large, max-video-preview:-1\" \/>\n<link rel=\"canonical\" href=\"https:\/\/wietkoopwinkel.com\/da\/vare\/tangie-hash\/\" \/>\n<meta property=\"og:locale\" content=\"da_DK\" \/>\n<meta property=\"og:type\" content=\"article\" \/>\n<meta property=\"og:title\" content=\"Tangie Hash - Wiet Koop Winkel\" \/>\n<meta property=\"og:description\" content=\"Tangie Hash is een populaire Sativa-soort die sterke highs en prachtige ervaringen biedt. Sinds het midden van de jaren negentig is marihuana, bekend als Tangie, ontwikkeld uit de bekende Tangerine Dream-soort. Een beetje Tangerine Dream-cannabis werd door Space Farms gecombineerd met de heerlijke en vochtige Skunk #1-soort om een geweldige Sativa te produceren die anders...\" \/>\n<meta property=\"og:url\" content=\"https:\/\/wietkoopwinkel.com\/da\/vare\/tangie-hash\/\" \/>\n<meta property=\"og:site_name\" content=\"Wiet Koop Winkel\" \/>\n<meta property=\"article:modified_time\" content=\"2024-01-03T11:22:03+00:00\" \/>\n<meta property=\"og:image\" content=\"https:\/\/wietkoopwinkel.com\/wp-content\/uploads\/2023\/09\/Tangie-Hash-1.jpg\" \/>\n\t<meta property=\"og:image:width\" content=\"600\" \/>\n\t<meta property=\"og:image:height\" content=\"600\" \/>\n\t<meta property=\"og:image:type\" content=\"image\/jpeg\" \/>\n<meta name=\"twitter:card\" content=\"summary_large_image\" \/>\n<meta name=\"twitter:label1\" content=\"Estimeret l\u00e6setid\" \/>\n\t<meta name=\"twitter:data1\" content=\"2 minutter\" \/>\n<script type=\"application\/ld+json\" class=\"yoast-schema-graph\">{\"@context\":\"https:\/\/schema.org\",\"@graph\":[{\"@type\":\"WebPage\",\"@id\":\"https:\/\/wietkoopwinkel.com\/product\/tangie-hash\/\",\"url\":\"https:\/\/wietkoopwinkel.com\/product\/tangie-hash\/\",\"name\":\"Tangie Hash - Wiet Koop Winkel\",\"isPartOf\":{\"@id\":\"https:\/\/wietkoopwinkel.com\/#website\"},\"primaryImageOfPage\":{\"@id\":\"https:\/\/wietkoopwinkel.com\/product\/tangie-hash\/#primaryimage\"},\"image\":{\"@id\":\"https:\/\/wietkoopwinkel.com\/product\/tangie-hash\/#primaryimage\"},\"thumbnailUrl\":\"https:\/\/wietkoopwinkel.com\/wp-content\/uploads\/2023\/09\/Tangie-Hash-1.jpg\",\"datePublished\":\"2023-09-30T10:33:33+00:00\",\"dateModified\":\"2024-01-03T11:22:03+00:00\",\"breadcrumb\":{\"@id\":\"https:\/\/wietkoopwinkel.com\/product\/tangie-hash\/#breadcrumb\"},\"inLanguage\":\"da-DK\",\"potentialAction\":[{\"@type\":\"ReadAction\",\"target\":[\"https:\/\/wietkoopwinkel.com\/product\/tangie-hash\/\"]}]},{\"@type\":\"ImageObject\",\"inLanguage\":\"da-DK\",\"@id\":\"https:\/\/wietkoopwinkel.com\/product\/tangie-hash\/#primaryimage\",\"url\":\"https:\/\/wietkoopwinkel.com\/wp-content\/uploads\/2023\/09\/Tangie-Hash-1.jpg\",\"contentUrl\":\"https:\/\/wietkoopwinkel.com\/wp-content\/uploads\/2023\/09\/Tangie-Hash-1.jpg\",\"width\":600,\"height\":600,\"caption\":\"Tangie Hash\"},{\"@type\":\"BreadcrumbList\",\"@id\":\"https:\/\/wietkoopwinkel.com\/product\/tangie-hash\/#breadcrumb\",\"itemListElement\":[{\"@type\":\"ListItem\",\"position\":1,\"name\":\"Home\",\"item\":\"https:\/\/wietkoopwinkel.com\/\"},{\"@type\":\"ListItem\",\"position\":2,\"name\":\"Winkel\",\"item\":\"https:\/\/wietkoopwinkel.com\/winkel\/\"},{\"@type\":\"ListItem\",\"position\":3,\"name\":\"Tangie Hash\"}]},{\"@type\":\"WebSite\",\"@id\":\"https:\/\/wietkoopwinkel.com\/#website\",\"url\":\"https:\/\/wietkoopwinkel.com\/\",\"name\":\"Wiet Koop Winkel\",\"description\":\"My WordPress Blog\",\"publisher\":{\"@id\":\"https:\/\/wietkoopwinkel.com\/#organization\"},\"potentialAction\":[{\"@type\":\"SearchAction\",\"target\":{\"@type\":\"EntryPoint\",\"urlTemplate\":\"https:\/\/wietkoopwinkel.com\/?s={search_term_string}\"},\"query-input\":{\"@type\":\"PropertyValueSpecification\",\"valueRequired\":true,\"valueName\":\"search_term_string\"}}],\"inLanguage\":\"da-DK\"},{\"@type\":\"Organization\",\"@id\":\"https:\/\/wietkoopwinkel.com\/#organization\",\"name\":\"Wiet Koop Winkel\",\"url\":\"https:\/\/wietkoopwinkel.com\/\",\"logo\":{\"@type\":\"ImageObject\",\"inLanguage\":\"da-DK\",\"@id\":\"https:\/\/wietkoopwinkel.com\/#\/schema\/logo\/image\/\",\"url\":\"https:\/\/wietkoopwinkel.com\/wp-content\/uploads\/2023\/10\/logo.png\",\"contentUrl\":\"https:\/\/wietkoopwinkel.com\/wp-content\/uploads\/2023\/10\/logo.png\",\"width\":400,\"height\":120,\"caption\":\"Wiet Koop Winkel\"},\"image\":{\"@id\":\"https:\/\/wietkoopwinkel.com\/#\/schema\/logo\/image\/\"}}]}<\/script>\n<!-- \/ Yoast SEO plugin. -->","yoast_head_json":{"title":"Tangie Hash - Wiet Koop Winkel","robots":{"index":"index","follow":"follow","max-snippet":"max-snippet:-1","max-image-preview":"max-image-preview:large","max-video-preview":"max-video-preview:-1"},"canonical":"https:\/\/wietkoopwinkel.com\/da\/vare\/tangie-hash\/","og_locale":"da_DK","og_type":"article","og_title":"Tangie Hash - Wiet Koop Winkel","og_description":"Tangie Hash is een populaire Sativa-soort die sterke highs en prachtige ervaringen biedt. Sinds het midden van de jaren negentig is marihuana, bekend als Tangie, ontwikkeld uit de bekende Tangerine Dream-soort. Een beetje Tangerine Dream-cannabis werd door Space Farms gecombineerd met de heerlijke en vochtige Skunk #1-soort om een geweldige Sativa te produceren die anders...","og_url":"https:\/\/wietkoopwinkel.com\/da\/vare\/tangie-hash\/","og_site_name":"Wiet Koop Winkel","article_modified_time":"2024-01-03T11:22:03+00:00","og_image":[{"width":600,"height":600,"url":"https:\/\/wietkoopwinkel.com\/wp-content\/uploads\/2023\/09\/Tangie-Hash-1.jpg","type":"image\/jpeg"}],"twitter_card":"summary_large_image","twitter_misc":{"Estimeret l\u00e6setid":"2 minutter"},"schema":{"@context":"https:\/\/schema.org","@graph":[{"@type":"WebPage","@id":"https:\/\/wietkoopwinkel.com\/product\/tangie-hash\/","url":"https:\/\/wietkoopwinkel.com\/product\/tangie-hash\/","name":"Tangie Hash - Wiet Koop Winkel","isPartOf":{"@id":"https:\/\/wietkoopwinkel.com\/#website"},"primaryImageOfPage":{"@id":"https:\/\/wietkoopwinkel.com\/product\/tangie-hash\/#primaryimage"},"image":{"@id":"https:\/\/wietkoopwinkel.com\/product\/tangie-hash\/#primaryimage"},"thumbnailUrl":"https:\/\/wietkoopwinkel.com\/wp-content\/uploads\/2023\/09\/Tangie-Hash-1.jpg","datePublished":"2023-09-30T10:33:33+00:00","dateModified":"2024-01-03T11:22:03+00:00","breadcrumb":{"@id":"https:\/\/wietkoopwinkel.com\/product\/tangie-hash\/#breadcrumb"},"inLanguage":"da-DK","potentialAction":[{"@type":"ReadAction","target":["https:\/\/wietkoopwinkel.com\/product\/tangie-hash\/"]}]},{"@type":"ImageObject","inLanguage":"da-DK","@id":"https:\/\/wietkoopwinkel.com\/product\/tangie-hash\/#primaryimage","url":"https:\/\/wietkoopwinkel.com\/wp-content\/uploads\/2023\/09\/Tangie-Hash-1.jpg","contentUrl":"https:\/\/wietkoopwinkel.com\/wp-content\/uploads\/2023\/09\/Tangie-Hash-1.jpg","width":600,"height":600,"caption":"Tangie Hash"},{"@type":"BreadcrumbList","@id":"https:\/\/wietkoopwinkel.com\/product\/tangie-hash\/#breadcrumb","itemListElement":[{"@type":"ListItem","position":1,"name":"Home","item":"https:\/\/wietkoopwinkel.com\/"},{"@type":"ListItem","position":2,"name":"Winkel","item":"https:\/\/wietkoopwinkel.com\/winkel\/"},{"@type":"ListItem","position":3,"name":"Tangie Hash"}]},{"@type":"WebSite","@id":"https:\/\/wietkoopwinkel.com\/#website","url":"https:\/\/wietkoopwinkel.com\/","name":"Wiet Koop Winkel","description":"My WordPress Blog","publisher":{"@id":"https:\/\/wietkoopwinkel.com\/#organization"},"potentialAction":[{"@type":"SearchAction","target":{"@type":"EntryPoint","urlTemplate":"https:\/\/wietkoopwinkel.com\/?s={search_term_string}"},"query-input":{"@type":"PropertyValueSpecification","valueRequired":true,"valueName":"search_term_string"}}],"inLanguage":"da-DK"},{"@type":"Organization","@id":"https:\/\/wietkoopwinkel.com\/#organization","name":"Wiet Koop Winkel","url":"https:\/\/wietkoopwinkel.com\/","logo":{"@type":"ImageObject","inLanguage":"da-DK","@id":"https:\/\/wietkoopwinkel.com\/#\/schema\/logo\/image\/","url":"https:\/\/wietkoopwinkel.com\/wp-content\/uploads\/2023\/10\/logo.png","contentUrl":"https:\/\/wietkoopwinkel.com\/wp-content\/uploads\/2023\/10\/logo.png","width":400,"height":120,"caption":"Wiet Koop Winkel"},"image":{"@id":"https:\/\/wietkoopwinkel.com\/#\/schema\/logo\/image\/"}}]}},"_links":{"self":[{"href":"https:\/\/wietkoopwinkel.com\/da\/wp-json\/wp\/v2\/product\/1369","targetHints":{"allow":["GET"]}}],"collection":[{"href":"https:\/\/wietkoopwinkel.com\/da\/wp-json\/wp\/v2\/product"}],"about":[{"href":"https:\/\/wietkoopwinkel.com\/da\/wp-json\/wp\/v2\/types\/product"}],"replies":[{"embeddable":true,"href":"https:\/\/wietkoopwinkel.com\/da\/wp-json\/wp\/v2\/comments?post=1369"}],"wp:featuredmedia":[{"embeddable":true,"href":"https:\/\/wietkoopwinkel.com\/da\/wp-json\/wp\/v2\/media\/1474"}],"wp:attachment":[{"href":"https:\/\/wietkoopwinkel.com\/da\/wp-json\/wp\/v2\/media?parent=1369"}],"wp:term":[{"taxonomy":"product_cat","embeddable":true,"href":"https:\/\/wietkoopwinkel.com\/da\/wp-json\/wp\/v2\/product_cat?post=1369"},{"taxonomy":"product_tag","embeddable":true,"href":"https:\/\/wietkoopwinkel.com\/da\/wp-json\/wp\/v2\/product_tag?post=1369"}],"curies":[{"name":"wp","href":"https:\/\/api.w.org\/{rel}","templated":true}]}}