{"id":1366,"date":"2023-09-30T10:32:57","date_gmt":"2023-09-30T10:32:57","guid":{"rendered":"https:\/\/nembutalhouse.com\/weed\/?post_type=product&#038;p=1366"},"modified":"2024-01-03T11:18:09","modified_gmt":"2024-01-03T11:18:09","slug":"amnesia-jelly-hash","status":"publish","type":"product","link":"https:\/\/wietkoopwinkel.com\/da\/vare\/amnesia-jelly-hash\/","title":{"rendered":"Amnesi gel\u00e9 hash"},"content":{"rendered":"<p>Meget st\u00e6rke terpener af fyrretr\u00e6.<br \/>\nSativa-terpener.<br \/>\nMeget h\u00f8jt indhold af CBD<br \/>\n\u00d8kologisk, ikke-GMO, uden pesticider<br \/>\nL\u00e6kker smag<br \/>\n100% afledt af hamp<\/p>\n<p>Disse hamp-afledte faste CBD-stoffer er ikke-psykoaktive, THC-fri* og EIHA EU-certificerede varianter.<\/p>\n<h2>Cannabis er ikke hamp.<\/h2>\n<p>Vi bruger kun hamp, der er lovligt produceret i Italien og Schweiz.<\/p>\n<p>Navnene p\u00e5 vores solide hampprodukter er inspireret af velkendte cannabisstammer med lignende terpenprofiler. Til al vores hamp bruger vi kun omhyggeligt dyrket Carmagnola-hamp; de er ikke i familie med THC-arter.<\/p>\n<h3>Hvordan bruger jeg det?<\/h3>\n<p>At lave te med vores CBD-hash er meget lig at bruge vores hampprodukter lavet af l\u00f8se blade. Vi anbefaler at lade en portion p\u00e5 0,2 g tr\u00e6kke i varmt vand som udgangspunkt. En god f\u00f8rste portion er 500 ml kogende vand blandet med 0,2 g CBD-hash. For at \u00f8ge biotilg\u00e6ngeligheden skal du kassere det infunderede materiale efter tre minutter og erstatte det med et glas skummetm\u00e6lk. Det er alt, hvad der er at g\u00f8re! L\u00e6s hele artiklen for at l\u00e6re, hvordan du bruger vores CBD-hash.<\/p>\n<p>mindre end 0,2% THC<\/p>","protected":false},"excerpt":{"rendered":"<p>Zeer sterke dennenterpenen. Sativa-terpenen. Zeer hoog CBD-gehalte Biologisch, niet-GMO, niet-pesticide Heerlijke smaak 100% afgeleid van hennep Deze van hennep afgeleide vaste CBD-stoffen zijn niet-psychoactieve, THC-vrije* en EIHA EU-gecertificeerde soorten. Cannabis is geen hennep. We gebruiken alleen hennep die legaal is geproduceerd in Itali\u00eb en Zwitserland. De namen van onze vaste hennepproducten zijn ge\u00efnspireerd op bekende&#8230;<\/p>","protected":false},"featured_media":1472,"comment_status":"open","ping_status":"closed","template":"","meta":{"_kad_post_transparent":"default","_kad_post_title":"","_kad_post_layout":"default","_kad_post_sidebar_id":"","_kad_post_content_style":"default","_kad_post_vertical_padding":"default","_kad_post_feature":"","_kad_post_feature_position":"","_kad_post_header":false,"_kad_post_footer":false,"_joinchat":[]},"product_cat":[31],"product_tag":[],"class_list":["post-1366","product","type-product","status-publish","has-post-thumbnail","hentry","product_cat-hasj","entry","content-bg","loop-entry"],"yoast_head":"<!-- This site is optimized with the Yoast SEO plugin v26.3 - https:\/\/yoast.com\/wordpress\/plugins\/seo\/ -->\n<title>Amnesia Jelly Hash - Wiet Koop Winkel<\/title>\n<meta name=\"robots\" content=\"index, follow, max-snippet:-1, max-image-preview:large, max-video-preview:-1\" \/>\n<link rel=\"canonical\" href=\"https:\/\/wietkoopwinkel.com\/da\/vare\/amnesia-jelly-hash\/\" \/>\n<meta property=\"og:locale\" content=\"da_DK\" \/>\n<meta property=\"og:type\" content=\"article\" \/>\n<meta property=\"og:title\" content=\"Amnesia Jelly Hash - Wiet Koop Winkel\" \/>\n<meta property=\"og:description\" content=\"Zeer sterke dennenterpenen. Sativa-terpenen. Zeer hoog CBD-gehalte Biologisch, niet-GMO, niet-pesticide Heerlijke smaak 100% afgeleid van hennep Deze van hennep afgeleide vaste CBD-stoffen zijn niet-psychoactieve, THC-vrije* en EIHA EU-gecertificeerde soorten. Cannabis is geen hennep. We gebruiken alleen hennep die legaal is geproduceerd in Itali\u00eb en Zwitserland. De namen van onze vaste hennepproducten zijn ge\u00efnspireerd op bekende...\" \/>\n<meta property=\"og:url\" content=\"https:\/\/wietkoopwinkel.com\/da\/vare\/amnesia-jelly-hash\/\" \/>\n<meta property=\"og:site_name\" content=\"Wiet Koop Winkel\" \/>\n<meta property=\"article:modified_time\" content=\"2024-01-03T11:18:09+00:00\" \/>\n<meta property=\"og:image\" content=\"https:\/\/wietkoopwinkel.com\/wp-content\/uploads\/2023\/09\/Amnesia-Jelly-Hash-1.jpg\" \/>\n\t<meta property=\"og:image:width\" content=\"600\" \/>\n\t<meta property=\"og:image:height\" content=\"600\" \/>\n\t<meta property=\"og:image:type\" content=\"image\/jpeg\" \/>\n<meta name=\"twitter:card\" content=\"summary_large_image\" \/>\n<meta name=\"twitter:label1\" content=\"Estimeret l\u00e6setid\" \/>\n\t<meta name=\"twitter:data1\" content=\"1 minut\" \/>\n<script type=\"application\/ld+json\" class=\"yoast-schema-graph\">{\"@context\":\"https:\/\/schema.org\",\"@graph\":[{\"@type\":\"WebPage\",\"@id\":\"https:\/\/wietkoopwinkel.com\/product\/amnesia-jelly-hash\/\",\"url\":\"https:\/\/wietkoopwinkel.com\/product\/amnesia-jelly-hash\/\",\"name\":\"Amnesia Jelly Hash - Wiet Koop Winkel\",\"isPartOf\":{\"@id\":\"https:\/\/wietkoopwinkel.com\/#website\"},\"primaryImageOfPage\":{\"@id\":\"https:\/\/wietkoopwinkel.com\/product\/amnesia-jelly-hash\/#primaryimage\"},\"image\":{\"@id\":\"https:\/\/wietkoopwinkel.com\/product\/amnesia-jelly-hash\/#primaryimage\"},\"thumbnailUrl\":\"https:\/\/wietkoopwinkel.com\/wp-content\/uploads\/2023\/09\/Amnesia-Jelly-Hash-1.jpg\",\"datePublished\":\"2023-09-30T10:32:57+00:00\",\"dateModified\":\"2024-01-03T11:18:09+00:00\",\"breadcrumb\":{\"@id\":\"https:\/\/wietkoopwinkel.com\/product\/amnesia-jelly-hash\/#breadcrumb\"},\"inLanguage\":\"da-DK\",\"potentialAction\":[{\"@type\":\"ReadAction\",\"target\":[\"https:\/\/wietkoopwinkel.com\/product\/amnesia-jelly-hash\/\"]}]},{\"@type\":\"ImageObject\",\"inLanguage\":\"da-DK\",\"@id\":\"https:\/\/wietkoopwinkel.com\/product\/amnesia-jelly-hash\/#primaryimage\",\"url\":\"https:\/\/wietkoopwinkel.com\/wp-content\/uploads\/2023\/09\/Amnesia-Jelly-Hash-1.jpg\",\"contentUrl\":\"https:\/\/wietkoopwinkel.com\/wp-content\/uploads\/2023\/09\/Amnesia-Jelly-Hash-1.jpg\",\"width\":600,\"height\":600,\"caption\":\"Amnesia Jelly Hash\"},{\"@type\":\"BreadcrumbList\",\"@id\":\"https:\/\/wietkoopwinkel.com\/product\/amnesia-jelly-hash\/#breadcrumb\",\"itemListElement\":[{\"@type\":\"ListItem\",\"position\":1,\"name\":\"Home\",\"item\":\"https:\/\/wietkoopwinkel.com\/\"},{\"@type\":\"ListItem\",\"position\":2,\"name\":\"Winkel\",\"item\":\"https:\/\/wietkoopwinkel.com\/winkel\/\"},{\"@type\":\"ListItem\",\"position\":3,\"name\":\"Amnesia Jelly Hash\"}]},{\"@type\":\"WebSite\",\"@id\":\"https:\/\/wietkoopwinkel.com\/#website\",\"url\":\"https:\/\/wietkoopwinkel.com\/\",\"name\":\"Wiet Koop Winkel\",\"description\":\"My WordPress Blog\",\"publisher\":{\"@id\":\"https:\/\/wietkoopwinkel.com\/#organization\"},\"potentialAction\":[{\"@type\":\"SearchAction\",\"target\":{\"@type\":\"EntryPoint\",\"urlTemplate\":\"https:\/\/wietkoopwinkel.com\/?s={search_term_string}\"},\"query-input\":{\"@type\":\"PropertyValueSpecification\",\"valueRequired\":true,\"valueName\":\"search_term_string\"}}],\"inLanguage\":\"da-DK\"},{\"@type\":\"Organization\",\"@id\":\"https:\/\/wietkoopwinkel.com\/#organization\",\"name\":\"Wiet Koop Winkel\",\"url\":\"https:\/\/wietkoopwinkel.com\/\",\"logo\":{\"@type\":\"ImageObject\",\"inLanguage\":\"da-DK\",\"@id\":\"https:\/\/wietkoopwinkel.com\/#\/schema\/logo\/image\/\",\"url\":\"https:\/\/wietkoopwinkel.com\/wp-content\/uploads\/2023\/10\/logo.png\",\"contentUrl\":\"https:\/\/wietkoopwinkel.com\/wp-content\/uploads\/2023\/10\/logo.png\",\"width\":400,\"height\":120,\"caption\":\"Wiet Koop Winkel\"},\"image\":{\"@id\":\"https:\/\/wietkoopwinkel.com\/#\/schema\/logo\/image\/\"}}]}<\/script>\n<!-- \/ Yoast SEO plugin. -->","yoast_head_json":{"title":"Amnesia Jelly Hash - Wiet Koop Winkel","robots":{"index":"index","follow":"follow","max-snippet":"max-snippet:-1","max-image-preview":"max-image-preview:large","max-video-preview":"max-video-preview:-1"},"canonical":"https:\/\/wietkoopwinkel.com\/da\/vare\/amnesia-jelly-hash\/","og_locale":"da_DK","og_type":"article","og_title":"Amnesia Jelly Hash - Wiet Koop Winkel","og_description":"Zeer sterke dennenterpenen. Sativa-terpenen. Zeer hoog CBD-gehalte Biologisch, niet-GMO, niet-pesticide Heerlijke smaak 100% afgeleid van hennep Deze van hennep afgeleide vaste CBD-stoffen zijn niet-psychoactieve, THC-vrije* en EIHA EU-gecertificeerde soorten. Cannabis is geen hennep. We gebruiken alleen hennep die legaal is geproduceerd in Itali\u00eb en Zwitserland. De namen van onze vaste hennepproducten zijn ge\u00efnspireerd op bekende...","og_url":"https:\/\/wietkoopwinkel.com\/da\/vare\/amnesia-jelly-hash\/","og_site_name":"Wiet Koop Winkel","article_modified_time":"2024-01-03T11:18:09+00:00","og_image":[{"width":600,"height":600,"url":"https:\/\/wietkoopwinkel.com\/wp-content\/uploads\/2023\/09\/Amnesia-Jelly-Hash-1.jpg","type":"image\/jpeg"}],"twitter_card":"summary_large_image","twitter_misc":{"Estimeret l\u00e6setid":"1 minut"},"schema":{"@context":"https:\/\/schema.org","@graph":[{"@type":"WebPage","@id":"https:\/\/wietkoopwinkel.com\/product\/amnesia-jelly-hash\/","url":"https:\/\/wietkoopwinkel.com\/product\/amnesia-jelly-hash\/","name":"Amnesia Jelly Hash - Wiet Koop Winkel","isPartOf":{"@id":"https:\/\/wietkoopwinkel.com\/#website"},"primaryImageOfPage":{"@id":"https:\/\/wietkoopwinkel.com\/product\/amnesia-jelly-hash\/#primaryimage"},"image":{"@id":"https:\/\/wietkoopwinkel.com\/product\/amnesia-jelly-hash\/#primaryimage"},"thumbnailUrl":"https:\/\/wietkoopwinkel.com\/wp-content\/uploads\/2023\/09\/Amnesia-Jelly-Hash-1.jpg","datePublished":"2023-09-30T10:32:57+00:00","dateModified":"2024-01-03T11:18:09+00:00","breadcrumb":{"@id":"https:\/\/wietkoopwinkel.com\/product\/amnesia-jelly-hash\/#breadcrumb"},"inLanguage":"da-DK","potentialAction":[{"@type":"ReadAction","target":["https:\/\/wietkoopwinkel.com\/product\/amnesia-jelly-hash\/"]}]},{"@type":"ImageObject","inLanguage":"da-DK","@id":"https:\/\/wietkoopwinkel.com\/product\/amnesia-jelly-hash\/#primaryimage","url":"https:\/\/wietkoopwinkel.com\/wp-content\/uploads\/2023\/09\/Amnesia-Jelly-Hash-1.jpg","contentUrl":"https:\/\/wietkoopwinkel.com\/wp-content\/uploads\/2023\/09\/Amnesia-Jelly-Hash-1.jpg","width":600,"height":600,"caption":"Amnesia Jelly Hash"},{"@type":"BreadcrumbList","@id":"https:\/\/wietkoopwinkel.com\/product\/amnesia-jelly-hash\/#breadcrumb","itemListElement":[{"@type":"ListItem","position":1,"name":"Home","item":"https:\/\/wietkoopwinkel.com\/"},{"@type":"ListItem","position":2,"name":"Winkel","item":"https:\/\/wietkoopwinkel.com\/winkel\/"},{"@type":"ListItem","position":3,"name":"Amnesia Jelly Hash"}]},{"@type":"WebSite","@id":"https:\/\/wietkoopwinkel.com\/#website","url":"https:\/\/wietkoopwinkel.com\/","name":"Wiet Koop Winkel","description":"My WordPress Blog","publisher":{"@id":"https:\/\/wietkoopwinkel.com\/#organization"},"potentialAction":[{"@type":"SearchAction","target":{"@type":"EntryPoint","urlTemplate":"https:\/\/wietkoopwinkel.com\/?s={search_term_string}"},"query-input":{"@type":"PropertyValueSpecification","valueRequired":true,"valueName":"search_term_string"}}],"inLanguage":"da-DK"},{"@type":"Organization","@id":"https:\/\/wietkoopwinkel.com\/#organization","name":"Wiet Koop Winkel","url":"https:\/\/wietkoopwinkel.com\/","logo":{"@type":"ImageObject","inLanguage":"da-DK","@id":"https:\/\/wietkoopwinkel.com\/#\/schema\/logo\/image\/","url":"https:\/\/wietkoopwinkel.com\/wp-content\/uploads\/2023\/10\/logo.png","contentUrl":"https:\/\/wietkoopwinkel.com\/wp-content\/uploads\/2023\/10\/logo.png","width":400,"height":120,"caption":"Wiet Koop Winkel"},"image":{"@id":"https:\/\/wietkoopwinkel.com\/#\/schema\/logo\/image\/"}}]}},"_links":{"self":[{"href":"https:\/\/wietkoopwinkel.com\/da\/wp-json\/wp\/v2\/product\/1366","targetHints":{"allow":["GET"]}}],"collection":[{"href":"https:\/\/wietkoopwinkel.com\/da\/wp-json\/wp\/v2\/product"}],"about":[{"href":"https:\/\/wietkoopwinkel.com\/da\/wp-json\/wp\/v2\/types\/product"}],"replies":[{"embeddable":true,"href":"https:\/\/wietkoopwinkel.com\/da\/wp-json\/wp\/v2\/comments?post=1366"}],"wp:featuredmedia":[{"embeddable":true,"href":"https:\/\/wietkoopwinkel.com\/da\/wp-json\/wp\/v2\/media\/1472"}],"wp:attachment":[{"href":"https:\/\/wietkoopwinkel.com\/da\/wp-json\/wp\/v2\/media?parent=1366"}],"wp:term":[{"taxonomy":"product_cat","embeddable":true,"href":"https:\/\/wietkoopwinkel.com\/da\/wp-json\/wp\/v2\/product_cat?post=1366"},{"taxonomy":"product_tag","embeddable":true,"href":"https:\/\/wietkoopwinkel.com\/da\/wp-json\/wp\/v2\/product_tag?post=1366"}],"curies":[{"name":"wp","href":"https:\/\/api.w.org\/{rel}","templated":true}]}}