{"id":112,"date":"2023-09-22T11:06:39","date_gmt":"2023-09-22T11:06:39","guid":{"rendered":"https:\/\/nembutalhouse.com\/weed\/?post_type=product&#038;p=112"},"modified":"2023-10-07T09:35:39","modified_gmt":"2023-10-07T09:35:39","slug":"pink-rose","status":"publish","type":"product","link":"https:\/\/wietkoopwinkel.com\/da\/vare\/pink-rose\/","title":{"rendered":"Lyser\u00f8d rose"},"content":{"rendered":"<p>Pas p\u00e5 denne stams s\u00f8de blomster- og s\u00f8dmearomaer; alligevel har den en kraftig effekt p\u00e5 dine sanser. If\u00f8lge brugerne er dette en fremragende, cerebral, eufori-fremkaldende stamme, der forbedrer dit hum\u00f8r og f\u00e5r dig til at slappe af med det samme. Den for\u00e5rsager ikke den samme grad af tr\u00e6thed som andre strains, og mange brugere h\u00e6vder, at denne strain er fantastisk til brug p\u00e5 alle tidspunkter af dagen.<\/p>\n<p>S\u00f8vnl\u00f8shed, t\u00f8rre l\u00e6ber og paranoia er nogle af de negative virkninger. Det er vigtigt at starte langsomt og v\u00e6re opm\u00e6rksom p\u00e5 doseringen. Du kan overv\u00e5ge, hvordan din krop reagerer, og justere doseringen for at maksimere fordelene. Tag det i et milj\u00f8, der er behageligt for dig, med nogle snacks og vand i n\u00e6rheden.<\/p>","protected":false},"excerpt":{"rendered":"<p>Pas op voor de schattige bloemige en zoete aroma&#8217;s van deze soort; toch heeft het een krachtig effect op je zintuigen. Volgens gebruikers is dit een voortreffelijke, cerebrale, euforie-opwekkende soort die je humeur verbetert en je onmiddellijk ontspant. Omdat ze niet dezelfde mate van vermoeidheid veroorzaakt als andere soorten, beweren veel gebruikers dat deze soort&#8230;<\/p>","protected":false},"featured_media":1448,"comment_status":"open","ping_status":"closed","template":"","meta":{"_kad_post_transparent":"default","_kad_post_title":"","_kad_post_layout":"default","_kad_post_sidebar_id":"","_kad_post_content_style":"default","_kad_post_vertical_padding":"default","_kad_post_feature":"","_kad_post_feature_position":"","_kad_post_header":false,"_kad_post_footer":false,"_joinchat":[]},"product_cat":[17],"product_tag":[],"class_list":["post-112","product","type-product","status-publish","has-post-thumbnail","hentry","product_cat-wiet","entry","content-bg","loop-entry"],"yoast_head":"<!-- This site is optimized with the Yoast SEO plugin v26.3 - https:\/\/yoast.com\/wordpress\/plugins\/seo\/ -->\n<title>Pink Rose - Wiet Koop Winkel<\/title>\n<meta name=\"robots\" content=\"index, follow, max-snippet:-1, max-image-preview:large, max-video-preview:-1\" \/>\n<link rel=\"canonical\" href=\"https:\/\/wietkoopwinkel.com\/da\/vare\/pink-rose\/\" \/>\n<meta property=\"og:locale\" content=\"da_DK\" \/>\n<meta property=\"og:type\" content=\"article\" \/>\n<meta property=\"og:title\" content=\"Pink Rose - Wiet Koop Winkel\" \/>\n<meta property=\"og:description\" content=\"Pas op voor de schattige bloemige en zoete aroma&#8217;s van deze soort; toch heeft het een krachtig effect op je zintuigen. Volgens gebruikers is dit een voortreffelijke, cerebrale, euforie-opwekkende soort die je humeur verbetert en je onmiddellijk ontspant. Omdat ze niet dezelfde mate van vermoeidheid veroorzaakt als andere soorten, beweren veel gebruikers dat deze soort...\" \/>\n<meta property=\"og:url\" content=\"https:\/\/wietkoopwinkel.com\/da\/vare\/pink-rose\/\" \/>\n<meta property=\"og:site_name\" content=\"Wiet Koop Winkel\" \/>\n<meta property=\"article:modified_time\" content=\"2023-10-07T09:35:39+00:00\" \/>\n<meta property=\"og:image\" content=\"https:\/\/wietkoopwinkel.com\/wp-content\/uploads\/2023\/09\/Pink-Rose-2.jpg\" \/>\n\t<meta property=\"og:image:width\" content=\"960\" \/>\n\t<meta property=\"og:image:height\" content=\"1280\" \/>\n\t<meta property=\"og:image:type\" content=\"image\/jpeg\" \/>\n<meta name=\"twitter:card\" content=\"summary_large_image\" \/>\n<meta name=\"twitter:label1\" content=\"Estimeret l\u00e6setid\" \/>\n\t<meta name=\"twitter:data1\" content=\"1 minut\" \/>\n<script type=\"application\/ld+json\" class=\"yoast-schema-graph\">{\"@context\":\"https:\/\/schema.org\",\"@graph\":[{\"@type\":\"WebPage\",\"@id\":\"https:\/\/wietkoopwinkel.com\/product\/pink-rose\/\",\"url\":\"https:\/\/wietkoopwinkel.com\/product\/pink-rose\/\",\"name\":\"Pink Rose - Wiet Koop Winkel\",\"isPartOf\":{\"@id\":\"https:\/\/wietkoopwinkel.com\/#website\"},\"primaryImageOfPage\":{\"@id\":\"https:\/\/wietkoopwinkel.com\/product\/pink-rose\/#primaryimage\"},\"image\":{\"@id\":\"https:\/\/wietkoopwinkel.com\/product\/pink-rose\/#primaryimage\"},\"thumbnailUrl\":\"https:\/\/wietkoopwinkel.com\/wp-content\/uploads\/2023\/09\/Pink-Rose-2.jpg\",\"datePublished\":\"2023-09-22T11:06:39+00:00\",\"dateModified\":\"2023-10-07T09:35:39+00:00\",\"breadcrumb\":{\"@id\":\"https:\/\/wietkoopwinkel.com\/product\/pink-rose\/#breadcrumb\"},\"inLanguage\":\"da-DK\",\"potentialAction\":[{\"@type\":\"ReadAction\",\"target\":[\"https:\/\/wietkoopwinkel.com\/product\/pink-rose\/\"]}]},{\"@type\":\"ImageObject\",\"inLanguage\":\"da-DK\",\"@id\":\"https:\/\/wietkoopwinkel.com\/product\/pink-rose\/#primaryimage\",\"url\":\"https:\/\/wietkoopwinkel.com\/wp-content\/uploads\/2023\/09\/Pink-Rose-2.jpg\",\"contentUrl\":\"https:\/\/wietkoopwinkel.com\/wp-content\/uploads\/2023\/09\/Pink-Rose-2.jpg\",\"width\":960,\"height\":1280,\"caption\":\"Pink Rose\"},{\"@type\":\"BreadcrumbList\",\"@id\":\"https:\/\/wietkoopwinkel.com\/product\/pink-rose\/#breadcrumb\",\"itemListElement\":[{\"@type\":\"ListItem\",\"position\":1,\"name\":\"Home\",\"item\":\"https:\/\/wietkoopwinkel.com\/\"},{\"@type\":\"ListItem\",\"position\":2,\"name\":\"Winkel\",\"item\":\"https:\/\/wietkoopwinkel.com\/winkel\/\"},{\"@type\":\"ListItem\",\"position\":3,\"name\":\"Pink Rose\"}]},{\"@type\":\"WebSite\",\"@id\":\"https:\/\/wietkoopwinkel.com\/#website\",\"url\":\"https:\/\/wietkoopwinkel.com\/\",\"name\":\"Wiet Koop Winkel\",\"description\":\"My WordPress Blog\",\"publisher\":{\"@id\":\"https:\/\/wietkoopwinkel.com\/#organization\"},\"potentialAction\":[{\"@type\":\"SearchAction\",\"target\":{\"@type\":\"EntryPoint\",\"urlTemplate\":\"https:\/\/wietkoopwinkel.com\/?s={search_term_string}\"},\"query-input\":{\"@type\":\"PropertyValueSpecification\",\"valueRequired\":true,\"valueName\":\"search_term_string\"}}],\"inLanguage\":\"da-DK\"},{\"@type\":\"Organization\",\"@id\":\"https:\/\/wietkoopwinkel.com\/#organization\",\"name\":\"Wiet Koop Winkel\",\"url\":\"https:\/\/wietkoopwinkel.com\/\",\"logo\":{\"@type\":\"ImageObject\",\"inLanguage\":\"da-DK\",\"@id\":\"https:\/\/wietkoopwinkel.com\/#\/schema\/logo\/image\/\",\"url\":\"https:\/\/wietkoopwinkel.com\/wp-content\/uploads\/2023\/10\/logo.png\",\"contentUrl\":\"https:\/\/wietkoopwinkel.com\/wp-content\/uploads\/2023\/10\/logo.png\",\"width\":400,\"height\":120,\"caption\":\"Wiet Koop Winkel\"},\"image\":{\"@id\":\"https:\/\/wietkoopwinkel.com\/#\/schema\/logo\/image\/\"}}]}<\/script>\n<!-- \/ Yoast SEO plugin. -->","yoast_head_json":{"title":"Pink Rose - Wiet Koop Winkel","robots":{"index":"index","follow":"follow","max-snippet":"max-snippet:-1","max-image-preview":"max-image-preview:large","max-video-preview":"max-video-preview:-1"},"canonical":"https:\/\/wietkoopwinkel.com\/da\/vare\/pink-rose\/","og_locale":"da_DK","og_type":"article","og_title":"Pink Rose - Wiet Koop Winkel","og_description":"Pas op voor de schattige bloemige en zoete aroma&#8217;s van deze soort; toch heeft het een krachtig effect op je zintuigen. Volgens gebruikers is dit een voortreffelijke, cerebrale, euforie-opwekkende soort die je humeur verbetert en je onmiddellijk ontspant. Omdat ze niet dezelfde mate van vermoeidheid veroorzaakt als andere soorten, beweren veel gebruikers dat deze soort...","og_url":"https:\/\/wietkoopwinkel.com\/da\/vare\/pink-rose\/","og_site_name":"Wiet Koop Winkel","article_modified_time":"2023-10-07T09:35:39+00:00","og_image":[{"width":960,"height":1280,"url":"https:\/\/wietkoopwinkel.com\/wp-content\/uploads\/2023\/09\/Pink-Rose-2.jpg","type":"image\/jpeg"}],"twitter_card":"summary_large_image","twitter_misc":{"Estimeret l\u00e6setid":"1 minut"},"schema":{"@context":"https:\/\/schema.org","@graph":[{"@type":"WebPage","@id":"https:\/\/wietkoopwinkel.com\/product\/pink-rose\/","url":"https:\/\/wietkoopwinkel.com\/product\/pink-rose\/","name":"Pink Rose - Wiet Koop Winkel","isPartOf":{"@id":"https:\/\/wietkoopwinkel.com\/#website"},"primaryImageOfPage":{"@id":"https:\/\/wietkoopwinkel.com\/product\/pink-rose\/#primaryimage"},"image":{"@id":"https:\/\/wietkoopwinkel.com\/product\/pink-rose\/#primaryimage"},"thumbnailUrl":"https:\/\/wietkoopwinkel.com\/wp-content\/uploads\/2023\/09\/Pink-Rose-2.jpg","datePublished":"2023-09-22T11:06:39+00:00","dateModified":"2023-10-07T09:35:39+00:00","breadcrumb":{"@id":"https:\/\/wietkoopwinkel.com\/product\/pink-rose\/#breadcrumb"},"inLanguage":"da-DK","potentialAction":[{"@type":"ReadAction","target":["https:\/\/wietkoopwinkel.com\/product\/pink-rose\/"]}]},{"@type":"ImageObject","inLanguage":"da-DK","@id":"https:\/\/wietkoopwinkel.com\/product\/pink-rose\/#primaryimage","url":"https:\/\/wietkoopwinkel.com\/wp-content\/uploads\/2023\/09\/Pink-Rose-2.jpg","contentUrl":"https:\/\/wietkoopwinkel.com\/wp-content\/uploads\/2023\/09\/Pink-Rose-2.jpg","width":960,"height":1280,"caption":"Pink Rose"},{"@type":"BreadcrumbList","@id":"https:\/\/wietkoopwinkel.com\/product\/pink-rose\/#breadcrumb","itemListElement":[{"@type":"ListItem","position":1,"name":"Home","item":"https:\/\/wietkoopwinkel.com\/"},{"@type":"ListItem","position":2,"name":"Winkel","item":"https:\/\/wietkoopwinkel.com\/winkel\/"},{"@type":"ListItem","position":3,"name":"Pink Rose"}]},{"@type":"WebSite","@id":"https:\/\/wietkoopwinkel.com\/#website","url":"https:\/\/wietkoopwinkel.com\/","name":"Wiet Koop Winkel","description":"My WordPress Blog","publisher":{"@id":"https:\/\/wietkoopwinkel.com\/#organization"},"potentialAction":[{"@type":"SearchAction","target":{"@type":"EntryPoint","urlTemplate":"https:\/\/wietkoopwinkel.com\/?s={search_term_string}"},"query-input":{"@type":"PropertyValueSpecification","valueRequired":true,"valueName":"search_term_string"}}],"inLanguage":"da-DK"},{"@type":"Organization","@id":"https:\/\/wietkoopwinkel.com\/#organization","name":"Wiet Koop Winkel","url":"https:\/\/wietkoopwinkel.com\/","logo":{"@type":"ImageObject","inLanguage":"da-DK","@id":"https:\/\/wietkoopwinkel.com\/#\/schema\/logo\/image\/","url":"https:\/\/wietkoopwinkel.com\/wp-content\/uploads\/2023\/10\/logo.png","contentUrl":"https:\/\/wietkoopwinkel.com\/wp-content\/uploads\/2023\/10\/logo.png","width":400,"height":120,"caption":"Wiet Koop Winkel"},"image":{"@id":"https:\/\/wietkoopwinkel.com\/#\/schema\/logo\/image\/"}}]}},"_links":{"self":[{"href":"https:\/\/wietkoopwinkel.com\/da\/wp-json\/wp\/v2\/product\/112","targetHints":{"allow":["GET"]}}],"collection":[{"href":"https:\/\/wietkoopwinkel.com\/da\/wp-json\/wp\/v2\/product"}],"about":[{"href":"https:\/\/wietkoopwinkel.com\/da\/wp-json\/wp\/v2\/types\/product"}],"replies":[{"embeddable":true,"href":"https:\/\/wietkoopwinkel.com\/da\/wp-json\/wp\/v2\/comments?post=112"}],"wp:featuredmedia":[{"embeddable":true,"href":"https:\/\/wietkoopwinkel.com\/da\/wp-json\/wp\/v2\/media\/1448"}],"wp:attachment":[{"href":"https:\/\/wietkoopwinkel.com\/da\/wp-json\/wp\/v2\/media?parent=112"}],"wp:term":[{"taxonomy":"product_cat","embeddable":true,"href":"https:\/\/wietkoopwinkel.com\/da\/wp-json\/wp\/v2\/product_cat?post=112"},{"taxonomy":"product_tag","embeddable":true,"href":"https:\/\/wietkoopwinkel.com\/da\/wp-json\/wp\/v2\/product_tag?post=112"}],"curies":[{"name":"wp","href":"https:\/\/api.w.org\/{rel}","templated":true}]}}