{"id":110,"date":"2023-09-22T11:06:27","date_gmt":"2023-09-22T11:06:27","guid":{"rendered":"https:\/\/nembutalhouse.com\/weed\/?post_type=product&#038;p=110"},"modified":"2023-10-07T09:38:27","modified_gmt":"2023-10-07T09:38:27","slug":"grand-daddy-purple","status":"publish","type":"product","link":"https:\/\/wietkoopwinkel.com\/da\/vare\/grand-daddy-purple\/","title":{"rendered":"Grand Daddy Lilla"},"content":{"rendered":"<h2>Smagen og aromaen af Granddaddy Purple<\/h2>\n<p>Granddaddy Purps har if\u00f8lge flere brugere en st\u00e6rk b\u00e6r- og druearoma. Ken Estes er derimod kendt for at sige, at GDP \"lugter lilla - jeg har altid troet, at lilla var en farve, men nu tror jeg, at det er en duft!\" Muligvis hentydede han til det, som nogle beskriver som en karakteristisk blomsterduft med antydninger af moskus, m\u00f8rk chokolade og roser.<\/p>\n<h3>Granddaddy Purple indeholder nogle af de mest velkendte terpener, bl.a:<\/h3>\n<p>(Moskus og planter) Myrcen<br \/>\n(Friske fyrren\u00e5le) Fyrretr\u00e6<br \/>\n(Peber, m\u00f8rke krydderier) Caryophyllene<br \/>\nBedstefar lilla effekter<\/p>\n<p>Granddaddy Purple har ry for at have st\u00e6rke effekter. Selv om GDP kun indeholder omkring 17% THC, skaber den en kraftig stone, der meget hurtigt begynder at p\u00e5virke krop og sind. De fleste brugere h\u00e6vder, at GDP skaber en behagelig og glad cerebral high sammen med en dybt beroligende fysisk stone, hvilket g\u00f8r den perfekt til at slappe af derhjemme, mens man nyder film, musik eller stjernekiggeri.<\/p>\n<h3>Mens alles erfaring med marihuana er unik, siger de, der bruger GDP, normalt f\u00f8lgende:<\/h3>\n<p>Slap af<br \/>\nGl\u00e6delig<br \/>\nSulten<br \/>\nS\u00f8vnig<\/p>\n<p>Udover at v\u00e6re popul\u00e6r blandt rekreative brugere er Granddaddy Purple ogs\u00e5 meget popul\u00e6r blandt holistiske cannabisbrugere, der \u00f8nsker at afhj\u00e6lpe fysisk og mental stress og appetitl\u00f8shed.<\/p>\n<h3>Som alle h\u00f8j-THC-cannabisstammer kan Granddaddy Purple for\u00e5rsage nogle u\u00f8nskede bivirkninger. Disse inkluderer:<\/h3>\n<p>T\u00f8rre \u00f8jne og t\u00f8r mund<br \/>\nSvimmelhed<\/p>","protected":false},"excerpt":{"rendered":"<p>De smaken en aroma&#8217;s van Granddaddy Purple Granddaddy Purps heeft volgens verschillende gebruikers een sterk bessen- en druivenaroma. Integendeel, Ken Estes staat bekend om zijn verklaring dat het BBP &#8220;paars ruikt &#8211; ik dacht altijd dat paars een kleur was, maar nu denk ik dat het een geur is!&#8221; Mogelijk doelde hij op wat sommige&#8230;<\/p>","protected":false},"featured_media":1449,"comment_status":"open","ping_status":"closed","template":"","meta":{"_kad_post_transparent":"default","_kad_post_title":"","_kad_post_layout":"default","_kad_post_sidebar_id":"","_kad_post_content_style":"default","_kad_post_vertical_padding":"default","_kad_post_feature":"","_kad_post_feature_position":"","_kad_post_header":false,"_kad_post_footer":false,"_joinchat":[]},"product_cat":[17],"product_tag":[],"class_list":["post-110","product","type-product","status-publish","has-post-thumbnail","hentry","product_cat-wiet","entry","content-bg","loop-entry"],"yoast_head":"<!-- This site is optimized with the Yoast SEO plugin v26.3 - https:\/\/yoast.com\/wordpress\/plugins\/seo\/ -->\n<title>Grand Daddy Purple - Wiet Koop Winkel<\/title>\n<meta name=\"robots\" content=\"index, follow, max-snippet:-1, max-image-preview:large, max-video-preview:-1\" \/>\n<link rel=\"canonical\" href=\"https:\/\/wietkoopwinkel.com\/da\/vare\/grand-daddy-purple\/\" \/>\n<meta property=\"og:locale\" content=\"da_DK\" \/>\n<meta property=\"og:type\" content=\"article\" \/>\n<meta property=\"og:title\" content=\"Grand Daddy Purple - Wiet Koop Winkel\" \/>\n<meta property=\"og:description\" content=\"De smaken en aroma&#8217;s van Granddaddy Purple Granddaddy Purps heeft volgens verschillende gebruikers een sterk bessen- en druivenaroma. Integendeel, Ken Estes staat bekend om zijn verklaring dat het BBP &#8220;paars ruikt &#8211; ik dacht altijd dat paars een kleur was, maar nu denk ik dat het een geur is!&#8221; Mogelijk doelde hij op wat sommige...\" \/>\n<meta property=\"og:url\" content=\"https:\/\/wietkoopwinkel.com\/da\/vare\/grand-daddy-purple\/\" \/>\n<meta property=\"og:site_name\" content=\"Wiet Koop Winkel\" \/>\n<meta property=\"article:modified_time\" content=\"2023-10-07T09:38:27+00:00\" \/>\n<meta property=\"og:image\" content=\"https:\/\/wietkoopwinkel.com\/wp-content\/uploads\/2023\/09\/Grand-Daddy-Purple.jpg\" \/>\n\t<meta property=\"og:image:width\" content=\"960\" \/>\n\t<meta property=\"og:image:height\" content=\"1280\" \/>\n\t<meta property=\"og:image:type\" content=\"image\/jpeg\" \/>\n<meta name=\"twitter:card\" content=\"summary_large_image\" \/>\n<meta name=\"twitter:label1\" content=\"Estimeret l\u00e6setid\" \/>\n\t<meta name=\"twitter:data1\" content=\"2 minutter\" \/>\n<script type=\"application\/ld+json\" class=\"yoast-schema-graph\">{\"@context\":\"https:\/\/schema.org\",\"@graph\":[{\"@type\":\"WebPage\",\"@id\":\"https:\/\/wietkoopwinkel.com\/product\/grand-daddy-purple\/\",\"url\":\"https:\/\/wietkoopwinkel.com\/product\/grand-daddy-purple\/\",\"name\":\"Grand Daddy Purple - Wiet Koop Winkel\",\"isPartOf\":{\"@id\":\"https:\/\/wietkoopwinkel.com\/#website\"},\"primaryImageOfPage\":{\"@id\":\"https:\/\/wietkoopwinkel.com\/product\/grand-daddy-purple\/#primaryimage\"},\"image\":{\"@id\":\"https:\/\/wietkoopwinkel.com\/product\/grand-daddy-purple\/#primaryimage\"},\"thumbnailUrl\":\"https:\/\/wietkoopwinkel.com\/wp-content\/uploads\/2023\/09\/Grand-Daddy-Purple.jpg\",\"datePublished\":\"2023-09-22T11:06:27+00:00\",\"dateModified\":\"2023-10-07T09:38:27+00:00\",\"breadcrumb\":{\"@id\":\"https:\/\/wietkoopwinkel.com\/product\/grand-daddy-purple\/#breadcrumb\"},\"inLanguage\":\"da-DK\",\"potentialAction\":[{\"@type\":\"ReadAction\",\"target\":[\"https:\/\/wietkoopwinkel.com\/product\/grand-daddy-purple\/\"]}]},{\"@type\":\"ImageObject\",\"inLanguage\":\"da-DK\",\"@id\":\"https:\/\/wietkoopwinkel.com\/product\/grand-daddy-purple\/#primaryimage\",\"url\":\"https:\/\/wietkoopwinkel.com\/wp-content\/uploads\/2023\/09\/Grand-Daddy-Purple.jpg\",\"contentUrl\":\"https:\/\/wietkoopwinkel.com\/wp-content\/uploads\/2023\/09\/Grand-Daddy-Purple.jpg\",\"width\":960,\"height\":1280,\"caption\":\"Grand Daddy Purple\"},{\"@type\":\"BreadcrumbList\",\"@id\":\"https:\/\/wietkoopwinkel.com\/product\/grand-daddy-purple\/#breadcrumb\",\"itemListElement\":[{\"@type\":\"ListItem\",\"position\":1,\"name\":\"Home\",\"item\":\"https:\/\/wietkoopwinkel.com\/\"},{\"@type\":\"ListItem\",\"position\":2,\"name\":\"Winkel\",\"item\":\"https:\/\/wietkoopwinkel.com\/winkel\/\"},{\"@type\":\"ListItem\",\"position\":3,\"name\":\"Grand Daddy Purple\"}]},{\"@type\":\"WebSite\",\"@id\":\"https:\/\/wietkoopwinkel.com\/#website\",\"url\":\"https:\/\/wietkoopwinkel.com\/\",\"name\":\"Wiet Koop Winkel\",\"description\":\"My WordPress Blog\",\"publisher\":{\"@id\":\"https:\/\/wietkoopwinkel.com\/#organization\"},\"potentialAction\":[{\"@type\":\"SearchAction\",\"target\":{\"@type\":\"EntryPoint\",\"urlTemplate\":\"https:\/\/wietkoopwinkel.com\/?s={search_term_string}\"},\"query-input\":{\"@type\":\"PropertyValueSpecification\",\"valueRequired\":true,\"valueName\":\"search_term_string\"}}],\"inLanguage\":\"da-DK\"},{\"@type\":\"Organization\",\"@id\":\"https:\/\/wietkoopwinkel.com\/#organization\",\"name\":\"Wiet Koop Winkel\",\"url\":\"https:\/\/wietkoopwinkel.com\/\",\"logo\":{\"@type\":\"ImageObject\",\"inLanguage\":\"da-DK\",\"@id\":\"https:\/\/wietkoopwinkel.com\/#\/schema\/logo\/image\/\",\"url\":\"https:\/\/wietkoopwinkel.com\/wp-content\/uploads\/2023\/10\/logo.png\",\"contentUrl\":\"https:\/\/wietkoopwinkel.com\/wp-content\/uploads\/2023\/10\/logo.png\",\"width\":400,\"height\":120,\"caption\":\"Wiet Koop Winkel\"},\"image\":{\"@id\":\"https:\/\/wietkoopwinkel.com\/#\/schema\/logo\/image\/\"}}]}<\/script>\n<!-- \/ Yoast SEO plugin. -->","yoast_head_json":{"title":"Grand Daddy Purple - Wiet Koop Winkel","robots":{"index":"index","follow":"follow","max-snippet":"max-snippet:-1","max-image-preview":"max-image-preview:large","max-video-preview":"max-video-preview:-1"},"canonical":"https:\/\/wietkoopwinkel.com\/da\/vare\/grand-daddy-purple\/","og_locale":"da_DK","og_type":"article","og_title":"Grand Daddy Purple - Wiet Koop Winkel","og_description":"De smaken en aroma&#8217;s van Granddaddy Purple Granddaddy Purps heeft volgens verschillende gebruikers een sterk bessen- en druivenaroma. Integendeel, Ken Estes staat bekend om zijn verklaring dat het BBP &#8220;paars ruikt &#8211; ik dacht altijd dat paars een kleur was, maar nu denk ik dat het een geur is!&#8221; Mogelijk doelde hij op wat sommige...","og_url":"https:\/\/wietkoopwinkel.com\/da\/vare\/grand-daddy-purple\/","og_site_name":"Wiet Koop Winkel","article_modified_time":"2023-10-07T09:38:27+00:00","og_image":[{"width":960,"height":1280,"url":"https:\/\/wietkoopwinkel.com\/wp-content\/uploads\/2023\/09\/Grand-Daddy-Purple.jpg","type":"image\/jpeg"}],"twitter_card":"summary_large_image","twitter_misc":{"Estimeret l\u00e6setid":"2 minutter"},"schema":{"@context":"https:\/\/schema.org","@graph":[{"@type":"WebPage","@id":"https:\/\/wietkoopwinkel.com\/product\/grand-daddy-purple\/","url":"https:\/\/wietkoopwinkel.com\/product\/grand-daddy-purple\/","name":"Grand Daddy Purple - Wiet Koop Winkel","isPartOf":{"@id":"https:\/\/wietkoopwinkel.com\/#website"},"primaryImageOfPage":{"@id":"https:\/\/wietkoopwinkel.com\/product\/grand-daddy-purple\/#primaryimage"},"image":{"@id":"https:\/\/wietkoopwinkel.com\/product\/grand-daddy-purple\/#primaryimage"},"thumbnailUrl":"https:\/\/wietkoopwinkel.com\/wp-content\/uploads\/2023\/09\/Grand-Daddy-Purple.jpg","datePublished":"2023-09-22T11:06:27+00:00","dateModified":"2023-10-07T09:38:27+00:00","breadcrumb":{"@id":"https:\/\/wietkoopwinkel.com\/product\/grand-daddy-purple\/#breadcrumb"},"inLanguage":"da-DK","potentialAction":[{"@type":"ReadAction","target":["https:\/\/wietkoopwinkel.com\/product\/grand-daddy-purple\/"]}]},{"@type":"ImageObject","inLanguage":"da-DK","@id":"https:\/\/wietkoopwinkel.com\/product\/grand-daddy-purple\/#primaryimage","url":"https:\/\/wietkoopwinkel.com\/wp-content\/uploads\/2023\/09\/Grand-Daddy-Purple.jpg","contentUrl":"https:\/\/wietkoopwinkel.com\/wp-content\/uploads\/2023\/09\/Grand-Daddy-Purple.jpg","width":960,"height":1280,"caption":"Grand Daddy Purple"},{"@type":"BreadcrumbList","@id":"https:\/\/wietkoopwinkel.com\/product\/grand-daddy-purple\/#breadcrumb","itemListElement":[{"@type":"ListItem","position":1,"name":"Home","item":"https:\/\/wietkoopwinkel.com\/"},{"@type":"ListItem","position":2,"name":"Winkel","item":"https:\/\/wietkoopwinkel.com\/winkel\/"},{"@type":"ListItem","position":3,"name":"Grand Daddy Purple"}]},{"@type":"WebSite","@id":"https:\/\/wietkoopwinkel.com\/#website","url":"https:\/\/wietkoopwinkel.com\/","name":"Wiet Koop Winkel","description":"My WordPress Blog","publisher":{"@id":"https:\/\/wietkoopwinkel.com\/#organization"},"potentialAction":[{"@type":"SearchAction","target":{"@type":"EntryPoint","urlTemplate":"https:\/\/wietkoopwinkel.com\/?s={search_term_string}"},"query-input":{"@type":"PropertyValueSpecification","valueRequired":true,"valueName":"search_term_string"}}],"inLanguage":"da-DK"},{"@type":"Organization","@id":"https:\/\/wietkoopwinkel.com\/#organization","name":"Wiet Koop Winkel","url":"https:\/\/wietkoopwinkel.com\/","logo":{"@type":"ImageObject","inLanguage":"da-DK","@id":"https:\/\/wietkoopwinkel.com\/#\/schema\/logo\/image\/","url":"https:\/\/wietkoopwinkel.com\/wp-content\/uploads\/2023\/10\/logo.png","contentUrl":"https:\/\/wietkoopwinkel.com\/wp-content\/uploads\/2023\/10\/logo.png","width":400,"height":120,"caption":"Wiet Koop Winkel"},"image":{"@id":"https:\/\/wietkoopwinkel.com\/#\/schema\/logo\/image\/"}}]}},"_links":{"self":[{"href":"https:\/\/wietkoopwinkel.com\/da\/wp-json\/wp\/v2\/product\/110","targetHints":{"allow":["GET"]}}],"collection":[{"href":"https:\/\/wietkoopwinkel.com\/da\/wp-json\/wp\/v2\/product"}],"about":[{"href":"https:\/\/wietkoopwinkel.com\/da\/wp-json\/wp\/v2\/types\/product"}],"replies":[{"embeddable":true,"href":"https:\/\/wietkoopwinkel.com\/da\/wp-json\/wp\/v2\/comments?post=110"}],"wp:featuredmedia":[{"embeddable":true,"href":"https:\/\/wietkoopwinkel.com\/da\/wp-json\/wp\/v2\/media\/1449"}],"wp:attachment":[{"href":"https:\/\/wietkoopwinkel.com\/da\/wp-json\/wp\/v2\/media?parent=110"}],"wp:term":[{"taxonomy":"product_cat","embeddable":true,"href":"https:\/\/wietkoopwinkel.com\/da\/wp-json\/wp\/v2\/product_cat?post=110"},{"taxonomy":"product_tag","embeddable":true,"href":"https:\/\/wietkoopwinkel.com\/da\/wp-json\/wp\/v2\/product_tag?post=110"}],"curies":[{"name":"wp","href":"https:\/\/api.w.org\/{rel}","templated":true}]}}