{"id":106,"date":"2023-09-22T11:06:16","date_gmt":"2023-09-22T11:06:16","guid":{"rendered":"https:\/\/nembutalhouse.com\/weed\/?post_type=product&#038;p=106"},"modified":"2023-10-07T09:48:15","modified_gmt":"2023-10-07T09:48:15","slug":"tropical-cherry","status":"publish","type":"product","link":"https:\/\/wietkoopwinkel.com\/da\/vare\/tropical-cherry\/","title":{"rendered":"Tropisk kirseb\u00e6r"},"content":{"rendered":"<h2>JACK SKELLINGTON: TO KOMBINEREDE DR\u00c6BERARTER<\/h2>\n<p>Opdr\u00e6tterne af denne sort arbejdede p\u00e5 Killer Queen i omkring 12 \u00e5r. Killer Queen best\u00e5r hovedsageligt af G13-genetik plus en lille m\u00e6ngde Cinderella 99. Jack Skellington blev opdaget, efter at Jack The Ripper kom ind i billedet.<\/p>\n<p>Denne hybrid af 30% indica og 70% sativa giver en euforisk rus med et h\u00f8jt THC-niveau. Smagen og duften smager af frisk lime og er ret krydret.<\/p>\n<p>Jack Skellington er en fantastisk sort til SOG-ops\u00e6tninger, men for at kontrollere dens st\u00f8rrelse skal planterne stadig toppes. Blomstringsfasen tager cirka 56 dage. Medium udbytter og rigelig harpiks p\u00e5 knopperne g\u00f8r den ideel til hashproduktion. Denne kultivar bliver us\u00e6dvanlig h\u00f8j, og avlere bruger forskellige tr\u00e6ningsmetoder for at opretholde dens h\u00f8jde. Oplev den l\u00e6kre og eksotiske Tropicana-kirseb\u00e6rsort. Du kan ikke g\u00e5 galt i byen med denne tropiske kirseb\u00e6rblomstsort. Den har en l\u00e6kker aroma og en dejlig smag, da Tropicana-kirseb\u00e6r er frugtagtige og syrlige med en dejlig kirseb\u00e6rt\u00e6rteundertone. Disse store nuggets er efter vores mening sv\u00e6re at modst\u00e5.<\/p>\n<p>Den er fristende at pr\u00f8ve p\u00e5 grund af dens frugtagtige, s\u00f8de og krydrede aroma og smag af bl\u00e5b\u00e6r og citrus. Med en 60\/40 sativa\/indica-fordeling og et gennemsnitligt THC-indhold p\u00e5 16 til 21% er Tropicana Cherry-sorten den ideelle cannabissort til indtagelse af b\u00e5de sativa-dominerende sorter og klassiske indica-hybrider.<\/p>\n<h3>Terpener i Tropicana Cherry<\/h3>\n<p>THC: 16 \u2013 21%<br \/>\nCBD: 0,5 \u2013 0,64%<br \/>\nCBC: 0,19 \u2013 0,29%<br \/>\nCBG: 0,04 \u2013 0,19%<br \/>\nCBN: 0,15 \u2013 0,27%<br \/>\nTHCV: \u2013 0,2%<br \/>\nMyrceen: 0,19%<br \/>\nGeraniol: 0,07%<br \/>\nLimoneen: 0,15%<br \/>\nLinalool: 0,16%<br \/>\nSabineen: 0,07%<br \/>\nBisabolol: 0,12%<br \/>\nTerpineol: 0,01%<br \/>\nValenceen: 0,15%<br \/>\nPhellandreen: 0,08%<\/p>\n<h3>\nEffekt og smag<\/h3>\n<p>Cherry Tropicanas knopper fremst\u00e5r sf\u00e6riske. De er enorme m\u00f8rkegr\u00f8nne plader med lilla undertoner. Knopperne har lys orange h\u00e5r og er d\u00e6kket af hvide trichomer. Kunder har ogs\u00e5 fremh\u00e6vet jordagtige, fersken-, abrikos-, citron- og kirseb\u00e6rsmag, samt frugtagtige noter, ud over de allerede n\u00e6vnte smagsnuancer.<\/p>\n<p>En beskrivelse af en cannabis-rus er et klart lys, der l\u00f8fter dig til himlen. Brugeroplevelserne er positive og gl\u00e6delige. N\u00e5r man er h\u00f8j af marihuana, er det umuligt at udf\u00f8re komplekse opgaver.<\/p>\n<p>Det er en passende mulighed for en kort g\u00e5tur. Du vil opleve en prikken under summen, men det vil ikke forhindre dig i at nyde det. Hvis du er glad, kan du grine og opfordre andre til at g\u00f8re det samme. Derudover f\u00f8ler personen en f\u00f8lelse af ro og lethed i hele kroppen. Derfor anbefaler vi, at du hydrerer dig selv grundigt. Indica-sorten Cherry Tropicana kan ogs\u00e5 g\u00f8re dig sulten.<\/p>\n<p>\ud83d\udd0d<\/p>\n<h3>Blomster<\/h3>\n<p>Tropisk kirseb\u00e6rsort<\/p>\n<p>Bed\u00f8mt 4,75 ud af 5 baseret p\u00e5 fire kundeanmeldelser<\/p>\n<p>(4 kundeanmeldelser)<\/p>\n<p>$ 260,00\u00a0\u2013\u00a0$ 2.400,00<\/p>\n<p>Toppen af formen<\/p>\n<p>Antal V\u00e6lg en mulighedOZQPHPP<\/p>\n<p>Antal tropiske kirseb\u00e6rsorter<\/p>\n<p>Kos\u00e1rba<\/p>\n<p>Onderaan het formulier<\/p>\n<p>Varenummer: M-1322 Kategori: Blomster Tags: kirseb\u00e6r trop sort, kirseb\u00e6r tropicana, kirseb\u00e6r tropicana sort, Bar Haven apotek, Fullerton apotek, Malden apotek, Nantucket apotek, Oak Lawn apotek, Ocean Beach apotek, RSO olieapotek i n\u00e6rheden af mig, trop kirseb\u00e6r, tropisk kirseb\u00e6r sort, tropiske kirseb\u00e6r, tropiske kirseb\u00e6r sorter, tropiske kirseb\u00e6r sorter, tropicana kirseb\u00e6r, tropicana kirseb\u00e6r sorter, tropicana kirseb\u00e6r, tropicana kirseb\u00e6r sorter<\/p>\n<p>Beskrivelse<\/p>\n<p>Yderligere oplysninger<\/p>\n<p>Anmeldelser (4)<\/p>\n<p>Tropisk kirseb\u00e6rsort<\/p>\n<h3>Oversigt:<\/h3>\n<p>Oplev den eksotiske og l\u00e6kre Tropicana Cherry-sort. N\u00e5r det kommer til blomster, kan du aldrig g\u00e5 galt i byen med den tropiske kirseb\u00e6rsort. Det er en dejlig duft, og smagen er l\u00e6skende, da Tropicana-kirseb\u00e6r er frugtagtige og syrlige med l\u00e6kre undertoner af kirseb\u00e6rt\u00e6rte. Vi tror, du vil finde disse store knopper ret sv\u00e6re at modst\u00e5.<br \/>\nMed sin s\u00f8de, syrlige og frugtagtige aroma, sammen med antydninger af bl\u00e5b\u00e6r og citrus, er den et fors\u00f8g v\u00e6rd. Tropicana Cherry-sorten kan prale af et sativa\/indica-forhold p\u00e5 60\/40 og et gennemsnitligt THC-niveau p\u00e5 16 til 21%, hvilket g\u00f8r den perfekt til at nyde b\u00e5de en sativa-domineret sort og en traditionel indica-hybrid.<\/p>\n<h3>Terpener i Tropicana Cherry<\/h3>\n<p>THC: 16 \u2013 21%<br \/>\nCBD: 0,5 \u2013 0,64%<br \/>\nCBC: 0,19 \u2013 0,29%<br \/>\nCBG: 0,04 \u2013 0,19%<br \/>\nCBN: 0,15 \u2013 0,27%<br \/>\nTHCV: \u2013 0,2%<br \/>\nMyrceen: 0,19%<br \/>\nGeraniol: 0,07%<br \/>\nLimoneen: 0,15%<br \/>\nLinalool: 0,16%<br \/>\nSabineen: 0,07%<br \/>\nBisabolol: 0,12%<br \/>\nTerpineol: 0,01%<br \/>\nValenceen: 0,15%<br \/>\nPhellandreen: 0,08%<\/p>\n<h3>Effekter og smag<\/h3>\n<p>Cherry Tropicanas knopper fremst\u00e5r sf\u00e6riske. De er enorme m\u00f8rkegr\u00f8nne plader med lilla undertoner. Knopperne har lys orange h\u00e5r og er d\u00e6kket af hvide trichomer. Kunder har ogs\u00e5 fremh\u00e6vet jordagtige, fersken-, abrikos-, citron- og kirseb\u00e6rsmag, samt frugtagtige noter, ud over de allerede n\u00e6vnte smagsnuancer.<br \/>\nCannabis-rusen beskrives som et bl\u00e6ndende lys, der tager dig til himlen. Effekterne er muntre og opl\u00f8ftende for brugerne. Komplekse opgaver kan ikke udf\u00f8res, mens man er h\u00f8j p\u00e5 marihuana.<br \/>\nDet er et godt valg til en let g\u00e5tur. Du vil m\u00e6rke en prikken under summen, men det vil ikke \u00f8del\u00e6gge din nydelse. Du kan grine og inspirere andre til at g\u00f8re det samme, n\u00e5r du er i godt hum\u00f8r. Samtidig f\u00f8ler brugeren en f\u00f8lelse af lethed og ro i hele kroppen. Derfor anbefaler vi at holde sig godt hydreret. Cherry Tropicana-sortens indica-natur kan ogs\u00e5 g\u00f8re dig sulten.<\/p>\n<h3>Medicinsk v\u00e6rdi<br \/>\nDenne art hj\u00e6lper med at h\u00e5ndtere:<\/h3>\n<p>Tr\u00e6thed<br \/>\nSp\u00e6ndende<br \/>\nDepression<br \/>\nSp\u00e6ndende<br \/>\nAlvorlige hum\u00f8rsvingninger<br \/>\nDet giver dig det \u00f8nskede resultat af nydelse og smertelindring og er velegnet til b\u00e5de begyndere og erfarne vapers eller edibles.<\/p>","protected":false},"excerpt":{"rendered":"<p>JACK SKELLINGTON: TWEE GECOMBINEERDE KILLER-SOORTEN De veredelaars van deze soort hebben ongeveer twaalf jaar aan Killer Queen gewerkt. Killer Queen bestaat voornamelijk uit G13-genetica, plus een kleine hoeveelheid Cinderella 99. Jack Skellington werd ontdekt nadat Jack The Ripper in beeld kwam. Deze hybride van 30% indica en 70% sativa produceert euforische highs met hoge THC-niveaus&#8230;.<\/p>","protected":false},"featured_media":1451,"comment_status":"open","ping_status":"closed","template":"","meta":{"_kad_post_transparent":"default","_kad_post_title":"","_kad_post_layout":"default","_kad_post_sidebar_id":"","_kad_post_content_style":"default","_kad_post_vertical_padding":"default","_kad_post_feature":"","_kad_post_feature_position":"","_kad_post_header":false,"_kad_post_footer":false,"_joinchat":[]},"product_cat":[17],"product_tag":[],"class_list":["post-106","product","type-product","status-publish","has-post-thumbnail","hentry","product_cat-wiet","entry","content-bg","loop-entry"],"yoast_head":"<!-- This site is optimized with the Yoast SEO plugin v26.3 - https:\/\/yoast.com\/wordpress\/plugins\/seo\/ -->\n<title>Tropical Cherry - Wiet Koop Winkel<\/title>\n<meta name=\"robots\" content=\"index, follow, max-snippet:-1, max-image-preview:large, max-video-preview:-1\" \/>\n<link rel=\"canonical\" href=\"https:\/\/wietkoopwinkel.com\/da\/vare\/tropical-cherry\/\" \/>\n<meta property=\"og:locale\" content=\"da_DK\" \/>\n<meta property=\"og:type\" content=\"article\" \/>\n<meta property=\"og:title\" content=\"Tropical Cherry - Wiet Koop Winkel\" \/>\n<meta property=\"og:description\" content=\"JACK SKELLINGTON: TWEE GECOMBINEERDE KILLER-SOORTEN De veredelaars van deze soort hebben ongeveer twaalf jaar aan Killer Queen gewerkt. Killer Queen bestaat voornamelijk uit G13-genetica, plus een kleine hoeveelheid Cinderella 99. Jack Skellington werd ontdekt nadat Jack The Ripper in beeld kwam. Deze hybride van 30% indica en 70% sativa produceert euforische highs met hoge THC-niveaus....\" \/>\n<meta property=\"og:url\" content=\"https:\/\/wietkoopwinkel.com\/da\/vare\/tropical-cherry\/\" \/>\n<meta property=\"og:site_name\" content=\"Wiet Koop Winkel\" \/>\n<meta property=\"article:modified_time\" content=\"2023-10-07T09:48:15+00:00\" \/>\n<meta property=\"og:image\" content=\"https:\/\/wietkoopwinkel.com\/wp-content\/uploads\/2023\/09\/Tropical-Cherry-1.jpg\" \/>\n\t<meta property=\"og:image:width\" content=\"960\" \/>\n\t<meta property=\"og:image:height\" content=\"1280\" \/>\n\t<meta property=\"og:image:type\" content=\"image\/jpeg\" \/>\n<meta name=\"twitter:card\" content=\"summary_large_image\" \/>\n<meta name=\"twitter:label1\" content=\"Estimeret l\u00e6setid\" \/>\n\t<meta name=\"twitter:data1\" content=\"4 minutter\" \/>\n<script type=\"application\/ld+json\" class=\"yoast-schema-graph\">{\"@context\":\"https:\/\/schema.org\",\"@graph\":[{\"@type\":\"WebPage\",\"@id\":\"https:\/\/wietkoopwinkel.com\/product\/tropical-cherry\/\",\"url\":\"https:\/\/wietkoopwinkel.com\/product\/tropical-cherry\/\",\"name\":\"Tropical Cherry - Wiet Koop Winkel\",\"isPartOf\":{\"@id\":\"https:\/\/wietkoopwinkel.com\/#website\"},\"primaryImageOfPage\":{\"@id\":\"https:\/\/wietkoopwinkel.com\/product\/tropical-cherry\/#primaryimage\"},\"image\":{\"@id\":\"https:\/\/wietkoopwinkel.com\/product\/tropical-cherry\/#primaryimage\"},\"thumbnailUrl\":\"https:\/\/wietkoopwinkel.com\/wp-content\/uploads\/2023\/09\/Tropical-Cherry-1.jpg\",\"datePublished\":\"2023-09-22T11:06:16+00:00\",\"dateModified\":\"2023-10-07T09:48:15+00:00\",\"breadcrumb\":{\"@id\":\"https:\/\/wietkoopwinkel.com\/product\/tropical-cherry\/#breadcrumb\"},\"inLanguage\":\"da-DK\",\"potentialAction\":[{\"@type\":\"ReadAction\",\"target\":[\"https:\/\/wietkoopwinkel.com\/product\/tropical-cherry\/\"]}]},{\"@type\":\"ImageObject\",\"inLanguage\":\"da-DK\",\"@id\":\"https:\/\/wietkoopwinkel.com\/product\/tropical-cherry\/#primaryimage\",\"url\":\"https:\/\/wietkoopwinkel.com\/wp-content\/uploads\/2023\/09\/Tropical-Cherry-1.jpg\",\"contentUrl\":\"https:\/\/wietkoopwinkel.com\/wp-content\/uploads\/2023\/09\/Tropical-Cherry-1.jpg\",\"width\":960,\"height\":1280,\"caption\":\"Tropical Cherry\"},{\"@type\":\"BreadcrumbList\",\"@id\":\"https:\/\/wietkoopwinkel.com\/product\/tropical-cherry\/#breadcrumb\",\"itemListElement\":[{\"@type\":\"ListItem\",\"position\":1,\"name\":\"Home\",\"item\":\"https:\/\/wietkoopwinkel.com\/\"},{\"@type\":\"ListItem\",\"position\":2,\"name\":\"Winkel\",\"item\":\"https:\/\/wietkoopwinkel.com\/winkel\/\"},{\"@type\":\"ListItem\",\"position\":3,\"name\":\"Tropical Cherry\"}]},{\"@type\":\"WebSite\",\"@id\":\"https:\/\/wietkoopwinkel.com\/#website\",\"url\":\"https:\/\/wietkoopwinkel.com\/\",\"name\":\"Wiet Koop Winkel\",\"description\":\"My WordPress Blog\",\"publisher\":{\"@id\":\"https:\/\/wietkoopwinkel.com\/#organization\"},\"potentialAction\":[{\"@type\":\"SearchAction\",\"target\":{\"@type\":\"EntryPoint\",\"urlTemplate\":\"https:\/\/wietkoopwinkel.com\/?s={search_term_string}\"},\"query-input\":{\"@type\":\"PropertyValueSpecification\",\"valueRequired\":true,\"valueName\":\"search_term_string\"}}],\"inLanguage\":\"da-DK\"},{\"@type\":\"Organization\",\"@id\":\"https:\/\/wietkoopwinkel.com\/#organization\",\"name\":\"Wiet Koop Winkel\",\"url\":\"https:\/\/wietkoopwinkel.com\/\",\"logo\":{\"@type\":\"ImageObject\",\"inLanguage\":\"da-DK\",\"@id\":\"https:\/\/wietkoopwinkel.com\/#\/schema\/logo\/image\/\",\"url\":\"https:\/\/wietkoopwinkel.com\/wp-content\/uploads\/2023\/10\/logo.png\",\"contentUrl\":\"https:\/\/wietkoopwinkel.com\/wp-content\/uploads\/2023\/10\/logo.png\",\"width\":400,\"height\":120,\"caption\":\"Wiet Koop Winkel\"},\"image\":{\"@id\":\"https:\/\/wietkoopwinkel.com\/#\/schema\/logo\/image\/\"}}]}<\/script>\n<!-- \/ Yoast SEO plugin. -->","yoast_head_json":{"title":"Tropical Cherry - Wiet Koop Winkel","robots":{"index":"index","follow":"follow","max-snippet":"max-snippet:-1","max-image-preview":"max-image-preview:large","max-video-preview":"max-video-preview:-1"},"canonical":"https:\/\/wietkoopwinkel.com\/da\/vare\/tropical-cherry\/","og_locale":"da_DK","og_type":"article","og_title":"Tropical Cherry - Wiet Koop Winkel","og_description":"JACK SKELLINGTON: TWEE GECOMBINEERDE KILLER-SOORTEN De veredelaars van deze soort hebben ongeveer twaalf jaar aan Killer Queen gewerkt. Killer Queen bestaat voornamelijk uit G13-genetica, plus een kleine hoeveelheid Cinderella 99. Jack Skellington werd ontdekt nadat Jack The Ripper in beeld kwam. Deze hybride van 30% indica en 70% sativa produceert euforische highs met hoge THC-niveaus....","og_url":"https:\/\/wietkoopwinkel.com\/da\/vare\/tropical-cherry\/","og_site_name":"Wiet Koop Winkel","article_modified_time":"2023-10-07T09:48:15+00:00","og_image":[{"width":960,"height":1280,"url":"https:\/\/wietkoopwinkel.com\/wp-content\/uploads\/2023\/09\/Tropical-Cherry-1.jpg","type":"image\/jpeg"}],"twitter_card":"summary_large_image","twitter_misc":{"Estimeret l\u00e6setid":"4 minutter"},"schema":{"@context":"https:\/\/schema.org","@graph":[{"@type":"WebPage","@id":"https:\/\/wietkoopwinkel.com\/product\/tropical-cherry\/","url":"https:\/\/wietkoopwinkel.com\/product\/tropical-cherry\/","name":"Tropical Cherry - Wiet Koop Winkel","isPartOf":{"@id":"https:\/\/wietkoopwinkel.com\/#website"},"primaryImageOfPage":{"@id":"https:\/\/wietkoopwinkel.com\/product\/tropical-cherry\/#primaryimage"},"image":{"@id":"https:\/\/wietkoopwinkel.com\/product\/tropical-cherry\/#primaryimage"},"thumbnailUrl":"https:\/\/wietkoopwinkel.com\/wp-content\/uploads\/2023\/09\/Tropical-Cherry-1.jpg","datePublished":"2023-09-22T11:06:16+00:00","dateModified":"2023-10-07T09:48:15+00:00","breadcrumb":{"@id":"https:\/\/wietkoopwinkel.com\/product\/tropical-cherry\/#breadcrumb"},"inLanguage":"da-DK","potentialAction":[{"@type":"ReadAction","target":["https:\/\/wietkoopwinkel.com\/product\/tropical-cherry\/"]}]},{"@type":"ImageObject","inLanguage":"da-DK","@id":"https:\/\/wietkoopwinkel.com\/product\/tropical-cherry\/#primaryimage","url":"https:\/\/wietkoopwinkel.com\/wp-content\/uploads\/2023\/09\/Tropical-Cherry-1.jpg","contentUrl":"https:\/\/wietkoopwinkel.com\/wp-content\/uploads\/2023\/09\/Tropical-Cherry-1.jpg","width":960,"height":1280,"caption":"Tropical Cherry"},{"@type":"BreadcrumbList","@id":"https:\/\/wietkoopwinkel.com\/product\/tropical-cherry\/#breadcrumb","itemListElement":[{"@type":"ListItem","position":1,"name":"Home","item":"https:\/\/wietkoopwinkel.com\/"},{"@type":"ListItem","position":2,"name":"Winkel","item":"https:\/\/wietkoopwinkel.com\/winkel\/"},{"@type":"ListItem","position":3,"name":"Tropical Cherry"}]},{"@type":"WebSite","@id":"https:\/\/wietkoopwinkel.com\/#website","url":"https:\/\/wietkoopwinkel.com\/","name":"Wiet Koop Winkel","description":"My WordPress Blog","publisher":{"@id":"https:\/\/wietkoopwinkel.com\/#organization"},"potentialAction":[{"@type":"SearchAction","target":{"@type":"EntryPoint","urlTemplate":"https:\/\/wietkoopwinkel.com\/?s={search_term_string}"},"query-input":{"@type":"PropertyValueSpecification","valueRequired":true,"valueName":"search_term_string"}}],"inLanguage":"da-DK"},{"@type":"Organization","@id":"https:\/\/wietkoopwinkel.com\/#organization","name":"Wiet Koop Winkel","url":"https:\/\/wietkoopwinkel.com\/","logo":{"@type":"ImageObject","inLanguage":"da-DK","@id":"https:\/\/wietkoopwinkel.com\/#\/schema\/logo\/image\/","url":"https:\/\/wietkoopwinkel.com\/wp-content\/uploads\/2023\/10\/logo.png","contentUrl":"https:\/\/wietkoopwinkel.com\/wp-content\/uploads\/2023\/10\/logo.png","width":400,"height":120,"caption":"Wiet Koop Winkel"},"image":{"@id":"https:\/\/wietkoopwinkel.com\/#\/schema\/logo\/image\/"}}]}},"_links":{"self":[{"href":"https:\/\/wietkoopwinkel.com\/da\/wp-json\/wp\/v2\/product\/106","targetHints":{"allow":["GET"]}}],"collection":[{"href":"https:\/\/wietkoopwinkel.com\/da\/wp-json\/wp\/v2\/product"}],"about":[{"href":"https:\/\/wietkoopwinkel.com\/da\/wp-json\/wp\/v2\/types\/product"}],"replies":[{"embeddable":true,"href":"https:\/\/wietkoopwinkel.com\/da\/wp-json\/wp\/v2\/comments?post=106"}],"wp:featuredmedia":[{"embeddable":true,"href":"https:\/\/wietkoopwinkel.com\/da\/wp-json\/wp\/v2\/media\/1451"}],"wp:attachment":[{"href":"https:\/\/wietkoopwinkel.com\/da\/wp-json\/wp\/v2\/media?parent=106"}],"wp:term":[{"taxonomy":"product_cat","embeddable":true,"href":"https:\/\/wietkoopwinkel.com\/da\/wp-json\/wp\/v2\/product_cat?post=106"},{"taxonomy":"product_tag","embeddable":true,"href":"https:\/\/wietkoopwinkel.com\/da\/wp-json\/wp\/v2\/product_tag?post=106"}],"curies":[{"name":"wp","href":"https:\/\/api.w.org\/{rel}","templated":true}]}}